{"id":769,"date":"2019-10-21T15:12:07","date_gmt":"2019-10-21T13:12:07","guid":{"rendered":"https:\/\/schmale-logtec.de\/es\/?page_id=769"},"modified":"2020-01-09T11:12:01","modified_gmt":"2020-01-09T10:12:01","slug":"servicios","status":"publish","type":"page","link":"https:\/\/schmale-logtec.de\/es\/servicios\/","title":{"rendered":"Servicios"},"content":{"rendered":"\n<style type=\"text\/css\" data-created_by=\"avia_inline_auto\" id=\"style-css-av-k20fs7ms-9c3679bd1d808032eb8efc3e7847a781\">\n#top .av-special-heading.av-k20fs7ms-9c3679bd1d808032eb8efc3e7847a781{\npadding-bottom:0;\n}\nbody .av-special-heading.av-k20fs7ms-9c3679bd1d808032eb8efc3e7847a781 .av-special-heading-tag .heading-char{\nfont-size:25px;\n}\n.av-special-heading.av-k20fs7ms-9c3679bd1d808032eb8efc3e7847a781 .av-subheading{\nfont-size:15px;\n}\n<\/style>\n<div  class='av-special-heading av-k20fs7ms-9c3679bd1d808032eb8efc3e7847a781 av-special-heading-h2 blockquote modern-quote modern-centered  avia-builder-el-0  el_before_av_hr  avia-builder-el-first '><h2 class='av-special-heading-tag '  itemprop=\"headline\"  >Nuestros servicios<\/h2><div class=\"special-heading-border\"><div class=\"special-heading-inner-border\"><\/div><\/div><\/div>\n\n<style type=\"text\/css\" data-created_by=\"avia_inline_auto\" id=\"style-css-av-729c5-0a2b4a119675d36827db5f891f31735e\">\n#top .hr.av-729c5-0a2b4a119675d36827db5f891f31735e{\nmargin-top:5px;\nmargin-bottom:35px;\n}\n.hr.av-729c5-0a2b4a119675d36827db5f891f31735e .hr-inner{\nwidth:50px;\nborder-color:#efbb20;\n}\n<\/style>\n<div  class='hr av-729c5-0a2b4a119675d36827db5f891f31735e hr-custom  avia-builder-el-1  el_after_av_heading  el_before_av_one_half  hr-center hr-icon-no'><span class='hr-inner inner-border-av-border-fat'><span class=\"hr-inner-style\"><\/span><\/span><\/div>\n\n<style type=\"text\/css\" data-created_by=\"avia_inline_auto\" id=\"style-css-av-656lh-507b94b365de7631fa970e944b94fe30\">\n.flex_column.av-656lh-507b94b365de7631fa970e944b94fe30{\nborder-radius:0px 0px 0px 0px;\npadding:0px 0px 0px 0px;\n}\n<\/style>\n<div  class='flex_column av-656lh-507b94b365de7631fa970e944b94fe30 av_one_half  avia-builder-el-2  el_after_av_hr  el_before_av_one_half  first flex_column_div av-animated-generic bottom-to-top av-zero-column-padding  '     ><p>\n<style type=\"text\/css\" data-created_by=\"avia_inline_auto\" id=\"style-css-av-jisp-e0169749bb2a441532e3de75e5b82f52\">\n.avia-image-container.av-jisp-e0169749bb2a441532e3de75e5b82f52 img.avia_image{\nbox-shadow:none;\n}\n.avia-image-container.av-jisp-e0169749bb2a441532e3de75e5b82f52 .av-image-caption-overlay-center{\ncolor:#ffffff;\n}\n<\/style>\n<div  class='avia-image-container av-jisp-e0169749bb2a441532e3de75e5b82f52 av-styling-no-styling av-img-linked avia-align-center  avia-builder-el-3  el_before_av_heading  avia-builder-el-first '   itemprop=\"image\" itemscope=\"itemscope\" itemtype=\"https:\/\/schema.org\/ImageObject\" ><div class=\"avia-image-container-inner\"><div class=\"avia-image-overlay-wrap\"><img decoding=\"async\" fetchpriority=\"high\" class='wp-image-498 avia-img-lazy-loading-not-498 avia_image ' src=\"https:\/\/schmale-logtec.de\/es\/wp-content\/uploads\/sites\/8\/2018\/03\/konstruktion_intralogistik_schmale_logtec-2.jpg\" alt='konstruktion intralogistik schmale logtec' title=''  height=\"630\" width=\"1500\"  itemprop=\"thumbnailUrl\" srcset=\"https:\/\/schmale-logtec.de\/es\/wp-content\/uploads\/sites\/8\/2018\/03\/konstruktion_intralogistik_schmale_logtec-2.jpg 1500w, https:\/\/schmale-logtec.de\/es\/wp-content\/uploads\/sites\/8\/2018\/03\/konstruktion_intralogistik_schmale_logtec-2-300x126.jpg 300w, https:\/\/schmale-logtec.de\/es\/wp-content\/uploads\/sites\/8\/2018\/03\/konstruktion_intralogistik_schmale_logtec-2-768x323.jpg 768w, https:\/\/schmale-logtec.de\/es\/wp-content\/uploads\/sites\/8\/2018\/03\/konstruktion_intralogistik_schmale_logtec-2-1024x430.jpg 1024w, https:\/\/schmale-logtec.de\/es\/wp-content\/uploads\/sites\/8\/2018\/03\/konstruktion_intralogistik_schmale_logtec-2-705x296.jpg 705w, https:\/\/schmale-logtec.de\/es\/wp-content\/uploads\/sites\/8\/2018\/03\/konstruktion_intralogistik_schmale_logtec-2-450x189.jpg 450w\" sizes=\"(max-width: 1500px) 100vw, 1500px\" \/><\/div><\/div><\/div><br \/>\n\n<style type=\"text\/css\" data-created_by=\"avia_inline_auto\" id=\"style-css-av-k20fsj9r-69b9b319d1b2caa44ecd0f3f79fb28e0\">\n#top .av-special-heading.av-k20fsj9r-69b9b319d1b2caa44ecd0f3f79fb28e0{\npadding-bottom:0;\n}\nbody .av-special-heading.av-k20fsj9r-69b9b319d1b2caa44ecd0f3f79fb28e0 .av-special-heading-tag .heading-char{\nfont-size:25px;\n}\n.av-special-heading.av-k20fsj9r-69b9b319d1b2caa44ecd0f3f79fb28e0 .av-subheading{\nfont-size:15px;\n}\n<\/style>\n<div  class='av-special-heading av-k20fsj9r-69b9b319d1b2caa44ecd0f3f79fb28e0 av-special-heading-h3 blockquote modern-quote  avia-builder-el-4  el_after_av_image  el_before_av_hr '><h3 class='av-special-heading-tag '  itemprop=\"headline\"  >Dise\u00f1o<\/h3><div class=\"special-heading-border\"><div class=\"special-heading-inner-border\"><\/div><\/div><\/div><br \/>\n\n<style type=\"text\/css\" data-created_by=\"avia_inline_auto\" id=\"style-css-av-4co7x-bcad598e599f2ebef18fe71ef4831205\">\n#top .hr.av-4co7x-bcad598e599f2ebef18fe71ef4831205{\nmargin-top:10px;\nmargin-bottom:10px;\n}\n.hr.av-4co7x-bcad598e599f2ebef18fe71ef4831205 .hr-inner{\nwidth:50px;\nborder-color:#efbb20;\n}\n<\/style>\n<div  class='hr av-4co7x-bcad598e599f2ebef18fe71ef4831205 hr-custom  avia-builder-el-5  el_after_av_heading  el_before_av_textblock  hr-left hr-icon-no'><span class='hr-inner inner-border-av-border-fat'><span class=\"hr-inner-style\"><\/span><\/span><\/div><br \/>\n<section  class='av_textblock_section av-43icx-96309f0d89ebbd664d06c4b3f66a95a6 '   itemscope=\"itemscope\" itemtype=\"https:\/\/schema.org\/CreativeWork\" ><div class='avia_textblock'  itemprop=\"text\" ><p>SCHMALE LOGTEC realiza el dise\u00f1o de sistemas de intralog\u00edstica para clientes internacionales.<\/p>\n<\/div><\/section><\/p><\/div>\n<style type=\"text\/css\" data-created_by=\"avia_inline_auto\" id=\"style-css-av-3a2el-b0d845057ad921c0e89527d37e7021e3\">\n.flex_column.av-3a2el-b0d845057ad921c0e89527d37e7021e3{\nborder-radius:0px 0px 0px 0px;\npadding:0px 0px 0px 0px;\n}\n<\/style>\n<div  class='flex_column av-3a2el-b0d845057ad921c0e89527d37e7021e3 av_one_half  avia-builder-el-7  el_after_av_one_half  avia-builder-el-last  flex_column_div av-animated-generic bottom-to-top av-zero-column-padding  '     ><p>\n<style type=\"text\/css\" data-created_by=\"avia_inline_auto\" id=\"style-css-av-2msd5-dd79250a9cb437a774e2d2c028873370\">\n.avia-image-container.av-2msd5-dd79250a9cb437a774e2d2c028873370 img.avia_image{\nbox-shadow:none;\n}\n.avia-image-container.av-2msd5-dd79250a9cb437a774e2d2c028873370 .av-image-caption-overlay-center{\ncolor:#ffffff;\n}\n<\/style>\n<div  class='avia-image-container av-2msd5-dd79250a9cb437a774e2d2c028873370 av-styling-no-styling av-img-linked avia-align-center  avia-builder-el-8  el_before_av_heading  avia-builder-el-first '   itemprop=\"image\" itemscope=\"itemscope\" itemtype=\"https:\/\/schema.org\/ImageObject\" ><div class=\"avia-image-container-inner\"><div class=\"avia-image-overlay-wrap\"><img decoding=\"async\" fetchpriority=\"high\" class='wp-image-414 avia-img-lazy-loading-not-414 avia_image ' src=\"https:\/\/schmale-logtec.de\/es\/wp-content\/uploads\/sites\/8\/2018\/03\/produktion_intralogistik_schmale_logtec.jpg\" alt='produktion intralogistik schmale logtec' title=''  height=\"630\" width=\"1500\"  itemprop=\"thumbnailUrl\" srcset=\"https:\/\/schmale-logtec.de\/es\/wp-content\/uploads\/sites\/8\/2018\/03\/produktion_intralogistik_schmale_logtec.jpg 1500w, https:\/\/schmale-logtec.de\/es\/wp-content\/uploads\/sites\/8\/2018\/03\/produktion_intralogistik_schmale_logtec-300x126.jpg 300w, https:\/\/schmale-logtec.de\/es\/wp-content\/uploads\/sites\/8\/2018\/03\/produktion_intralogistik_schmale_logtec-768x323.jpg 768w, https:\/\/schmale-logtec.de\/es\/wp-content\/uploads\/sites\/8\/2018\/03\/produktion_intralogistik_schmale_logtec-1024x430.jpg 1024w, https:\/\/schmale-logtec.de\/es\/wp-content\/uploads\/sites\/8\/2018\/03\/produktion_intralogistik_schmale_logtec-705x296.jpg 705w, https:\/\/schmale-logtec.de\/es\/wp-content\/uploads\/sites\/8\/2018\/03\/produktion_intralogistik_schmale_logtec-450x189.jpg 450w\" sizes=\"(max-width: 1500px) 100vw, 1500px\" \/><\/div><\/div><\/div><br \/>\n\n<style type=\"text\/css\" data-created_by=\"avia_inline_auto\" id=\"style-css-av-k20fte5v-5dd2499a501581475e489482aee43a3c\">\n#top .av-special-heading.av-k20fte5v-5dd2499a501581475e489482aee43a3c{\npadding-bottom:0;\n}\nbody .av-special-heading.av-k20fte5v-5dd2499a501581475e489482aee43a3c .av-special-heading-tag .heading-char{\nfont-size:25px;\n}\n.av-special-heading.av-k20fte5v-5dd2499a501581475e489482aee43a3c .av-subheading{\nfont-size:15px;\n}\n<\/style>\n<div  class='av-special-heading av-k20fte5v-5dd2499a501581475e489482aee43a3c av-special-heading-h3 blockquote modern-quote  avia-builder-el-9  el_after_av_image  el_before_av_hr '><h3 class='av-special-heading-tag '  itemprop=\"headline\"  >Fabricaci\u00f3n<\/h3><div class=\"special-heading-border\"><div class=\"special-heading-inner-border\"><\/div><\/div><\/div><br \/>\n\n<style type=\"text\/css\" data-created_by=\"avia_inline_auto\" id=\"style-css-av-648h-731f75e6dca17209949c45a8f846e11d\">\n#top .hr.av-648h-731f75e6dca17209949c45a8f846e11d{\nmargin-top:10px;\nmargin-bottom:10px;\n}\n.hr.av-648h-731f75e6dca17209949c45a8f846e11d .hr-inner{\nwidth:50px;\nborder-color:#efbb20;\n}\n<\/style>\n<div  class='hr av-648h-731f75e6dca17209949c45a8f846e11d hr-custom  avia-builder-el-10  el_after_av_heading  el_before_av_textblock  hr-left hr-icon-no'><span class='hr-inner inner-border-av-border-fat'><span class=\"hr-inner-style\"><\/span><\/span><\/div><br \/>\n<section  class='av_textblock_section av-omld-3059539048ec7571f5553ba57711b096 '   itemscope=\"itemscope\" itemtype=\"https:\/\/schema.org\/CreativeWork\" ><div class='avia_textblock'  itemprop=\"text\" ><p>En 2017, SCHMALE LOGTEC uni\u00f3 el dise\u00f1o, la fabricaci\u00f3n y el almacenaje en su actual sede. En 7.000 metros cuadrados, se construy\u00f3 un complejo de edificios con 1.800 metros cuadrados de producci\u00f3n y almac\u00e9n y 270 metros cuadrados de espacio de oficinas.<\/p>\n<\/div><\/section><\/p><\/div><\/p>\n","protected":false},"excerpt":{"rendered":"","protected":false},"author":1,"featured_media":0,"parent":0,"menu_order":0,"comment_status":"closed","ping_status":"closed","template":"","meta":{"inline_featured_image":false,"footnotes":""},"class_list":["post-769","page","type-page","status-publish","hentry"],"yoast_head":"<!-- This site is optimized with the Yoast SEO plugin v26.3 - https:\/\/yoast.com\/wordpress\/plugins\/seo\/ -->\n<title>Servicios - SCHMALE LOGTEC ES<\/title>\n<meta name=\"robots\" content=\"index, follow, max-snippet:-1, max-image-preview:large, max-video-preview:-1\" \/>\n<link rel=\"canonical\" href=\"https:\/\/schmale-logtec.de\/es\/servicios\/\" \/>\n<meta property=\"og:locale\" content=\"de_DE\" \/>\n<meta property=\"og:type\" content=\"article\" \/>\n<meta property=\"og:title\" content=\"Servicios - SCHMALE LOGTEC ES\" \/>\n<meta property=\"og:url\" content=\"https:\/\/schmale-logtec.de\/es\/servicios\/\" \/>\n<meta property=\"og:site_name\" content=\"SCHMALE LOGTEC ES\" \/>\n<meta property=\"article:modified_time\" content=\"2020-01-09T10:12:01+00:00\" \/>\n<meta name=\"twitter:card\" content=\"summary_large_image\" \/>\n<meta name=\"twitter:label1\" content=\"Gesch\u00e4tzte Lesezeit\" \/>\n\t<meta name=\"twitter:data1\" content=\"4\u00a0Minuten\" \/>\n<script type=\"application\/ld+json\" class=\"yoast-schema-graph\">{\"@context\":\"https:\/\/schema.org\",\"@graph\":[{\"@type\":\"WebPage\",\"@id\":\"https:\/\/schmale-logtec.de\/es\/servicios\/\",\"url\":\"https:\/\/schmale-logtec.de\/es\/servicios\/\",\"name\":\"Servicios - SCHMALE LOGTEC ES\",\"isPartOf\":{\"@id\":\"https:\/\/schmale-logtec.de\/es\/#website\"},\"datePublished\":\"2019-10-21T13:12:07+00:00\",\"dateModified\":\"2020-01-09T10:12:01+00:00\",\"breadcrumb\":{\"@id\":\"https:\/\/schmale-logtec.de\/es\/servicios\/#breadcrumb\"},\"inLanguage\":\"de\",\"potentialAction\":[{\"@type\":\"ReadAction\",\"target\":[\"https:\/\/schmale-logtec.de\/es\/servicios\/\"]}]},{\"@type\":\"BreadcrumbList\",\"@id\":\"https:\/\/schmale-logtec.de\/es\/servicios\/#breadcrumb\",\"itemListElement\":[{\"@type\":\"ListItem\",\"position\":1,\"name\":\"Startseite\",\"item\":\"https:\/\/schmale-logtec.de\/es\/\"},{\"@type\":\"ListItem\",\"position\":2,\"name\":\"Servicios\"}]},{\"@type\":\"WebSite\",\"@id\":\"https:\/\/schmale-logtec.de\/es\/#website\",\"url\":\"https:\/\/schmale-logtec.de\/es\/\",\"name\":\"SCHMALE LOGTEC ES\",\"description\":\"\",\"potentialAction\":[{\"@type\":\"SearchAction\",\"target\":{\"@type\":\"EntryPoint\",\"urlTemplate\":\"https:\/\/schmale-logtec.de\/es\/?s={search_term_string}\"},\"query-input\":{\"@type\":\"PropertyValueSpecification\",\"valueRequired\":true,\"valueName\":\"search_term_string\"}}],\"inLanguage\":\"de\"}]}<\/script>\n<!-- \/ Yoast SEO plugin. -->","yoast_head_json":{"title":"Servicios - SCHMALE LOGTEC ES","robots":{"index":"index","follow":"follow","max-snippet":"max-snippet:-1","max-image-preview":"max-image-preview:large","max-video-preview":"max-video-preview:-1"},"canonical":"https:\/\/schmale-logtec.de\/es\/servicios\/","og_locale":"de_DE","og_type":"article","og_title":"Servicios - SCHMALE LOGTEC ES","og_url":"https:\/\/schmale-logtec.de\/es\/servicios\/","og_site_name":"SCHMALE LOGTEC ES","article_modified_time":"2020-01-09T10:12:01+00:00","twitter_card":"summary_large_image","twitter_misc":{"Gesch\u00e4tzte Lesezeit":"4\u00a0Minuten"},"schema":{"@context":"https:\/\/schema.org","@graph":[{"@type":"WebPage","@id":"https:\/\/schmale-logtec.de\/es\/servicios\/","url":"https:\/\/schmale-logtec.de\/es\/servicios\/","name":"Servicios - SCHMALE LOGTEC ES","isPartOf":{"@id":"https:\/\/schmale-logtec.de\/es\/#website"},"datePublished":"2019-10-21T13:12:07+00:00","dateModified":"2020-01-09T10:12:01+00:00","breadcrumb":{"@id":"https:\/\/schmale-logtec.de\/es\/servicios\/#breadcrumb"},"inLanguage":"de","potentialAction":[{"@type":"ReadAction","target":["https:\/\/schmale-logtec.de\/es\/servicios\/"]}]},{"@type":"BreadcrumbList","@id":"https:\/\/schmale-logtec.de\/es\/servicios\/#breadcrumb","itemListElement":[{"@type":"ListItem","position":1,"name":"Startseite","item":"https:\/\/schmale-logtec.de\/es\/"},{"@type":"ListItem","position":2,"name":"Servicios"}]},{"@type":"WebSite","@id":"https:\/\/schmale-logtec.de\/es\/#website","url":"https:\/\/schmale-logtec.de\/es\/","name":"SCHMALE LOGTEC ES","description":"","potentialAction":[{"@type":"SearchAction","target":{"@type":"EntryPoint","urlTemplate":"https:\/\/schmale-logtec.de\/es\/?s={search_term_string}"},"query-input":{"@type":"PropertyValueSpecification","valueRequired":true,"valueName":"search_term_string"}}],"inLanguage":"de"}]}},"_links":{"self":[{"href":"https:\/\/schmale-logtec.de\/es\/wp-json\/wp\/v2\/pages\/769","targetHints":{"allow":["GET"]}}],"collection":[{"href":"https:\/\/schmale-logtec.de\/es\/wp-json\/wp\/v2\/pages"}],"about":[{"href":"https:\/\/schmale-logtec.de\/es\/wp-json\/wp\/v2\/types\/page"}],"author":[{"embeddable":true,"href":"https:\/\/schmale-logtec.de\/es\/wp-json\/wp\/v2\/users\/1"}],"replies":[{"embeddable":true,"href":"https:\/\/schmale-logtec.de\/es\/wp-json\/wp\/v2\/comments?post=769"}],"version-history":[{"count":1,"href":"https:\/\/schmale-logtec.de\/es\/wp-json\/wp\/v2\/pages\/769\/revisions"}],"predecessor-version":[{"id":771,"href":"https:\/\/schmale-logtec.de\/es\/wp-json\/wp\/v2\/pages\/769\/revisions\/771"}],"wp:attachment":[{"href":"https:\/\/schmale-logtec.de\/es\/wp-json\/wp\/v2\/media?parent=769"}],"curies":[{"name":"wp","href":"https:\/\/api.w.org\/{rel}","templated":true}]}}