{"id":774,"date":"2019-10-21T15:38:57","date_gmt":"2019-10-21T13:38:57","guid":{"rendered":"https:\/\/schmale-logtec.de\/es\/?page_id=774"},"modified":"2020-01-09T11:11:58","modified_gmt":"2020-01-09T10:11:58","slug":"diseno","status":"publish","type":"page","link":"https:\/\/schmale-logtec.de\/es\/servicios\/diseno\/","title":{"rendered":"Dise\u00f1o"},"content":{"rendered":"<div  class='avia-slideshow av-c6flz-05b1cf88112695594ce0a16b8267ebf5 avia-slideshow-featured_large av_slideshow avia-fade-slider  avia-builder-el-0  el_before_av_one_full  avia-builder-el-first  av-slideshow-ui av-control-hidden av-no-slider-navigation av-hide-nav-arrows av-slideshow-autoplay av-loop-endless av-loop-manual-endless av-default-height-applied avia-slideshow-1' data-slideshow-options=\"{&quot;animation&quot;:&quot;fade&quot;,&quot;autoplay&quot;:true,&quot;loop_autoplay&quot;:&quot;endless&quot;,&quot;interval&quot;:5,&quot;loop_manual&quot;:&quot;manual-endless&quot;,&quot;autoplay_stopper&quot;:false,&quot;noNavigation&quot;:true,&quot;bg_slider&quot;:false,&quot;keep_padding&quot;:false,&quot;hoverpause&quot;:false,&quot;show_slide_delay&quot;:0}\"  itemprop=\"image\" itemscope=\"itemscope\" itemtype=\"https:\/\/schema.org\/ImageObject\" ><ul class='avia-slideshow-inner ' style='padding-bottom: 42%;'><li  class='avia-slideshow-slide av-c6flz-05b1cf88112695594ce0a16b8267ebf5__0  slide-1 slide-odd'><div data-rel='slideshow-1' class='avia-slide-wrap '   ><img decoding=\"async\" fetchpriority=\"high\" class=\"wp-image-498 avia-img-lazy-loading-not-498\"  src=\"https:\/\/schmale-logtec.de\/es\/wp-content\/uploads\/sites\/8\/2018\/03\/konstruktion_intralogistik_schmale_logtec-2.jpg\" width=\"1500\" height=\"630\" title='' alt='konstruktion intralogistik schmale logtec'  itemprop=\"thumbnailUrl\" srcset=\"https:\/\/schmale-logtec.de\/es\/wp-content\/uploads\/sites\/8\/2018\/03\/konstruktion_intralogistik_schmale_logtec-2.jpg 1500w, https:\/\/schmale-logtec.de\/es\/wp-content\/uploads\/sites\/8\/2018\/03\/konstruktion_intralogistik_schmale_logtec-2-300x126.jpg 300w, https:\/\/schmale-logtec.de\/es\/wp-content\/uploads\/sites\/8\/2018\/03\/konstruktion_intralogistik_schmale_logtec-2-768x323.jpg 768w, https:\/\/schmale-logtec.de\/es\/wp-content\/uploads\/sites\/8\/2018\/03\/konstruktion_intralogistik_schmale_logtec-2-1024x430.jpg 1024w, https:\/\/schmale-logtec.de\/es\/wp-content\/uploads\/sites\/8\/2018\/03\/konstruktion_intralogistik_schmale_logtec-2-705x296.jpg 705w, https:\/\/schmale-logtec.de\/es\/wp-content\/uploads\/sites\/8\/2018\/03\/konstruktion_intralogistik_schmale_logtec-2-450x189.jpg 450w\" sizes=\"(max-width: 1500px) 100vw, 1500px\" \/><\/div><\/li><li  class='avia-slideshow-slide av-c6flz-05b1cf88112695594ce0a16b8267ebf5__1  slide-2 slide-even'><div data-rel='slideshow-1' class='avia-slide-wrap '   ><img decoding=\"async\" fetchpriority=\"high\" class=\"wp-image-560 avia-img-lazy-loading-not-560\"  src=\"https:\/\/schmale-logtec.de\/es\/wp-content\/uploads\/sites\/8\/2018\/03\/konstruktion_intralogistik_schmale_logtec_003.jpg\" width=\"1500\" height=\"630\" title='' alt='konstruktion intralogistik schmale logtec'  itemprop=\"thumbnailUrl\" srcset=\"https:\/\/schmale-logtec.de\/es\/wp-content\/uploads\/sites\/8\/2018\/03\/konstruktion_intralogistik_schmale_logtec_003.jpg 1500w, https:\/\/schmale-logtec.de\/es\/wp-content\/uploads\/sites\/8\/2018\/03\/konstruktion_intralogistik_schmale_logtec_003-300x126.jpg 300w, https:\/\/schmale-logtec.de\/es\/wp-content\/uploads\/sites\/8\/2018\/03\/konstruktion_intralogistik_schmale_logtec_003-768x323.jpg 768w, https:\/\/schmale-logtec.de\/es\/wp-content\/uploads\/sites\/8\/2018\/03\/konstruktion_intralogistik_schmale_logtec_003-1024x430.jpg 1024w, https:\/\/schmale-logtec.de\/es\/wp-content\/uploads\/sites\/8\/2018\/03\/konstruktion_intralogistik_schmale_logtec_003-705x296.jpg 705w, https:\/\/schmale-logtec.de\/es\/wp-content\/uploads\/sites\/8\/2018\/03\/konstruktion_intralogistik_schmale_logtec_003-450x189.jpg 450w\" sizes=\"(max-width: 1500px) 100vw, 1500px\" \/><\/div><\/li><li  class='avia-slideshow-slide av-c6flz-05b1cf88112695594ce0a16b8267ebf5__2  slide-3 slide-odd'><div data-rel='slideshow-1' class='avia-slide-wrap '   ><img decoding=\"async\" fetchpriority=\"high\" class=\"wp-image-561 avia-img-lazy-loading-not-561\"  src=\"https:\/\/schmale-logtec.de\/es\/wp-content\/uploads\/sites\/8\/2018\/03\/konstruktion_intralogistik_schmale_logtec_002.jpg\" width=\"1500\" height=\"630\" title='' alt='konstruktion intralogistik schmale logtec'  itemprop=\"thumbnailUrl\" srcset=\"https:\/\/schmale-logtec.de\/es\/wp-content\/uploads\/sites\/8\/2018\/03\/konstruktion_intralogistik_schmale_logtec_002.jpg 1500w, https:\/\/schmale-logtec.de\/es\/wp-content\/uploads\/sites\/8\/2018\/03\/konstruktion_intralogistik_schmale_logtec_002-300x126.jpg 300w, https:\/\/schmale-logtec.de\/es\/wp-content\/uploads\/sites\/8\/2018\/03\/konstruktion_intralogistik_schmale_logtec_002-768x323.jpg 768w, https:\/\/schmale-logtec.de\/es\/wp-content\/uploads\/sites\/8\/2018\/03\/konstruktion_intralogistik_schmale_logtec_002-1024x430.jpg 1024w, https:\/\/schmale-logtec.de\/es\/wp-content\/uploads\/sites\/8\/2018\/03\/konstruktion_intralogistik_schmale_logtec_002-705x296.jpg 705w, https:\/\/schmale-logtec.de\/es\/wp-content\/uploads\/sites\/8\/2018\/03\/konstruktion_intralogistik_schmale_logtec_002-450x189.jpg 450w\" sizes=\"(max-width: 1500px) 100vw, 1500px\" \/><\/div><\/li><\/ul><div class='avia-slideshow-arrows avia-slideshow-controls' ><a href='#prev' class='prev-slide  avia-svg-icon avia-font-svg_entypo-fontello' data-av_svg_icon='left-open-big' data-av_iconset='svg_entypo-fontello' tabindex='-1' title=\"Zur\u00fcck\"><svg version=\"1.1\" xmlns=\"http:\/\/www.w3.org\/2000\/svg\" width=\"15\" height=\"32\" viewBox=\"0 0 15 32\" preserveAspectRatio=\"xMidYMid meet\" aria-labelledby='av-svg-title-1' aria-describedby='av-svg-desc-1' role=\"graphics-symbol\" aria-hidden=\"true\">\n<title id='av-svg-title-1'>Zur\u00fcck<\/title>\n<desc id='av-svg-desc-1'>Zur\u00fcck<\/desc>\n<path d=\"M14.464 27.84q0.832 0.832 0 1.536-0.832 0.832-1.536 0l-12.544-12.608q-0.768-0.768 0-1.6l12.544-12.608q0.704-0.832 1.536 0 0.832 0.704 0 1.536l-11.456 11.904z\"><\/path>\n<\/svg><span class='avia_hidden_link_text'>Zur\u00fcck<\/span><\/a><a href='#next' class='next-slide  avia-svg-icon avia-font-svg_entypo-fontello' data-av_svg_icon='right-open-big' data-av_iconset='svg_entypo-fontello' tabindex='-1' title=\"Weiter\"><svg version=\"1.1\" xmlns=\"http:\/\/www.w3.org\/2000\/svg\" width=\"15\" height=\"32\" viewBox=\"0 0 15 32\" preserveAspectRatio=\"xMidYMid meet\" aria-labelledby='av-svg-title-2' aria-describedby='av-svg-desc-2' role=\"graphics-symbol\" aria-hidden=\"true\">\n<title id='av-svg-title-2'>Weiter<\/title>\n<desc id='av-svg-desc-2'>Weiter<\/desc>\n<path d=\"M0.416 27.84l11.456-11.84-11.456-11.904q-0.832-0.832 0-1.536 0.832-0.832 1.536 0l12.544 12.608q0.768 0.832 0 1.6l-12.544 12.608q-0.704 0.832-1.536 0-0.832-0.704 0-1.536z\"><\/path>\n<\/svg><span class='avia_hidden_link_text'>Weiter<\/span><\/a><\/div><\/div>\n\n<style type=\"text\/css\" data-created_by=\"avia_inline_auto\" id=\"style-css-av-2t4grb-5684f2e9716fd2d0b92a1d5d7f1f794e\">\n#top .flex_column.av-2t4grb-5684f2e9716fd2d0b92a1d5d7f1f794e{\nmargin-top:0px;\nmargin-bottom:0px;\n}\n.flex_column.av-2t4grb-5684f2e9716fd2d0b92a1d5d7f1f794e{\nborder-radius:0px 0px 0px 0px;\npadding:0px 0px 0px 0px;\n}\n.responsive #top #wrap_all .flex_column.av-2t4grb-5684f2e9716fd2d0b92a1d5d7f1f794e{\nmargin-top:0px;\nmargin-bottom:0px;\n}\n<\/style>\n<div  class='flex_column av-2t4grb-5684f2e9716fd2d0b92a1d5d7f1f794e av_one_full  avia-builder-el-1  el_after_av_slideshow  el_before_av_one_half  first flex_column_div av-animated-generic bottom-to-top av-zero-column-padding  '     ><p>\n<style type=\"text\/css\" data-created_by=\"avia_inline_auto\" id=\"style-css-av-k20gqi5i-9fe6f49aa941559ed67c279fddb79544\">\n#top .av-special-heading.av-k20gqi5i-9fe6f49aa941559ed67c279fddb79544{\npadding-bottom:0;\n}\nbody .av-special-heading.av-k20gqi5i-9fe6f49aa941559ed67c279fddb79544 .av-special-heading-tag .heading-char{\nfont-size:25px;\n}\n.av-special-heading.av-k20gqi5i-9fe6f49aa941559ed67c279fddb79544 .av-subheading{\nfont-size:15px;\n}\n<\/style>\n<div  class='av-special-heading av-k20gqi5i-9fe6f49aa941559ed67c279fddb79544 av-special-heading-h1 blockquote modern-quote  avia-builder-el-2  el_before_av_hr  avia-builder-el-first '><h1 class='av-special-heading-tag '  itemprop=\"headline\"  >Dise\u00f1o<\/h1><div class=\"special-heading-border\"><div class=\"special-heading-inner-border\"><\/div><\/div><\/div><br \/>\n\n<style type=\"text\/css\" data-created_by=\"avia_inline_auto\" id=\"style-css-av-2fwg6n-73a9729686bf8e6b43d80c5047044f75\">\n#top .hr.av-2fwg6n-73a9729686bf8e6b43d80c5047044f75{\nmargin-top:10px;\nmargin-bottom:10px;\n}\n.hr.av-2fwg6n-73a9729686bf8e6b43d80c5047044f75 .hr-inner{\nwidth:50px;\nborder-color:#efbb20;\n}\n<\/style>\n<div  class='hr av-2fwg6n-73a9729686bf8e6b43d80c5047044f75 hr-custom  avia-builder-el-3  el_after_av_heading  avia-builder-el-last  hr-left hr-icon-no'><span class='hr-inner inner-border-av-border-fat'><span class=\"hr-inner-style\"><\/span><\/span><\/div><\/p><\/div>\n<style type=\"text\/css\" data-created_by=\"avia_inline_auto\" id=\"style-css-av-28wpon-2f46d56b7e674c0c2518d778f9d7e378\">\n#top .flex_column.av-28wpon-2f46d56b7e674c0c2518d778f9d7e378{\nmargin-top:0px;\nmargin-bottom:0px;\n}\n.flex_column.av-28wpon-2f46d56b7e674c0c2518d778f9d7e378{\nborder-radius:0px 0px 0px 0px;\npadding:0px 0px 0px 0px;\n}\n.responsive #top #wrap_all .flex_column.av-28wpon-2f46d56b7e674c0c2518d778f9d7e378{\nmargin-top:0px;\nmargin-bottom:0px;\n}\n<\/style>\n<div  class='flex_column av-28wpon-2f46d56b7e674c0c2518d778f9d7e378 av_one_half  avia-builder-el-4  el_after_av_one_full  el_before_av_one_half  first flex_column_div av-animated-generic bottom-to-top av-zero-column-padding  column-top-margin'     ><section  class='av_textblock_section av-25b1h3-340f5e3d822a33987220f78c38f2fbb8 '   itemscope=\"itemscope\" itemtype=\"https:\/\/schema.org\/CreativeWork\" ><div class='avia_textblock'  itemprop=\"text\" ><p style=\"text-align: left\"><span class=\"einleitung-fliesstext\">Un equipo de ingenieros y t\u00e9cnicos experimentados trabaja en la creaci\u00f3n de soluciones con un m\u00e1ximo beneficio para el cliente. El agradable ambiente de trabajo en una arquitectura moderna ofrece espacio para la creatividad.<br \/>\n<\/span><\/p>\n<\/div><\/section><\/div>\n<style type=\"text\/css\" data-created_by=\"avia_inline_auto\" id=\"style-css-av-1x2zan-ef906a455cd1e7e80d517f8fe70ec78c\">\n#top .flex_column.av-1x2zan-ef906a455cd1e7e80d517f8fe70ec78c{\nmargin-top:0px;\nmargin-bottom:0px;\n}\n.flex_column.av-1x2zan-ef906a455cd1e7e80d517f8fe70ec78c{\nborder-radius:0px 0px 0px 0px;\npadding:0px 0px 0px 0px;\n}\n.responsive #top #wrap_all .flex_column.av-1x2zan-ef906a455cd1e7e80d517f8fe70ec78c{\nmargin-top:0px;\nmargin-bottom:0px;\n}\n<\/style>\n<div  class='flex_column av-1x2zan-ef906a455cd1e7e80d517f8fe70ec78c av_one_half  avia-builder-el-6  el_after_av_one_half  el_before_av_one_full  flex_column_div av-animated-generic bottom-to-top av-zero-column-padding  column-top-margin'     ><section  class='av_textblock_section av-1rur27-6ec847780bd38352561df259ad7107a8 '   itemscope=\"itemscope\" itemtype=\"https:\/\/schema.org\/CreativeWork\" ><div class='avia_textblock'  itemprop=\"text\" ><h2>Equipo<\/h2>\n<p>Utilizamos modernos sistemas t\u00e9cnicos para el dise\u00f1o y la comunicaci\u00f3n. Esto acelera todos los procesos y facilita el di\u00e1logo con nuestros clientes en el camino hacia una soluci\u00f3n.<\/p>\n<\/div><\/section><\/div>\n<style type=\"text\/css\" data-created_by=\"avia_inline_auto\" id=\"style-css-av-1mg113-d9d9b89d3215d5be80d402de4359ac2d\">\n.flex_column.av-1mg113-d9d9b89d3215d5be80d402de4359ac2d{\nborder-width:1px;\nborder-style:solid;\nborder-radius:0px 0px 0px 0px;\npadding:20px 20px 20px 20px;\nbackground-color:#ffa300;\n}\n<\/style>\n<div  class='flex_column av-1mg113-d9d9b89d3215d5be80d402de4359ac2d av_one_full  avia-builder-el-8  el_after_av_one_half  el_before_av_hr  first flex_column_div av-animated-generic bottom-to-top  column-top-margin'     ><section  class='av_textblock_section av-1e4ytr-a472d392f3be79ba7231e50550fc18c5 '   itemscope=\"itemscope\" itemtype=\"https:\/\/schema.org\/CreativeWork\" ><div class='avia_textblock'  itemprop=\"text\" ><p style=\"text-align: center\"><span class=\"zitate-fliesstext\">\u201eProcesos r\u00e1pidos y buen di\u00e1logo son nuestras principales caracter\u00edsticas.\u201c<\/span><\/p>\n<\/div><\/section><\/div>\n<style type=\"text\/css\" data-created_by=\"avia_inline_auto\" id=\"style-css-av-16fguv-571e824c5b6392ae6ce1fd1b74856c9c\">\n#top .hr.hr-invisible.av-16fguv-571e824c5b6392ae6ce1fd1b74856c9c{\nheight:50px;\n}\n<\/style>\n<div  class='hr av-16fguv-571e824c5b6392ae6ce1fd1b74856c9c hr-invisible  avia-builder-el-10  el_after_av_one_full  el_before_av_heading '><span class='hr-inner '><span class=\"hr-inner-style\"><\/span><\/span><\/div><\/p>\n\n<style type=\"text\/css\" data-created_by=\"avia_inline_auto\" id=\"style-css-av-k20gssgg-c9b3705520b8cbade53114ed15801fff\">\n#top .av-special-heading.av-k20gssgg-c9b3705520b8cbade53114ed15801fff{\npadding-bottom:10px;\n}\nbody .av-special-heading.av-k20gssgg-c9b3705520b8cbade53114ed15801fff .av-special-heading-tag .heading-char{\nfont-size:25px;\n}\n.av-special-heading.av-k20gssgg-c9b3705520b8cbade53114ed15801fff .av-subheading{\nfont-size:15px;\n}\n<\/style>\n<div  class='av-special-heading av-k20gssgg-c9b3705520b8cbade53114ed15801fff av-special-heading-h3  avia-builder-el-11  el_after_av_hr  el_before_av_one_full '><h3 class='av-special-heading-tag '  itemprop=\"headline\"  >+ Ventajas destacadas<\/h3><div class=\"special-heading-border\"><div class=\"special-heading-inner-border\"><\/div><\/div><\/div>\n\n<style type=\"text\/css\" data-created_by=\"avia_inline_auto\" id=\"style-css-av-uqfg7-add43362dba58e65bae9a2811b2eed39\">\n.flex_column.av-uqfg7-add43362dba58e65bae9a2811b2eed39{\nborder-radius:0px 0px 0px 0px;\npadding:0px 0px 0px 0px;\n}\n<\/style>\n<div  class='flex_column av-uqfg7-add43362dba58e65bae9a2811b2eed39 av_one_full  avia-builder-el-12  el_after_av_heading  avia-builder-el-last  first flex_column_div av-zero-column-padding  '     ><div  class='avia-icon-list-container av-oipfr-3229d36abca523a7d49adb652a1f8f98  avia-builder-el-13  avia-builder-el-no-sibling '><ul class='avia-icon-list avia_animate_when_almost_visible avia-icon-list-left av-iconlist-big av-oipfr-3229d36abca523a7d49adb652a1f8f98 avia-iconlist-animate'>\n<li><div class='iconlist_icon av-jj7eu-c6e688fda865f8179e3ff25806249a34 avia-font-entypo-fontello avia-iconfont avia-font-entypo-fontello'><span class='av-icon-char' data-av_icon='\ue816' data-av_iconfont='entypo-fontello' aria-hidden=\"true\"><\/span><\/div><article class=\"article-icon-entry av-iconlist-empty\"  itemscope=\"itemscope\" itemtype=\"https:\/\/schema.org\/CreativeWork\" ><div class=\"iconlist_content_wrap\"><header class=\"entry-content-header\" aria-label=\"Icon: Ingenieros y t\u00e9cnicos experimentados\"><h4 class='av_iconlist_title iconlist_title  '  itemprop=\"headline\" >Ingenieros y t\u00e9cnicos experimentados<\/h4><\/header><div class='iconlist_content '  itemprop=\"text\" ><\/div><\/div><footer class=\"entry-footer\"><\/footer><\/article><div class=\"iconlist-timeline\"><\/div><\/li>\n<li><div class='iconlist_icon av-eo4xy-701e9892ea52d84600592b4fc8897aa1 avia-font-entypo-fontello avia-iconfont avia-font-entypo-fontello'><span class='av-icon-char' data-av_icon='\ue816' data-av_iconfont='entypo-fontello' aria-hidden=\"true\"><\/span><\/div><article class=\"article-icon-entry av-iconlist-empty\"  itemscope=\"itemscope\" itemtype=\"https:\/\/schema.org\/CreativeWork\" ><div class=\"iconlist_content_wrap\"><header class=\"entry-content-header\" aria-label=\"Icon: V\u00edas de decisi\u00f3n cortas\"><h4 class='av_iconlist_title iconlist_title  '  itemprop=\"headline\" >V\u00edas de decisi\u00f3n cortas<\/h4><\/header><div class='iconlist_content '  itemprop=\"text\" ><\/div><\/div><footer class=\"entry-footer\"><\/footer><\/article><div class=\"iconlist-timeline\"><\/div><\/li>\n<li><div class='iconlist_icon av-b7ez2-6378b181cecc5a267d2693de667c19a5 avia-font-entypo-fontello avia-iconfont avia-font-entypo-fontello'><span class='av-icon-char' data-av_icon='\ue816' data-av_iconfont='entypo-fontello' aria-hidden=\"true\"><\/span><\/div><article class=\"article-icon-entry av-iconlist-empty\"  itemscope=\"itemscope\" itemtype=\"https:\/\/schema.org\/CreativeWork\" ><div class=\"iconlist_content_wrap\"><header class=\"entry-content-header\" aria-label=\"Icon: Trato personal y accesible\"><h4 class='av_iconlist_title iconlist_title  '  itemprop=\"headline\" >Trato personal y accesible<\/h4><\/header><div class='iconlist_content '  itemprop=\"text\" ><\/div><\/div><footer class=\"entry-footer\"><\/footer><\/article><div class=\"iconlist-timeline\"><\/div><\/li>\n<\/ul><\/div><\/div>\n","protected":false},"excerpt":{"rendered":"","protected":false},"author":1,"featured_media":421,"parent":769,"menu_order":0,"comment_status":"closed","ping_status":"closed","template":"","meta":{"inline_featured_image":false,"footnotes":""},"class_list":["post-774","page","type-page","status-publish","has-post-thumbnail","hentry"],"yoast_head":"<!-- This site is optimized with the Yoast SEO plugin v26.3 - https:\/\/yoast.com\/wordpress\/plugins\/seo\/ -->\n<title>Dise\u00f1o - SCHMALE LOGTEC ES<\/title>\n<meta name=\"robots\" content=\"index, follow, max-snippet:-1, max-image-preview:large, max-video-preview:-1\" \/>\n<link rel=\"canonical\" href=\"https:\/\/schmale-logtec.de\/es\/servicios\/diseno\/\" \/>\n<meta property=\"og:locale\" content=\"de_DE\" \/>\n<meta property=\"og:type\" content=\"article\" \/>\n<meta property=\"og:title\" content=\"Dise\u00f1o - SCHMALE LOGTEC ES\" \/>\n<meta property=\"og:url\" content=\"https:\/\/schmale-logtec.de\/es\/servicios\/diseno\/\" \/>\n<meta property=\"og:site_name\" content=\"SCHMALE LOGTEC ES\" \/>\n<meta property=\"article:modified_time\" content=\"2020-01-09T10:11:58+00:00\" \/>\n<meta property=\"og:image\" content=\"https:\/\/schmale-logtec.de\/es\/wp-content\/uploads\/sites\/8\/2018\/03\/sortierpuffer_cad_intralogistik_schmale_logtec_warburg.jpg\" \/>\n\t<meta property=\"og:image:width\" content=\"1500\" \/>\n\t<meta property=\"og:image:height\" content=\"630\" \/>\n\t<meta property=\"og:image:type\" content=\"image\/jpeg\" \/>\n<meta name=\"twitter:card\" content=\"summary_large_image\" \/>\n<meta name=\"twitter:label1\" content=\"Gesch\u00e4tzte Lesezeit\" \/>\n\t<meta name=\"twitter:data1\" content=\"5\u00a0Minuten\" \/>\n<script type=\"application\/ld+json\" class=\"yoast-schema-graph\">{\"@context\":\"https:\/\/schema.org\",\"@graph\":[{\"@type\":\"WebPage\",\"@id\":\"https:\/\/schmale-logtec.de\/es\/servicios\/diseno\/\",\"url\":\"https:\/\/schmale-logtec.de\/es\/servicios\/diseno\/\",\"name\":\"Dise\u00f1o - SCHMALE LOGTEC ES\",\"isPartOf\":{\"@id\":\"https:\/\/schmale-logtec.de\/es\/#website\"},\"primaryImageOfPage\":{\"@id\":\"https:\/\/schmale-logtec.de\/es\/servicios\/diseno\/#primaryimage\"},\"image\":{\"@id\":\"https:\/\/schmale-logtec.de\/es\/servicios\/diseno\/#primaryimage\"},\"thumbnailUrl\":\"https:\/\/schmale-logtec.de\/es\/wp-content\/uploads\/sites\/8\/2018\/03\/sortierpuffer_cad_intralogistik_schmale_logtec_warburg.jpg\",\"datePublished\":\"2019-10-21T13:38:57+00:00\",\"dateModified\":\"2020-01-09T10:11:58+00:00\",\"breadcrumb\":{\"@id\":\"https:\/\/schmale-logtec.de\/es\/servicios\/diseno\/#breadcrumb\"},\"inLanguage\":\"de\",\"potentialAction\":[{\"@type\":\"ReadAction\",\"target\":[\"https:\/\/schmale-logtec.de\/es\/servicios\/diseno\/\"]}]},{\"@type\":\"ImageObject\",\"inLanguage\":\"de\",\"@id\":\"https:\/\/schmale-logtec.de\/es\/servicios\/diseno\/#primaryimage\",\"url\":\"https:\/\/schmale-logtec.de\/es\/wp-content\/uploads\/sites\/8\/2018\/03\/sortierpuffer_cad_intralogistik_schmale_logtec_warburg.jpg\",\"contentUrl\":\"https:\/\/schmale-logtec.de\/es\/wp-content\/uploads\/sites\/8\/2018\/03\/sortierpuffer_cad_intralogistik_schmale_logtec_warburg.jpg\",\"width\":1500,\"height\":630,\"caption\":\"sortierpuffer cad intralogistik schmale logtec warburg\"},{\"@type\":\"BreadcrumbList\",\"@id\":\"https:\/\/schmale-logtec.de\/es\/servicios\/diseno\/#breadcrumb\",\"itemListElement\":[{\"@type\":\"ListItem\",\"position\":1,\"name\":\"Startseite\",\"item\":\"https:\/\/schmale-logtec.de\/es\/\"},{\"@type\":\"ListItem\",\"position\":2,\"name\":\"Servicios\",\"item\":\"https:\/\/schmale-logtec.de\/es\/servicios\/\"},{\"@type\":\"ListItem\",\"position\":3,\"name\":\"Dise\u00f1o\"}]},{\"@type\":\"WebSite\",\"@id\":\"https:\/\/schmale-logtec.de\/es\/#website\",\"url\":\"https:\/\/schmale-logtec.de\/es\/\",\"name\":\"SCHMALE LOGTEC ES\",\"description\":\"\",\"potentialAction\":[{\"@type\":\"SearchAction\",\"target\":{\"@type\":\"EntryPoint\",\"urlTemplate\":\"https:\/\/schmale-logtec.de\/es\/?s={search_term_string}\"},\"query-input\":{\"@type\":\"PropertyValueSpecification\",\"valueRequired\":true,\"valueName\":\"search_term_string\"}}],\"inLanguage\":\"de\"}]}<\/script>\n<!-- \/ Yoast SEO plugin. -->","yoast_head_json":{"title":"Dise\u00f1o - SCHMALE LOGTEC ES","robots":{"index":"index","follow":"follow","max-snippet":"max-snippet:-1","max-image-preview":"max-image-preview:large","max-video-preview":"max-video-preview:-1"},"canonical":"https:\/\/schmale-logtec.de\/es\/servicios\/diseno\/","og_locale":"de_DE","og_type":"article","og_title":"Dise\u00f1o - SCHMALE LOGTEC ES","og_url":"https:\/\/schmale-logtec.de\/es\/servicios\/diseno\/","og_site_name":"SCHMALE LOGTEC ES","article_modified_time":"2020-01-09T10:11:58+00:00","og_image":[{"width":1500,"height":630,"url":"https:\/\/schmale-logtec.de\/es\/wp-content\/uploads\/sites\/8\/2018\/03\/sortierpuffer_cad_intralogistik_schmale_logtec_warburg.jpg","type":"image\/jpeg"}],"twitter_card":"summary_large_image","twitter_misc":{"Gesch\u00e4tzte Lesezeit":"5\u00a0Minuten"},"schema":{"@context":"https:\/\/schema.org","@graph":[{"@type":"WebPage","@id":"https:\/\/schmale-logtec.de\/es\/servicios\/diseno\/","url":"https:\/\/schmale-logtec.de\/es\/servicios\/diseno\/","name":"Dise\u00f1o - SCHMALE LOGTEC ES","isPartOf":{"@id":"https:\/\/schmale-logtec.de\/es\/#website"},"primaryImageOfPage":{"@id":"https:\/\/schmale-logtec.de\/es\/servicios\/diseno\/#primaryimage"},"image":{"@id":"https:\/\/schmale-logtec.de\/es\/servicios\/diseno\/#primaryimage"},"thumbnailUrl":"https:\/\/schmale-logtec.de\/es\/wp-content\/uploads\/sites\/8\/2018\/03\/sortierpuffer_cad_intralogistik_schmale_logtec_warburg.jpg","datePublished":"2019-10-21T13:38:57+00:00","dateModified":"2020-01-09T10:11:58+00:00","breadcrumb":{"@id":"https:\/\/schmale-logtec.de\/es\/servicios\/diseno\/#breadcrumb"},"inLanguage":"de","potentialAction":[{"@type":"ReadAction","target":["https:\/\/schmale-logtec.de\/es\/servicios\/diseno\/"]}]},{"@type":"ImageObject","inLanguage":"de","@id":"https:\/\/schmale-logtec.de\/es\/servicios\/diseno\/#primaryimage","url":"https:\/\/schmale-logtec.de\/es\/wp-content\/uploads\/sites\/8\/2018\/03\/sortierpuffer_cad_intralogistik_schmale_logtec_warburg.jpg","contentUrl":"https:\/\/schmale-logtec.de\/es\/wp-content\/uploads\/sites\/8\/2018\/03\/sortierpuffer_cad_intralogistik_schmale_logtec_warburg.jpg","width":1500,"height":630,"caption":"sortierpuffer cad intralogistik schmale logtec warburg"},{"@type":"BreadcrumbList","@id":"https:\/\/schmale-logtec.de\/es\/servicios\/diseno\/#breadcrumb","itemListElement":[{"@type":"ListItem","position":1,"name":"Startseite","item":"https:\/\/schmale-logtec.de\/es\/"},{"@type":"ListItem","position":2,"name":"Servicios","item":"https:\/\/schmale-logtec.de\/es\/servicios\/"},{"@type":"ListItem","position":3,"name":"Dise\u00f1o"}]},{"@type":"WebSite","@id":"https:\/\/schmale-logtec.de\/es\/#website","url":"https:\/\/schmale-logtec.de\/es\/","name":"SCHMALE LOGTEC ES","description":"","potentialAction":[{"@type":"SearchAction","target":{"@type":"EntryPoint","urlTemplate":"https:\/\/schmale-logtec.de\/es\/?s={search_term_string}"},"query-input":{"@type":"PropertyValueSpecification","valueRequired":true,"valueName":"search_term_string"}}],"inLanguage":"de"}]}},"_links":{"self":[{"href":"https:\/\/schmale-logtec.de\/es\/wp-json\/wp\/v2\/pages\/774","targetHints":{"allow":["GET"]}}],"collection":[{"href":"https:\/\/schmale-logtec.de\/es\/wp-json\/wp\/v2\/pages"}],"about":[{"href":"https:\/\/schmale-logtec.de\/es\/wp-json\/wp\/v2\/types\/page"}],"author":[{"embeddable":true,"href":"https:\/\/schmale-logtec.de\/es\/wp-json\/wp\/v2\/users\/1"}],"replies":[{"embeddable":true,"href":"https:\/\/schmale-logtec.de\/es\/wp-json\/wp\/v2\/comments?post=774"}],"version-history":[{"count":3,"href":"https:\/\/schmale-logtec.de\/es\/wp-json\/wp\/v2\/pages\/774\/revisions"}],"predecessor-version":[{"id":945,"href":"https:\/\/schmale-logtec.de\/es\/wp-json\/wp\/v2\/pages\/774\/revisions\/945"}],"up":[{"embeddable":true,"href":"https:\/\/schmale-logtec.de\/es\/wp-json\/wp\/v2\/pages\/769"}],"wp:featuredmedia":[{"embeddable":true,"href":"https:\/\/schmale-logtec.de\/es\/wp-json\/wp\/v2\/media\/421"}],"wp:attachment":[{"href":"https:\/\/schmale-logtec.de\/es\/wp-json\/wp\/v2\/media?parent=774"}],"curies":[{"name":"wp","href":"https:\/\/api.w.org\/{rel}","templated":true}]}}