{"id":791,"date":"2019-10-22T09:16:23","date_gmt":"2019-10-22T07:16:23","guid":{"rendered":"https:\/\/schmale-logtec.de\/es\/?page_id=791"},"modified":"2020-01-09T11:11:31","modified_gmt":"2020-01-09T10:11:31","slug":"canales-dinamicos-akl-para-articulos-de-formato-pequeno","status":"publish","type":"page","link":"https:\/\/schmale-logtec.de\/es\/productos\/canales-dinamicos-akl-para-articulos-de-formato-pequeno\/","title":{"rendered":"Canales din\u00e1micos AKL para art\u00edculos de formato peque\u00f1o"},"content":{"rendered":"<div  class='avia-slideshow av-3s29o2-b29b9726ab427e119601a3c9f3159a0e avia-slideshow-featured_large av_slideshow avia-fade-slider  avia-builder-el-0  el_before_av_one_full  avia-builder-el-first  av-slideshow-ui av-control-minimal av-slideshow-autoplay av-loop-endless av-loop-manual-endless av-default-height-applied avia-slideshow-1' data-slideshow-options=\"{&quot;animation&quot;:&quot;fade&quot;,&quot;autoplay&quot;:true,&quot;loop_autoplay&quot;:&quot;endless&quot;,&quot;interval&quot;:5,&quot;loop_manual&quot;:&quot;manual-endless&quot;,&quot;autoplay_stopper&quot;:false,&quot;noNavigation&quot;:false,&quot;bg_slider&quot;:false,&quot;keep_padding&quot;:false,&quot;hoverpause&quot;:false,&quot;show_slide_delay&quot;:0}\"  itemprop=\"image\" itemscope=\"itemscope\" itemtype=\"https:\/\/schema.org\/ImageObject\" ><ul class='avia-slideshow-inner ' style='padding-bottom: 42%;'><li  class='avia-slideshow-slide av-3s29o2-b29b9726ab427e119601a3c9f3159a0e__0  slide-1 slide-odd'><div data-rel='slideshow-1' class='avia-slide-wrap '   ><img decoding=\"async\" fetchpriority=\"high\" class=\"wp-image-623 avia-img-lazy-loading-not-623\"  src=\"https:\/\/schmale-logtec.de\/es\/wp-content\/uploads\/sites\/8\/2018\/03\/akl_durchlaufkanaele_schmale_logtec_intralogistik.jpg\" width=\"1500\" height=\"630\" title='' alt='akl durchlaufkanaele schmale logtec intralogistik'  itemprop=\"thumbnailUrl\" srcset=\"https:\/\/schmale-logtec.de\/es\/wp-content\/uploads\/sites\/8\/2018\/03\/akl_durchlaufkanaele_schmale_logtec_intralogistik.jpg 1500w, https:\/\/schmale-logtec.de\/es\/wp-content\/uploads\/sites\/8\/2018\/03\/akl_durchlaufkanaele_schmale_logtec_intralogistik-300x126.jpg 300w, https:\/\/schmale-logtec.de\/es\/wp-content\/uploads\/sites\/8\/2018\/03\/akl_durchlaufkanaele_schmale_logtec_intralogistik-768x323.jpg 768w, https:\/\/schmale-logtec.de\/es\/wp-content\/uploads\/sites\/8\/2018\/03\/akl_durchlaufkanaele_schmale_logtec_intralogistik-1024x430.jpg 1024w, https:\/\/schmale-logtec.de\/es\/wp-content\/uploads\/sites\/8\/2018\/03\/akl_durchlaufkanaele_schmale_logtec_intralogistik-705x296.jpg 705w, https:\/\/schmale-logtec.de\/es\/wp-content\/uploads\/sites\/8\/2018\/03\/akl_durchlaufkanaele_schmale_logtec_intralogistik-450x189.jpg 450w\" sizes=\"(max-width: 1500px) 100vw, 1500px\" \/><\/div><\/li><li  class='avia-slideshow-slide av-3s29o2-b29b9726ab427e119601a3c9f3159a0e__3  slide-2 slide-even'><div data-rel='slideshow-1' class='avia-slide-wrap '   ><img decoding=\"async\" fetchpriority=\"high\" class=\"wp-image-593 avia-img-lazy-loading-not-593\"  src=\"https:\/\/schmale-logtec.de\/es\/wp-content\/uploads\/sites\/8\/2018\/03\/roellchenleisten_komponente_intralogistik_schmale_logtec.jpg\" width=\"1500\" height=\"630\" title='' alt='roellchenleisten komponente intralogistik schmale logtec'  itemprop=\"thumbnailUrl\" srcset=\"https:\/\/schmale-logtec.de\/es\/wp-content\/uploads\/sites\/8\/2018\/03\/roellchenleisten_komponente_intralogistik_schmale_logtec.jpg 1500w, https:\/\/schmale-logtec.de\/es\/wp-content\/uploads\/sites\/8\/2018\/03\/roellchenleisten_komponente_intralogistik_schmale_logtec-300x126.jpg 300w, https:\/\/schmale-logtec.de\/es\/wp-content\/uploads\/sites\/8\/2018\/03\/roellchenleisten_komponente_intralogistik_schmale_logtec-768x323.jpg 768w, https:\/\/schmale-logtec.de\/es\/wp-content\/uploads\/sites\/8\/2018\/03\/roellchenleisten_komponente_intralogistik_schmale_logtec-1024x430.jpg 1024w, https:\/\/schmale-logtec.de\/es\/wp-content\/uploads\/sites\/8\/2018\/03\/roellchenleisten_komponente_intralogistik_schmale_logtec-705x296.jpg 705w, https:\/\/schmale-logtec.de\/es\/wp-content\/uploads\/sites\/8\/2018\/03\/roellchenleisten_komponente_intralogistik_schmale_logtec-450x189.jpg 450w\" sizes=\"(max-width: 1500px) 100vw, 1500px\" \/><\/div><\/li><\/ul><div class='avia-slideshow-arrows avia-slideshow-controls' ><a href='#prev' class='prev-slide  avia-svg-icon avia-font-svg_entypo-fontello' data-av_svg_icon='left-open-big' data-av_iconset='svg_entypo-fontello' tabindex='-1' title=\"Zur\u00fcck\"><svg version=\"1.1\" xmlns=\"http:\/\/www.w3.org\/2000\/svg\" width=\"15\" height=\"32\" viewBox=\"0 0 15 32\" preserveAspectRatio=\"xMidYMid meet\" aria-labelledby='av-svg-title-1' aria-describedby='av-svg-desc-1' role=\"graphics-symbol\" aria-hidden=\"true\">\n<title id='av-svg-title-1'>Zur\u00fcck<\/title>\n<desc id='av-svg-desc-1'>Zur\u00fcck<\/desc>\n<path d=\"M14.464 27.84q0.832 0.832 0 1.536-0.832 0.832-1.536 0l-12.544-12.608q-0.768-0.768 0-1.6l12.544-12.608q0.704-0.832 1.536 0 0.832 0.704 0 1.536l-11.456 11.904z\"><\/path>\n<\/svg><span class='avia_hidden_link_text'>Zur\u00fcck<\/span><\/a><a href='#next' class='next-slide  avia-svg-icon avia-font-svg_entypo-fontello' data-av_svg_icon='right-open-big' data-av_iconset='svg_entypo-fontello' tabindex='-1' title=\"Weiter\"><svg version=\"1.1\" xmlns=\"http:\/\/www.w3.org\/2000\/svg\" width=\"15\" height=\"32\" viewBox=\"0 0 15 32\" preserveAspectRatio=\"xMidYMid meet\" aria-labelledby='av-svg-title-2' aria-describedby='av-svg-desc-2' role=\"graphics-symbol\" aria-hidden=\"true\">\n<title id='av-svg-title-2'>Weiter<\/title>\n<desc id='av-svg-desc-2'>Weiter<\/desc>\n<path d=\"M0.416 27.84l11.456-11.84-11.456-11.904q-0.832-0.832 0-1.536 0.832-0.832 1.536 0l12.544 12.608q0.768 0.832 0 1.6l-12.544 12.608q-0.704 0.832-1.536 0-0.832-0.704 0-1.536z\"><\/path>\n<\/svg><span class='avia_hidden_link_text'>Weiter<\/span><\/a><\/div><div class='avia-slideshow-dots avia-slideshow-controls'><a href='#1' class='goto-slide active' >1<\/a><a href='#2' class='goto-slide ' >2<\/a><\/div><\/div>\n\n<style type=\"text\/css\" data-created_by=\"avia_inline_auto\" id=\"style-css-av-9oclm-0facd6481bad4fc0d82aa65dbde8127a\">\n#top .flex_column.av-9oclm-0facd6481bad4fc0d82aa65dbde8127a{\nmargin-top:0px;\nmargin-bottom:0px;\n}\n.flex_column.av-9oclm-0facd6481bad4fc0d82aa65dbde8127a{\nborder-radius:0px 0px 0px 0px;\npadding:0px 0px 0px 0px;\n}\n.responsive #top #wrap_all .flex_column.av-9oclm-0facd6481bad4fc0d82aa65dbde8127a{\nmargin-top:0px;\nmargin-bottom:0px;\n}\n<\/style>\n<div  class='flex_column av-9oclm-0facd6481bad4fc0d82aa65dbde8127a av_one_full  avia-builder-el-1  el_after_av_slideshow  el_before_av_one_full  first flex_column_div av-animated-generic bottom-to-top av-zero-column-padding  '     ><p>\n<style type=\"text\/css\" data-created_by=\"avia_inline_auto\" id=\"style-css-av-k21i5qqu-1b79e0126d373204143be74b53892c55\">\n#top .av-special-heading.av-k21i5qqu-1b79e0126d373204143be74b53892c55{\npadding-bottom:0;\n}\nbody .av-special-heading.av-k21i5qqu-1b79e0126d373204143be74b53892c55 .av-special-heading-tag .heading-char{\nfont-size:25px;\n}\n.av-special-heading.av-k21i5qqu-1b79e0126d373204143be74b53892c55 .av-subheading{\nfont-size:15px;\n}\n<\/style>\n<div  class='av-special-heading av-k21i5qqu-1b79e0126d373204143be74b53892c55 av-special-heading-h1 blockquote modern-quote  avia-builder-el-2  el_before_av_hr  avia-builder-el-first '><h1 class='av-special-heading-tag '  itemprop=\"headline\"  >Canales din\u00e1micos AKL para art\u00edculos de formato peque\u00f1o<\/h1><div class=\"special-heading-border\"><div class=\"special-heading-inner-border\"><\/div><\/div><\/div><br \/>\n\n<style type=\"text\/css\" data-created_by=\"avia_inline_auto\" id=\"style-css-av-2h1a4y-7c85bb6dc15603ead933611c07411591\">\n#top .hr.av-2h1a4y-7c85bb6dc15603ead933611c07411591{\nmargin-top:10px;\nmargin-bottom:10px;\n}\n.hr.av-2h1a4y-7c85bb6dc15603ead933611c07411591 .hr-inner{\nwidth:50px;\nborder-color:#efbb20;\n}\n<\/style>\n<div  class='hr av-2h1a4y-7c85bb6dc15603ead933611c07411591 hr-custom  avia-builder-el-3  el_after_av_heading  avia-builder-el-last  hr-left hr-icon-no'><span class='hr-inner inner-border-av-border-fat'><span class=\"hr-inner-style\"><\/span><\/span><\/div><\/p><\/div>\n<style type=\"text\/css\" data-created_by=\"avia_inline_auto\" id=\"style-css-av-26kswa-27f5e47d3de346c30ed7b3ea7060d5cc\">\n#top .flex_column.av-26kswa-27f5e47d3de346c30ed7b3ea7060d5cc{\nmargin-top:0px;\nmargin-bottom:0px;\n}\n.flex_column.av-26kswa-27f5e47d3de346c30ed7b3ea7060d5cc{\nborder-radius:0px 0px 0px 0px;\npadding:0px 0px 0px 0px;\n}\n.responsive #top #wrap_all .flex_column.av-26kswa-27f5e47d3de346c30ed7b3ea7060d5cc{\nmargin-top:0px;\nmargin-bottom:0px;\n}\n<\/style>\n<div  class='flex_column av-26kswa-27f5e47d3de346c30ed7b3ea7060d5cc av_one_full  avia-builder-el-4  el_after_av_one_full  el_before_av_one_full  first flex_column_div av-animated-generic bottom-to-top av-zero-column-padding  column-top-margin'     ><section  class='av_textblock_section av-20sfcq-656df3b431b5cf14b619e935b0217d1d '   itemscope=\"itemscope\" itemtype=\"https:\/\/schema.org\/CreativeWork\" ><div class='avia_textblock'  itemprop=\"text\" ><h2>Canales din\u00e1micos AKL para art\u00edculos de formato peque\u00f1o<\/h2>\n<p>Estas estanter\u00edas din\u00e1micas para el almacenaje automatizado de art\u00edculos de formato peque\u00f1o est\u00e1n formadas por soportes angulares y caminos de rodillos. Las tolvas de entrada estan moldeadas, de manera que su gu\u00eda lateral se ajusta exactamente al contenedor. El funcionamiento seguro se garantiza mediante topes anti retroceso (push-back stop), frenos de retenci\u00f3n incorporados en los caminos de rodillos as\u00ed como un conmutador para el cambio de canal. Su dise\u00f1o especial permite un montaje particularmente r\u00e1pido.<\/p>\n<\/div><\/section><\/div>\n<style type=\"text\/css\" data-created_by=\"avia_inline_auto\" id=\"style-css-av-1uucka-fb022ed4f9a77a941ac6c688310266ec\">\n.flex_column.av-1uucka-fb022ed4f9a77a941ac6c688310266ec{\nborder-width:1px;\nborder-style:solid;\nborder-radius:0px 0px 0px 0px;\npadding:20px 20px 20px 20px;\nbackground-color:#ffa300;\n}\n<\/style>\n<div  class='flex_column av-1uucka-fb022ed4f9a77a941ac6c688310266ec av_one_full  avia-builder-el-6  el_after_av_one_full  el_before_av_heading  first flex_column_div av-animated-generic bottom-to-top  column-top-margin'     ><section  class='av_textblock_section av-1rgewi-bd2efadee5b6bd71f88cbeb0b1d76dc2 '   itemscope=\"itemscope\" itemtype=\"https:\/\/schema.org\/CreativeWork\" ><div class='avia_textblock'  itemprop=\"text\" ><p style=\"text-align: center;\"><span class=\"zitate-fliesstext\">\u201eDonde el est\u00e1ndar no es suficiente, las soluciones especiales y los sistemas automatizados permiten procesos altamente eficientes.\u201c<br \/>\n<\/span><\/p>\n<\/div><\/section><\/div>\n<style type=\"text\/css\" data-created_by=\"avia_inline_auto\" id=\"style-css-av-k21i8qbk-6f9ad491c17c451f15c2c03a03924435\">\n#top .av-special-heading.av-k21i8qbk-6f9ad491c17c451f15c2c03a03924435{\npadding-bottom:10px;\n}\nbody .av-special-heading.av-k21i8qbk-6f9ad491c17c451f15c2c03a03924435 .av-special-heading-tag .heading-char{\nfont-size:25px;\n}\n.av-special-heading.av-k21i8qbk-6f9ad491c17c451f15c2c03a03924435 .av-subheading{\nfont-size:15px;\n}\n<\/style>\n<div  class='av-special-heading av-k21i8qbk-6f9ad491c17c451f15c2c03a03924435 av-special-heading-h3  avia-builder-el-8  el_after_av_one_full  el_before_av_one_full '><h3 class='av-special-heading-tag '  itemprop=\"headline\"  >+ Ventajas destacadas<\/h3><div class=\"special-heading-border\"><div class=\"special-heading-inner-border\"><\/div><\/div><\/div><\/p>\n\n<style type=\"text\/css\" data-created_by=\"avia_inline_auto\" id=\"style-css-av-1fljma-7b4e7a28ecabd0c1b028be7d9ce3c188\">\n.flex_column.av-1fljma-7b4e7a28ecabd0c1b028be7d9ce3c188{\nborder-radius:0px 0px 0px 0px;\npadding:0px 0px 0px 0px;\n}\n<\/style>\n<div  class='flex_column av-1fljma-7b4e7a28ecabd0c1b028be7d9ce3c188 av_one_full  avia-builder-el-9  el_after_av_heading  avia-builder-el-last  first flex_column_div av-zero-column-padding  '     ><p>\n<style type=\"text\/css\" data-created_by=\"avia_inline_auto\" id=\"style-css-av-k21i96zw-43fd27d2a5dad43c5cf1ff673a0c6f88\">\n#top .av-special-heading.av-k21i96zw-43fd27d2a5dad43c5cf1ff673a0c6f88{\npadding-bottom:10px;\n}\nbody .av-special-heading.av-k21i96zw-43fd27d2a5dad43c5cf1ff673a0c6f88 .av-special-heading-tag .heading-char{\nfont-size:25px;\n}\n.av-special-heading.av-k21i96zw-43fd27d2a5dad43c5cf1ff673a0c6f88 .av-subheading{\nfont-size:15px;\n}\n<\/style>\n<div  class='av-special-heading av-k21i96zw-43fd27d2a5dad43c5cf1ff673a0c6f88 av-special-heading-h4 blockquote modern-quote  avia-builder-el-10  el_before_av_iconlist  avia-builder-el-first '><h4 class='av-special-heading-tag '  itemprop=\"headline\"  >Canales din\u00e1micos AKL para art\u00edculos de formato peque\u00f1o<\/h4><div class=\"special-heading-border\"><div class=\"special-heading-inner-border\"><\/div><\/div><\/div><br \/>\n<div  class='avia-icon-list-container av-11rsmy-3ca8ec888737b75f0767889fda293c84  avia-builder-el-11  el_after_av_heading  avia-builder-el-last '><ul class='avia-icon-list avia_animate_when_almost_visible avia-icon-list-left av-iconlist-big av-11rsmy-3ca8ec888737b75f0767889fda293c84 avia-iconlist-animate'>\n<li><div class='iconlist_icon av-z1z5z-5ef1b3ac956e38bb496fdc68d0bf83d1 avia-font-entypo-fontello avia-iconfont avia-font-entypo-fontello'><span class='av-icon-char' data-av_icon='\ue816' data-av_iconfont='entypo-fontello' aria-hidden=\"true\"><\/span><\/div><article class=\"article-icon-entry av-iconlist-empty\"  itemscope=\"itemscope\" itemtype=\"https:\/\/schema.org\/CreativeWork\" ><div class=\"iconlist_content_wrap\"><header class=\"entry-content-header\" aria-label=\"Icon: Montaje muy r\u00e1pido\"><h4 class='av_iconlist_title iconlist_title  '  itemprop=\"headline\" >Montaje muy r\u00e1pido<\/h4><\/header><div class='iconlist_content '  itemprop=\"text\" ><\/div><\/div><footer class=\"entry-footer\"><\/footer><\/article><div class=\"iconlist-timeline\"><\/div><\/li>\n<li><div class='iconlist_icon av-pqqhr-83106bc9bda3331792d1d89c9b2e1c2d avia-font-entypo-fontello avia-iconfont avia-font-entypo-fontello'><span class='av-icon-char' data-av_icon='\ue816' data-av_iconfont='entypo-fontello' aria-hidden=\"true\"><\/span><\/div><article class=\"article-icon-entry av-iconlist-empty\"  itemscope=\"itemscope\" itemtype=\"https:\/\/schema.org\/CreativeWork\" ><div class=\"iconlist_content_wrap\"><header class=\"entry-content-header\" aria-label=\"Icon: Soportes angulares y caminos de rodillos preensamblados\"><h4 class='av_iconlist_title iconlist_title  '  itemprop=\"headline\" >Soportes angulares y caminos de rodillos preensamblados<\/h4><\/header><div class='iconlist_content '  itemprop=\"text\" ><\/div><\/div><footer class=\"entry-footer\"><\/footer><\/article><div class=\"iconlist-timeline\"><\/div><\/li>\n<li><div class='iconlist_icon av-1yfbz-a1fe6c9356aa90e58380b79eaad9c2eb avia-font-entypo-fontello avia-iconfont avia-font-entypo-fontello'><span class='av-icon-char' data-av_icon='\ue816' data-av_iconfont='entypo-fontello' aria-hidden=\"true\"><\/span><\/div><article class=\"article-icon-entry av-iconlist-empty\"  itemscope=\"itemscope\" itemtype=\"https:\/\/schema.org\/CreativeWork\" ><div class=\"iconlist_content_wrap\"><header class=\"entry-content-header\" aria-label=\"Icon: Gu\u00eda lateral adaptada al tipo de contenedor\"><h4 class='av_iconlist_title iconlist_title  '  itemprop=\"headline\" >Gu\u00eda lateral adaptada al tipo de contenedor<\/h4><\/header><div class='iconlist_content '  itemprop=\"text\" ><\/div><\/div><footer class=\"entry-footer\"><\/footer><\/article><div class=\"iconlist-timeline\"><\/div><\/li>\n<li><div class='iconlist_icon av-cxcxb-1b6997737baccfc185bde71c8ee4b9a6 avia-font-entypo-fontello avia-iconfont avia-font-entypo-fontello'><span class='av-icon-char' data-av_icon='\ue816' data-av_iconfont='entypo-fontello' aria-hidden=\"true\"><\/span><\/div><article class=\"article-icon-entry av-iconlist-empty\"  itemscope=\"itemscope\" itemtype=\"https:\/\/schema.org\/CreativeWork\" ><div class=\"iconlist_content_wrap\"><header class=\"entry-content-header\" aria-label=\"Icon: Tolva de entrada\"><h4 class='av_iconlist_title iconlist_title  '  itemprop=\"headline\" >Tolva de entrada<\/h4><\/header><div class='iconlist_content '  itemprop=\"text\" ><\/div><\/div><footer class=\"entry-footer\"><\/footer><\/article><div class=\"iconlist-timeline\"><\/div><\/li>\n<li><div class='iconlist_icon av-alx2f-c909eacf5e7eb6d0cd9ebfe84828f287 avia-font-entypo-fontello avia-iconfont avia-font-entypo-fontello'><span class='av-icon-char' data-av_icon='\ue816' data-av_iconfont='entypo-fontello' aria-hidden=\"true\"><\/span><\/div><article class=\"article-icon-entry av-iconlist-empty\"  itemscope=\"itemscope\" itemtype=\"https:\/\/schema.org\/CreativeWork\" ><div class=\"iconlist_content_wrap\"><header class=\"entry-content-header\" aria-label=\"Icon: Permite la integraci\u00f3n de pantallas pick-by-light\"><h4 class='av_iconlist_title iconlist_title  '  itemprop=\"headline\" >Permite la integraci\u00f3n de pantallas pick-by-light<\/h4><\/header><div class='iconlist_content '  itemprop=\"text\" ><\/div><\/div><footer class=\"entry-footer\"><\/footer><\/article><div class=\"iconlist-timeline\"><\/div><\/li>\n<\/ul><\/div><\/p><\/div>\n","protected":false},"excerpt":{"rendered":"","protected":false},"author":1,"featured_media":623,"parent":787,"menu_order":0,"comment_status":"closed","ping_status":"closed","template":"","meta":{"inline_featured_image":false,"footnotes":""},"class_list":["post-791","page","type-page","status-publish","has-post-thumbnail","hentry"],"yoast_head":"<!-- This site is optimized with the Yoast SEO plugin v26.3 - https:\/\/yoast.com\/wordpress\/plugins\/seo\/ -->\n<title>Canales din\u00e1micos AKL para art\u00edculos de formato peque\u00f1o - SCHMALE LOGTEC ES<\/title>\n<meta name=\"robots\" content=\"index, follow, max-snippet:-1, max-image-preview:large, max-video-preview:-1\" \/>\n<link rel=\"canonical\" href=\"https:\/\/schmale-logtec.de\/es\/productos\/canales-dinamicos-akl-para-articulos-de-formato-pequeno\/\" \/>\n<meta property=\"og:locale\" content=\"de_DE\" \/>\n<meta property=\"og:type\" content=\"article\" \/>\n<meta property=\"og:title\" content=\"Canales din\u00e1micos AKL para art\u00edculos de formato peque\u00f1o - SCHMALE LOGTEC ES\" \/>\n<meta property=\"og:url\" content=\"https:\/\/schmale-logtec.de\/es\/productos\/canales-dinamicos-akl-para-articulos-de-formato-pequeno\/\" \/>\n<meta property=\"og:site_name\" content=\"SCHMALE LOGTEC ES\" \/>\n<meta property=\"article:modified_time\" content=\"2020-01-09T10:11:31+00:00\" \/>\n<meta property=\"og:image\" content=\"https:\/\/schmale-logtec.de\/es\/wp-content\/uploads\/sites\/8\/2018\/03\/akl_durchlaufkanaele_schmale_logtec_intralogistik.jpg\" \/>\n\t<meta property=\"og:image:width\" content=\"1500\" \/>\n\t<meta property=\"og:image:height\" content=\"630\" \/>\n\t<meta property=\"og:image:type\" content=\"image\/jpeg\" \/>\n<meta name=\"twitter:card\" content=\"summary_large_image\" \/>\n<meta name=\"twitter:label1\" content=\"Gesch\u00e4tzte Lesezeit\" \/>\n\t<meta name=\"twitter:data1\" content=\"6\u00a0Minuten\" \/>\n<script type=\"application\/ld+json\" class=\"yoast-schema-graph\">{\"@context\":\"https:\/\/schema.org\",\"@graph\":[{\"@type\":\"WebPage\",\"@id\":\"https:\/\/schmale-logtec.de\/es\/productos\/canales-dinamicos-akl-para-articulos-de-formato-pequeno\/\",\"url\":\"https:\/\/schmale-logtec.de\/es\/productos\/canales-dinamicos-akl-para-articulos-de-formato-pequeno\/\",\"name\":\"Canales din\u00e1micos AKL para art\u00edculos de formato peque\u00f1o - SCHMALE LOGTEC ES\",\"isPartOf\":{\"@id\":\"https:\/\/schmale-logtec.de\/es\/#website\"},\"primaryImageOfPage\":{\"@id\":\"https:\/\/schmale-logtec.de\/es\/productos\/canales-dinamicos-akl-para-articulos-de-formato-pequeno\/#primaryimage\"},\"image\":{\"@id\":\"https:\/\/schmale-logtec.de\/es\/productos\/canales-dinamicos-akl-para-articulos-de-formato-pequeno\/#primaryimage\"},\"thumbnailUrl\":\"https:\/\/schmale-logtec.de\/es\/wp-content\/uploads\/sites\/8\/2018\/03\/akl_durchlaufkanaele_schmale_logtec_intralogistik.jpg\",\"datePublished\":\"2019-10-22T07:16:23+00:00\",\"dateModified\":\"2020-01-09T10:11:31+00:00\",\"breadcrumb\":{\"@id\":\"https:\/\/schmale-logtec.de\/es\/productos\/canales-dinamicos-akl-para-articulos-de-formato-pequeno\/#breadcrumb\"},\"inLanguage\":\"de\",\"potentialAction\":[{\"@type\":\"ReadAction\",\"target\":[\"https:\/\/schmale-logtec.de\/es\/productos\/canales-dinamicos-akl-para-articulos-de-formato-pequeno\/\"]}]},{\"@type\":\"ImageObject\",\"inLanguage\":\"de\",\"@id\":\"https:\/\/schmale-logtec.de\/es\/productos\/canales-dinamicos-akl-para-articulos-de-formato-pequeno\/#primaryimage\",\"url\":\"https:\/\/schmale-logtec.de\/es\/wp-content\/uploads\/sites\/8\/2018\/03\/akl_durchlaufkanaele_schmale_logtec_intralogistik.jpg\",\"contentUrl\":\"https:\/\/schmale-logtec.de\/es\/wp-content\/uploads\/sites\/8\/2018\/03\/akl_durchlaufkanaele_schmale_logtec_intralogistik.jpg\",\"width\":1500,\"height\":630,\"caption\":\"akl durchlaufkanaele schmale logtec intralogistik\"},{\"@type\":\"BreadcrumbList\",\"@id\":\"https:\/\/schmale-logtec.de\/es\/productos\/canales-dinamicos-akl-para-articulos-de-formato-pequeno\/#breadcrumb\",\"itemListElement\":[{\"@type\":\"ListItem\",\"position\":1,\"name\":\"Startseite\",\"item\":\"https:\/\/schmale-logtec.de\/es\/\"},{\"@type\":\"ListItem\",\"position\":2,\"name\":\"Productos\",\"item\":\"https:\/\/schmale-logtec.de\/es\/productos\/\"},{\"@type\":\"ListItem\",\"position\":3,\"name\":\"Canales din\u00e1micos AKL para art\u00edculos de formato peque\u00f1o\"}]},{\"@type\":\"WebSite\",\"@id\":\"https:\/\/schmale-logtec.de\/es\/#website\",\"url\":\"https:\/\/schmale-logtec.de\/es\/\",\"name\":\"SCHMALE LOGTEC ES\",\"description\":\"\",\"potentialAction\":[{\"@type\":\"SearchAction\",\"target\":{\"@type\":\"EntryPoint\",\"urlTemplate\":\"https:\/\/schmale-logtec.de\/es\/?s={search_term_string}\"},\"query-input\":{\"@type\":\"PropertyValueSpecification\",\"valueRequired\":true,\"valueName\":\"search_term_string\"}}],\"inLanguage\":\"de\"}]}<\/script>\n<!-- \/ Yoast SEO plugin. -->","yoast_head_json":{"title":"Canales din\u00e1micos AKL para art\u00edculos de formato peque\u00f1o - SCHMALE LOGTEC ES","robots":{"index":"index","follow":"follow","max-snippet":"max-snippet:-1","max-image-preview":"max-image-preview:large","max-video-preview":"max-video-preview:-1"},"canonical":"https:\/\/schmale-logtec.de\/es\/productos\/canales-dinamicos-akl-para-articulos-de-formato-pequeno\/","og_locale":"de_DE","og_type":"article","og_title":"Canales din\u00e1micos AKL para art\u00edculos de formato peque\u00f1o - SCHMALE LOGTEC ES","og_url":"https:\/\/schmale-logtec.de\/es\/productos\/canales-dinamicos-akl-para-articulos-de-formato-pequeno\/","og_site_name":"SCHMALE LOGTEC ES","article_modified_time":"2020-01-09T10:11:31+00:00","og_image":[{"width":1500,"height":630,"url":"https:\/\/schmale-logtec.de\/es\/wp-content\/uploads\/sites\/8\/2018\/03\/akl_durchlaufkanaele_schmale_logtec_intralogistik.jpg","type":"image\/jpeg"}],"twitter_card":"summary_large_image","twitter_misc":{"Gesch\u00e4tzte Lesezeit":"6\u00a0Minuten"},"schema":{"@context":"https:\/\/schema.org","@graph":[{"@type":"WebPage","@id":"https:\/\/schmale-logtec.de\/es\/productos\/canales-dinamicos-akl-para-articulos-de-formato-pequeno\/","url":"https:\/\/schmale-logtec.de\/es\/productos\/canales-dinamicos-akl-para-articulos-de-formato-pequeno\/","name":"Canales din\u00e1micos AKL para art\u00edculos de formato peque\u00f1o - SCHMALE LOGTEC ES","isPartOf":{"@id":"https:\/\/schmale-logtec.de\/es\/#website"},"primaryImageOfPage":{"@id":"https:\/\/schmale-logtec.de\/es\/productos\/canales-dinamicos-akl-para-articulos-de-formato-pequeno\/#primaryimage"},"image":{"@id":"https:\/\/schmale-logtec.de\/es\/productos\/canales-dinamicos-akl-para-articulos-de-formato-pequeno\/#primaryimage"},"thumbnailUrl":"https:\/\/schmale-logtec.de\/es\/wp-content\/uploads\/sites\/8\/2018\/03\/akl_durchlaufkanaele_schmale_logtec_intralogistik.jpg","datePublished":"2019-10-22T07:16:23+00:00","dateModified":"2020-01-09T10:11:31+00:00","breadcrumb":{"@id":"https:\/\/schmale-logtec.de\/es\/productos\/canales-dinamicos-akl-para-articulos-de-formato-pequeno\/#breadcrumb"},"inLanguage":"de","potentialAction":[{"@type":"ReadAction","target":["https:\/\/schmale-logtec.de\/es\/productos\/canales-dinamicos-akl-para-articulos-de-formato-pequeno\/"]}]},{"@type":"ImageObject","inLanguage":"de","@id":"https:\/\/schmale-logtec.de\/es\/productos\/canales-dinamicos-akl-para-articulos-de-formato-pequeno\/#primaryimage","url":"https:\/\/schmale-logtec.de\/es\/wp-content\/uploads\/sites\/8\/2018\/03\/akl_durchlaufkanaele_schmale_logtec_intralogistik.jpg","contentUrl":"https:\/\/schmale-logtec.de\/es\/wp-content\/uploads\/sites\/8\/2018\/03\/akl_durchlaufkanaele_schmale_logtec_intralogistik.jpg","width":1500,"height":630,"caption":"akl durchlaufkanaele schmale logtec intralogistik"},{"@type":"BreadcrumbList","@id":"https:\/\/schmale-logtec.de\/es\/productos\/canales-dinamicos-akl-para-articulos-de-formato-pequeno\/#breadcrumb","itemListElement":[{"@type":"ListItem","position":1,"name":"Startseite","item":"https:\/\/schmale-logtec.de\/es\/"},{"@type":"ListItem","position":2,"name":"Productos","item":"https:\/\/schmale-logtec.de\/es\/productos\/"},{"@type":"ListItem","position":3,"name":"Canales din\u00e1micos AKL para art\u00edculos de formato peque\u00f1o"}]},{"@type":"WebSite","@id":"https:\/\/schmale-logtec.de\/es\/#website","url":"https:\/\/schmale-logtec.de\/es\/","name":"SCHMALE LOGTEC ES","description":"","potentialAction":[{"@type":"SearchAction","target":{"@type":"EntryPoint","urlTemplate":"https:\/\/schmale-logtec.de\/es\/?s={search_term_string}"},"query-input":{"@type":"PropertyValueSpecification","valueRequired":true,"valueName":"search_term_string"}}],"inLanguage":"de"}]}},"_links":{"self":[{"href":"https:\/\/schmale-logtec.de\/es\/wp-json\/wp\/v2\/pages\/791","targetHints":{"allow":["GET"]}}],"collection":[{"href":"https:\/\/schmale-logtec.de\/es\/wp-json\/wp\/v2\/pages"}],"about":[{"href":"https:\/\/schmale-logtec.de\/es\/wp-json\/wp\/v2\/types\/page"}],"author":[{"embeddable":true,"href":"https:\/\/schmale-logtec.de\/es\/wp-json\/wp\/v2\/users\/1"}],"replies":[{"embeddable":true,"href":"https:\/\/schmale-logtec.de\/es\/wp-json\/wp\/v2\/comments?post=791"}],"version-history":[{"count":3,"href":"https:\/\/schmale-logtec.de\/es\/wp-json\/wp\/v2\/pages\/791\/revisions"}],"predecessor-version":[{"id":912,"href":"https:\/\/schmale-logtec.de\/es\/wp-json\/wp\/v2\/pages\/791\/revisions\/912"}],"up":[{"embeddable":true,"href":"https:\/\/schmale-logtec.de\/es\/wp-json\/wp\/v2\/pages\/787"}],"wp:featuredmedia":[{"embeddable":true,"href":"https:\/\/schmale-logtec.de\/es\/wp-json\/wp\/v2\/media\/623"}],"wp:attachment":[{"href":"https:\/\/schmale-logtec.de\/es\/wp-json\/wp\/v2\/media?parent=791"}],"curies":[{"name":"wp","href":"https:\/\/api.w.org\/{rel}","templated":true}]}}