{"id":802,"date":"2019-10-22T10:39:58","date_gmt":"2019-10-22T08:39:58","guid":{"rendered":"https:\/\/schmale-logtec.de\/es\/?page_id=802"},"modified":"2020-01-09T11:11:38","modified_gmt":"2020-01-09T10:11:38","slug":"estanterias-dinamicas","status":"publish","type":"page","link":"https:\/\/schmale-logtec.de\/es\/productos\/estanterias-dinamicas\/","title":{"rendered":"Estanter\u00edas din\u00e1micas"},"content":{"rendered":"<div  class='avia-slideshow av-4i549i-a1da61fc390c9088c9acd452ad145fb5 avia-slideshow-featured_large av_slideshow avia-fade-slider  avia-builder-el-0  el_before_av_one_full  avia-builder-el-first  av-slideshow-ui av-control-minimal av-slideshow-autoplay av-loop-endless av-loop-manual-endless av-default-height-applied avia-slideshow-1' data-slideshow-options=\"{&quot;animation&quot;:&quot;fade&quot;,&quot;autoplay&quot;:true,&quot;loop_autoplay&quot;:&quot;endless&quot;,&quot;interval&quot;:5,&quot;loop_manual&quot;:&quot;manual-endless&quot;,&quot;autoplay_stopper&quot;:false,&quot;noNavigation&quot;:false,&quot;bg_slider&quot;:false,&quot;keep_padding&quot;:false,&quot;hoverpause&quot;:false,&quot;show_slide_delay&quot;:0}\"  itemprop=\"image\" itemscope=\"itemscope\" itemtype=\"https:\/\/schema.org\/ImageObject\" ><ul class='avia-slideshow-inner ' style='padding-bottom: 42%;'><li  class='avia-slideshow-slide av-4i549i-a1da61fc390c9088c9acd452ad145fb5__0  slide-1 slide-odd'><div data-rel='slideshow-1' class='avia-slide-wrap '   ><img decoding=\"async\" fetchpriority=\"high\" class=\"wp-image-601 avia-img-lazy-loading-not-601\"  src=\"https:\/\/schmale-logtec.de\/es\/wp-content\/uploads\/sites\/8\/2018\/03\/durchlaufregale_intralogistik_schmale_logtec.jpg\" width=\"1500\" height=\"630\" title='' alt='durchlaufregale intralogistik schmale logtec'  itemprop=\"thumbnailUrl\" srcset=\"https:\/\/schmale-logtec.de\/es\/wp-content\/uploads\/sites\/8\/2018\/03\/durchlaufregale_intralogistik_schmale_logtec.jpg 1500w, https:\/\/schmale-logtec.de\/es\/wp-content\/uploads\/sites\/8\/2018\/03\/durchlaufregale_intralogistik_schmale_logtec-300x126.jpg 300w, https:\/\/schmale-logtec.de\/es\/wp-content\/uploads\/sites\/8\/2018\/03\/durchlaufregale_intralogistik_schmale_logtec-768x323.jpg 768w, https:\/\/schmale-logtec.de\/es\/wp-content\/uploads\/sites\/8\/2018\/03\/durchlaufregale_intralogistik_schmale_logtec-1024x430.jpg 1024w, https:\/\/schmale-logtec.de\/es\/wp-content\/uploads\/sites\/8\/2018\/03\/durchlaufregale_intralogistik_schmale_logtec-705x296.jpg 705w, https:\/\/schmale-logtec.de\/es\/wp-content\/uploads\/sites\/8\/2018\/03\/durchlaufregale_intralogistik_schmale_logtec-450x189.jpg 450w\" sizes=\"(max-width: 1500px) 100vw, 1500px\" \/><\/div><\/li><\/ul><\/div>\n\n<style type=\"text\/css\" data-created_by=\"avia_inline_auto\" id=\"style-css-av-3q9uza-d6b9278d8b4121f9c0997c531ff51264\">\n#top .flex_column.av-3q9uza-d6b9278d8b4121f9c0997c531ff51264{\nmargin-top:0px;\nmargin-bottom:0px;\n}\n.flex_column.av-3q9uza-d6b9278d8b4121f9c0997c531ff51264{\nborder-radius:0px 0px 0px 0px;\npadding:0px 0px 0px 0px;\n}\n.responsive #top #wrap_all .flex_column.av-3q9uza-d6b9278d8b4121f9c0997c531ff51264{\nmargin-top:0px;\nmargin-bottom:0px;\n}\n<\/style>\n<div  class='flex_column av-3q9uza-d6b9278d8b4121f9c0997c531ff51264 av_one_full  avia-builder-el-1  el_after_av_slideshow  el_before_av_one_half  first flex_column_div av-animated-generic bottom-to-top av-zero-column-padding  '     ><p>\n<style type=\"text\/css\" data-created_by=\"avia_inline_auto\" id=\"style-css-av-k21lfity-215f2a90b53255120a380c1e52528138\">\n#top .av-special-heading.av-k21lfity-215f2a90b53255120a380c1e52528138{\npadding-bottom:0;\n}\nbody .av-special-heading.av-k21lfity-215f2a90b53255120a380c1e52528138 .av-special-heading-tag .heading-char{\nfont-size:25px;\n}\n.av-special-heading.av-k21lfity-215f2a90b53255120a380c1e52528138 .av-subheading{\nfont-size:15px;\n}\n<\/style>\n<div  class='av-special-heading av-k21lfity-215f2a90b53255120a380c1e52528138 av-special-heading-h1 blockquote modern-quote  avia-builder-el-2  el_before_av_hr  avia-builder-el-first '><h1 class='av-special-heading-tag '  itemprop=\"headline\"  >Estanter\u00edas din\u00e1micas<\/h1><div class=\"special-heading-border\"><div class=\"special-heading-inner-border\"><\/div><\/div><\/div><br \/>\n\n<style type=\"text\/css\" data-created_by=\"avia_inline_auto\" id=\"style-css-av-3cxq9a-f9d8cd68b69cf05de104ce18a3a4a87d\">\n#top .hr.av-3cxq9a-f9d8cd68b69cf05de104ce18a3a4a87d{\nmargin-top:10px;\nmargin-bottom:10px;\n}\n.hr.av-3cxq9a-f9d8cd68b69cf05de104ce18a3a4a87d .hr-inner{\nwidth:50px;\nborder-color:#efbb20;\n}\n<\/style>\n<div  class='hr av-3cxq9a-f9d8cd68b69cf05de104ce18a3a4a87d hr-custom  avia-builder-el-3  el_after_av_heading  avia-builder-el-last  hr-left hr-icon-no'><span class='hr-inner inner-border-av-border-fat'><span class=\"hr-inner-style\"><\/span><\/span><\/div><\/p><\/div>\n<style type=\"text\/css\" data-created_by=\"avia_inline_auto\" id=\"style-css-av-378wsu-50170afa85567e6ff15de95e7a3dcb9f\">\n#top .flex_column.av-378wsu-50170afa85567e6ff15de95e7a3dcb9f{\nmargin-top:0px;\nmargin-bottom:0px;\n}\n.flex_column.av-378wsu-50170afa85567e6ff15de95e7a3dcb9f{\nborder-radius:0px 0px 0px 0px;\npadding:0px 0px 0px 0px;\n}\n.responsive #top #wrap_all .flex_column.av-378wsu-50170afa85567e6ff15de95e7a3dcb9f{\nmargin-top:0px;\nmargin-bottom:0px;\n}\n<\/style>\n<div  class='flex_column av-378wsu-50170afa85567e6ff15de95e7a3dcb9f av_one_half  avia-builder-el-4  el_after_av_one_full  el_before_av_one_half  first flex_column_div av-animated-generic bottom-to-top av-zero-column-padding  column-top-margin'     ><section  class='av_textblock_section av-2zrqzi-75b95ef8b08a09dab17732bb3bd2d45d '   itemscope=\"itemscope\" itemtype=\"https:\/\/schema.org\/CreativeWork\" ><div class='avia_textblock'  itemprop=\"text\" ><h2>Simplemente genial, genialmente f\u00e1cil<\/h2>\n<p>Las estanter\u00edas din\u00e1micas de SCHMALE LOGTEC permiten almacenar y preparar cajas y envases de manera eficiente, segura y sin esfuerzo, seg\u00fan el principio FIFO (primero en entrar, primero en salir).<\/p>\n<h2>Flujo de material eficiente<\/h2>\n<p>Por el efecto de la gravedad, los contenedores o cajas pasan por una ligera pendiente a trav\u00e9s de la estanter\u00eda din\u00e1mica desde el punto de entrada hasta el punto de salida. Si es necesario, los rodillos de freno regulan autom\u00e1ticamente la velocidad. El espacio de almacenamiento se utiliza de manera \u00f3ptima, los trayectos internos y de preparaci\u00f3n del pedido se minimizan.<\/p>\n<\/div><\/section><\/div>\n<style type=\"text\/css\" data-created_by=\"avia_inline_auto\" id=\"style-css-av-2xbtv2-a9a22dfc78d9b575f28fac9978b1f103\">\n#top .flex_column.av-2xbtv2-a9a22dfc78d9b575f28fac9978b1f103{\nmargin-top:0px;\nmargin-bottom:0px;\n}\n.flex_column.av-2xbtv2-a9a22dfc78d9b575f28fac9978b1f103{\nborder-radius:0px 0px 0px 0px;\npadding:0px 0px 0px 0px;\n}\n.responsive #top #wrap_all .flex_column.av-2xbtv2-a9a22dfc78d9b575f28fac9978b1f103{\nmargin-top:0px;\nmargin-bottom:0px;\n}\n<\/style>\n<div  class='flex_column av-2xbtv2-a9a22dfc78d9b575f28fac9978b1f103 av_one_half  avia-builder-el-6  el_after_av_one_half  el_before_av_one_full  flex_column_div av-animated-generic bottom-to-top av-zero-column-padding  column-top-margin'     ><section  class='av_textblock_section av-2qfl4u-bb8308703b0225fd99000d6687da068b '   itemscope=\"itemscope\" itemtype=\"https:\/\/schema.org\/CreativeWork\" ><div class='avia_textblock'  itemprop=\"text\" ><h2>Accesorios &#8211; completamente flexibles<\/h2>\n<p>Los sistemas de picking din\u00e1mico pueden integrarse en los sistemas de estanter\u00edas de los clientes con adaptadores o con perfiles ajustados a nuestro propio sistema.<br \/>\nPara este prop\u00f3sito, utilizamos nuestros soportes reversibles de alta resistencia, con la ayuda de los cuales las perforaciones en soportes o adaptadores se reduce a la mitad. De esta manera, la disposici\u00f3n vertical y la inclinaci\u00f3n se pueden ajustar con precisi\u00f3n.<br \/>\nLas estanter\u00edas din\u00e1micas se pueden configurar f\u00e1cilmente sin herramientas. De este modo, se adaptan a los respectivos productos almacenados en cualquier momento.<br \/>\nPara adaptar las estanter\u00edas din\u00e1micas a los requisitos m\u00e1s diversos, existen todas las soluciones imaginables, tales como bandejas de preparaci\u00f3n de pedido inclinadas, opciones de montaje para pantallas pick-by-light en diferentes \u00e1ngulos, etc.<br \/>\nAdem\u00e1s, existen m\u00faltiples accesorios como consolas de transportadores y escalones de acceso.<\/p>\n<\/div><\/section><\/div>\n<style type=\"text\/css\" data-created_by=\"avia_inline_auto\" id=\"style-css-av-2icl1y-2418916b9cd9c57a4e86942dfdc9763a\">\n.flex_column.av-2icl1y-2418916b9cd9c57a4e86942dfdc9763a{\nborder-width:1px;\nborder-style:solid;\nborder-radius:0px 0px 0px 0px;\npadding:20px 20px 20px 20px;\nbackground-color:#ffa300;\n}\n<\/style>\n<div  class='flex_column av-2icl1y-2418916b9cd9c57a4e86942dfdc9763a av_one_full  avia-builder-el-8  el_after_av_one_half  el_before_av_hr  first flex_column_div av-animated-generic bottom-to-top  column-top-margin'     ><section  class='av_textblock_section av-2es4tq-c057e9a38f8425dce012d4f251eb61bd '   itemscope=\"itemscope\" itemtype=\"https:\/\/schema.org\/CreativeWork\" ><div class='avia_textblock'  itemprop=\"text\" ><p style=\"text-align: center;\"><span class=\"zitate-fliesstext\">\u201eEl principio FIFO basado en la fuerza de gravedad, ahorra espacio, minimiza los trayectos en la preparaci\u00f3n de pedidos y ahorra tiempo en la recogida de art\u00edculos.\u201c<\/span><\/p>\n<\/div><\/section><\/div>\n<style type=\"text\/css\" data-created_by=\"avia_inline_auto\" id=\"style-css-av-289bw6-2bc7c9571e42ffa705c711c0ebce99bc\">\n#top .hr.hr-invisible.av-289bw6-2bc7c9571e42ffa705c711c0ebce99bc{\nheight:50px;\n}\n<\/style>\n<div  class='hr av-289bw6-2bc7c9571e42ffa705c711c0ebce99bc hr-invisible  avia-builder-el-10  el_after_av_one_full  el_before_av_heading '><span class='hr-inner '><span class=\"hr-inner-style\"><\/span><\/span><\/div><\/p>\n\n<style type=\"text\/css\" data-created_by=\"avia_inline_auto\" id=\"style-css-av-k21lj518-1f677a8a3555f66da7a6c65d32735a6f\">\n#top .av-special-heading.av-k21lj518-1f677a8a3555f66da7a6c65d32735a6f{\npadding-bottom:10px;\n}\nbody .av-special-heading.av-k21lj518-1f677a8a3555f66da7a6c65d32735a6f .av-special-heading-tag .heading-char{\nfont-size:25px;\n}\n.av-special-heading.av-k21lj518-1f677a8a3555f66da7a6c65d32735a6f .av-subheading{\nfont-size:15px;\n}\n<\/style>\n<div  class='av-special-heading av-k21lj518-1f677a8a3555f66da7a6c65d32735a6f av-special-heading-h3  avia-builder-el-11  el_after_av_hr  el_before_av_one_half '><h3 class='av-special-heading-tag '  itemprop=\"headline\"  >+ Ventajas destacadas<\/h3><div class=\"special-heading-border\"><div class=\"special-heading-inner-border\"><\/div><\/div><\/div>\n\n<style type=\"text\/css\" data-created_by=\"avia_inline_auto\" id=\"style-css-av-755em-7c03d68dc1051940c63e687f195277d5\">\n.flex_column.av-755em-7c03d68dc1051940c63e687f195277d5{\nborder-radius:0px 0px 0px 0px;\npadding:0px 0px 0px 0px;\n}\n<\/style>\n<div  class='flex_column av-755em-7c03d68dc1051940c63e687f195277d5 av_one_half  avia-builder-el-12  el_after_av_heading  el_before_av_one_half  first flex_column_div av-zero-column-padding  '     ><div  class='avia-icon-list-container av-1p4xhi-4dd241c0c70aa92e7e1acdb338fd1415  avia-builder-el-13  avia-builder-el-no-sibling '><ul class='avia-icon-list avia_animate_when_almost_visible avia-icon-list-left av-iconlist-big av-1p4xhi-4dd241c0c70aa92e7e1acdb338fd1415 avia-iconlist-animate'>\n<li><div class='iconlist_icon av-17fqlm-30588350cca4e4d423e7132ff70ce239 avia-font-entypo-fontello avia-iconfont avia-font-entypo-fontello'><span class='av-icon-char' data-av_icon='\ue816' data-av_iconfont='entypo-fontello' aria-hidden=\"true\"><\/span><\/div><article class=\"article-icon-entry av-iconlist-empty\"  itemscope=\"itemscope\" itemtype=\"https:\/\/schema.org\/CreativeWork\" ><div class=\"iconlist_content_wrap\"><header class=\"entry-content-header\" aria-label=\"Icon: Sistema de ahorro de espacio con alta densidad de almacenaje\"><h4 class='av_iconlist_title iconlist_title  '  itemprop=\"headline\" >Sistema de ahorro de espacio con alta densidad de almacenaje<\/h4><\/header><div class='iconlist_content '  itemprop=\"text\" ><\/div><\/div><footer class=\"entry-footer\"><\/footer><\/article><div class=\"iconlist-timeline\"><\/div><\/li>\n<li><div class='iconlist_icon av-dji2-011ba13cf35d5d5c1eea00454a04e6a8 avia-font-entypo-fontello avia-iconfont avia-font-entypo-fontello'><span class='av-icon-char' data-av_icon='\ue816' data-av_iconfont='entypo-fontello' aria-hidden=\"true\"><\/span><\/div><article class=\"article-icon-entry av-iconlist-empty\"  itemscope=\"itemscope\" itemtype=\"https:\/\/schema.org\/CreativeWork\" ><div class=\"iconlist_content_wrap\"><header class=\"entry-content-header\" aria-label=\"Icon: Minimizaci\u00f3n de los trayectos\"><h4 class='av_iconlist_title iconlist_title  '  itemprop=\"headline\" >Minimizaci\u00f3n de los trayectos<\/h4><\/header><div class='iconlist_content '  itemprop=\"text\" ><\/div><\/div><footer class=\"entry-footer\"><\/footer><\/article><div class=\"iconlist-timeline\"><\/div><\/li>\n<li><div class='iconlist_icon av-vcvia-e31e89f8ccb8f6c051fc61090cbfaf44 avia-font-entypo-fontello avia-iconfont avia-font-entypo-fontello'><span class='av-icon-char' data-av_icon='\ue816' data-av_iconfont='entypo-fontello' aria-hidden=\"true\"><\/span><\/div><article class=\"article-icon-entry av-iconlist-empty\"  itemscope=\"itemscope\" itemtype=\"https:\/\/schema.org\/CreativeWork\" ><div class=\"iconlist_content_wrap\"><header class=\"entry-content-header\" aria-label=\"Icon: Acceso r\u00e1pido seg\u00fan el principio FIFO\"><h4 class='av_iconlist_title iconlist_title  '  itemprop=\"headline\" >Acceso r\u00e1pido seg\u00fan el principio FIFO<\/h4><\/header><div class='iconlist_content '  itemprop=\"text\" ><\/div><\/div><footer class=\"entry-footer\"><\/footer><\/article><div class=\"iconlist-timeline\"><\/div><\/li>\n<li><div class='iconlist_icon av-sc3m2-c57b9fb21f0c5030f5b3c2c65f2ba917 avia-font-entypo-fontello avia-iconfont avia-font-entypo-fontello'><span class='av-icon-char' data-av_icon='\ue816' data-av_iconfont='entypo-fontello' aria-hidden=\"true\"><\/span><\/div><article class=\"article-icon-entry av-iconlist-empty\"  itemscope=\"itemscope\" itemtype=\"https:\/\/schema.org\/CreativeWork\" ><div class=\"iconlist_content_wrap\"><header class=\"entry-content-header\" aria-label=\"Icon: Resistencia extrema\"><h4 class='av_iconlist_title iconlist_title  '  itemprop=\"headline\" >Resistencia extrema<\/h4><\/header><div class='iconlist_content '  itemprop=\"text\" ><\/div><\/div><footer class=\"entry-footer\"><\/footer><\/article><div class=\"iconlist-timeline\"><\/div><\/li>\n<\/ul><\/div><\/div>\n<style type=\"text\/css\" data-created_by=\"avia_inline_auto\" id=\"style-css-av-y767y-32b44177588623fe665dcc7661581ea2\">\n.flex_column.av-y767y-32b44177588623fe665dcc7661581ea2{\nborder-radius:0px 0px 0px 0px;\npadding:0px 0px 0px 0px;\n}\n<\/style>\n<div  class='flex_column av-y767y-32b44177588623fe665dcc7661581ea2 av_one_half  avia-builder-el-14  el_after_av_one_half  avia-builder-el-last  flex_column_div av-zero-column-padding  '     ><div  class='avia-icon-list-container av-tl3tq-80aab123b8b66cc8d8bc939862acf5ab  avia-builder-el-15  avia-builder-el-no-sibling '><ul class='avia-icon-list avia_animate_when_almost_visible avia-icon-list-left av-iconlist-big av-tl3tq-80aab123b8b66cc8d8bc939862acf5ab avia-iconlist-animate'>\n<li><div class='iconlist_icon av-jre6q-5bb960a2f32074b5f65abac40da8eb8c avia-font-entypo-fontello avia-iconfont avia-font-entypo-fontello'><span class='av-icon-char' data-av_icon='\ue816' data-av_iconfont='entypo-fontello' aria-hidden=\"true\"><\/span><\/div><article class=\"article-icon-entry av-iconlist-empty\"  itemscope=\"itemscope\" itemtype=\"https:\/\/schema.org\/CreativeWork\" ><div class=\"iconlist_content_wrap\"><header class=\"entry-content-header\" aria-label=\"Icon: Construcci\u00f3n modular y flexible\"><h4 class='av_iconlist_title iconlist_title  '  itemprop=\"headline\" >Construcci\u00f3n modular y flexible<\/h4><\/header><div class='iconlist_content '  itemprop=\"text\" ><\/div><\/div><footer class=\"entry-footer\"><\/footer><\/article><div class=\"iconlist-timeline\"><\/div><\/li>\n<li><div class='iconlist_icon av-fxd1u-d1ce23d7f66670c535c7a5cb5bd08720 avia-font-entypo-fontello avia-iconfont avia-font-entypo-fontello'><span class='av-icon-char' data-av_icon='\ue816' data-av_iconfont='entypo-fontello' aria-hidden=\"true\"><\/span><\/div><article class=\"article-icon-entry av-iconlist-empty\"  itemscope=\"itemscope\" itemtype=\"https:\/\/schema.org\/CreativeWork\" ><div class=\"iconlist_content_wrap\"><header class=\"entry-content-header\" aria-label=\"Icon: Resistente a impactos de carretillas elevadoras\"><h4 class='av_iconlist_title iconlist_title  '  itemprop=\"headline\" >Resistente a impactos de carretillas elevadoras<\/h4><\/header><div class='iconlist_content '  itemprop=\"text\" ><\/div><\/div><footer class=\"entry-footer\"><\/footer><\/article><div class=\"iconlist-timeline\"><\/div><\/li>\n<li><div class='iconlist_icon av-aubjm-1beee8335d7e0702129184cf60578498 avia-font-entypo-fontello avia-iconfont avia-font-entypo-fontello'><span class='av-icon-char' data-av_icon='\ue816' data-av_iconfont='entypo-fontello' aria-hidden=\"true\"><\/span><\/div><article class=\"article-icon-entry av-iconlist-empty\"  itemscope=\"itemscope\" itemtype=\"https:\/\/schema.org\/CreativeWork\" ><div class=\"iconlist_content_wrap\"><header class=\"entry-content-header\" aria-label=\"Icon: Posibilidad de carga autom\u00e1tica \"><h4 class='av_iconlist_title iconlist_title  '  itemprop=\"headline\" >Posibilidad de carga autom\u00e1tica <\/h4><\/header><div class='iconlist_content '  itemprop=\"text\" ><\/div><\/div><footer class=\"entry-footer\"><\/footer><\/article><div class=\"iconlist-timeline\"><\/div><\/li>\n<\/ul><\/div><\/div><\/p>\n","protected":false},"excerpt":{"rendered":"","protected":false},"author":1,"featured_media":601,"parent":787,"menu_order":0,"comment_status":"closed","ping_status":"closed","template":"","meta":{"inline_featured_image":false,"footnotes":""},"class_list":["post-802","page","type-page","status-publish","has-post-thumbnail","hentry"],"yoast_head":"<!-- This site is optimized with the Yoast SEO plugin v26.3 - https:\/\/yoast.com\/wordpress\/plugins\/seo\/ -->\n<title>Estanter\u00edas din\u00e1micas - SCHMALE LOGTEC ES<\/title>\n<meta name=\"robots\" content=\"index, follow, max-snippet:-1, max-image-preview:large, max-video-preview:-1\" \/>\n<link rel=\"canonical\" href=\"https:\/\/schmale-logtec.de\/es\/productos\/estanterias-dinamicas\/\" \/>\n<meta property=\"og:locale\" content=\"de_DE\" \/>\n<meta property=\"og:type\" content=\"article\" \/>\n<meta property=\"og:title\" content=\"Estanter\u00edas din\u00e1micas - SCHMALE LOGTEC ES\" \/>\n<meta property=\"og:url\" content=\"https:\/\/schmale-logtec.de\/es\/productos\/estanterias-dinamicas\/\" \/>\n<meta property=\"og:site_name\" content=\"SCHMALE LOGTEC ES\" \/>\n<meta property=\"article:modified_time\" content=\"2020-01-09T10:11:38+00:00\" \/>\n<meta property=\"og:image\" content=\"https:\/\/schmale-logtec.de\/es\/wp-content\/uploads\/sites\/8\/2018\/03\/durchlaufregale_intralogistik_schmale_logtec.jpg\" \/>\n\t<meta property=\"og:image:width\" content=\"1500\" \/>\n\t<meta property=\"og:image:height\" content=\"630\" \/>\n\t<meta property=\"og:image:type\" content=\"image\/jpeg\" \/>\n<meta name=\"twitter:card\" content=\"summary_large_image\" \/>\n<meta name=\"twitter:label1\" content=\"Gesch\u00e4tzte Lesezeit\" \/>\n\t<meta name=\"twitter:data1\" content=\"8\u00a0Minuten\" \/>\n<script type=\"application\/ld+json\" class=\"yoast-schema-graph\">{\"@context\":\"https:\/\/schema.org\",\"@graph\":[{\"@type\":\"WebPage\",\"@id\":\"https:\/\/schmale-logtec.de\/es\/productos\/estanterias-dinamicas\/\",\"url\":\"https:\/\/schmale-logtec.de\/es\/productos\/estanterias-dinamicas\/\",\"name\":\"Estanter\u00edas din\u00e1micas - SCHMALE LOGTEC ES\",\"isPartOf\":{\"@id\":\"https:\/\/schmale-logtec.de\/es\/#website\"},\"primaryImageOfPage\":{\"@id\":\"https:\/\/schmale-logtec.de\/es\/productos\/estanterias-dinamicas\/#primaryimage\"},\"image\":{\"@id\":\"https:\/\/schmale-logtec.de\/es\/productos\/estanterias-dinamicas\/#primaryimage\"},\"thumbnailUrl\":\"https:\/\/schmale-logtec.de\/es\/wp-content\/uploads\/sites\/8\/2018\/03\/durchlaufregale_intralogistik_schmale_logtec.jpg\",\"datePublished\":\"2019-10-22T08:39:58+00:00\",\"dateModified\":\"2020-01-09T10:11:38+00:00\",\"breadcrumb\":{\"@id\":\"https:\/\/schmale-logtec.de\/es\/productos\/estanterias-dinamicas\/#breadcrumb\"},\"inLanguage\":\"de\",\"potentialAction\":[{\"@type\":\"ReadAction\",\"target\":[\"https:\/\/schmale-logtec.de\/es\/productos\/estanterias-dinamicas\/\"]}]},{\"@type\":\"ImageObject\",\"inLanguage\":\"de\",\"@id\":\"https:\/\/schmale-logtec.de\/es\/productos\/estanterias-dinamicas\/#primaryimage\",\"url\":\"https:\/\/schmale-logtec.de\/es\/wp-content\/uploads\/sites\/8\/2018\/03\/durchlaufregale_intralogistik_schmale_logtec.jpg\",\"contentUrl\":\"https:\/\/schmale-logtec.de\/es\/wp-content\/uploads\/sites\/8\/2018\/03\/durchlaufregale_intralogistik_schmale_logtec.jpg\",\"width\":1500,\"height\":630,\"caption\":\"durchlaufregale intralogistik schmale logtec\"},{\"@type\":\"BreadcrumbList\",\"@id\":\"https:\/\/schmale-logtec.de\/es\/productos\/estanterias-dinamicas\/#breadcrumb\",\"itemListElement\":[{\"@type\":\"ListItem\",\"position\":1,\"name\":\"Startseite\",\"item\":\"https:\/\/schmale-logtec.de\/es\/\"},{\"@type\":\"ListItem\",\"position\":2,\"name\":\"Productos\",\"item\":\"https:\/\/schmale-logtec.de\/es\/productos\/\"},{\"@type\":\"ListItem\",\"position\":3,\"name\":\"Estanter\u00edas din\u00e1micas\"}]},{\"@type\":\"WebSite\",\"@id\":\"https:\/\/schmale-logtec.de\/es\/#website\",\"url\":\"https:\/\/schmale-logtec.de\/es\/\",\"name\":\"SCHMALE LOGTEC ES\",\"description\":\"\",\"potentialAction\":[{\"@type\":\"SearchAction\",\"target\":{\"@type\":\"EntryPoint\",\"urlTemplate\":\"https:\/\/schmale-logtec.de\/es\/?s={search_term_string}\"},\"query-input\":{\"@type\":\"PropertyValueSpecification\",\"valueRequired\":true,\"valueName\":\"search_term_string\"}}],\"inLanguage\":\"de\"}]}<\/script>\n<!-- \/ Yoast SEO plugin. -->","yoast_head_json":{"title":"Estanter\u00edas din\u00e1micas - SCHMALE LOGTEC ES","robots":{"index":"index","follow":"follow","max-snippet":"max-snippet:-1","max-image-preview":"max-image-preview:large","max-video-preview":"max-video-preview:-1"},"canonical":"https:\/\/schmale-logtec.de\/es\/productos\/estanterias-dinamicas\/","og_locale":"de_DE","og_type":"article","og_title":"Estanter\u00edas din\u00e1micas - SCHMALE LOGTEC ES","og_url":"https:\/\/schmale-logtec.de\/es\/productos\/estanterias-dinamicas\/","og_site_name":"SCHMALE LOGTEC ES","article_modified_time":"2020-01-09T10:11:38+00:00","og_image":[{"width":1500,"height":630,"url":"https:\/\/schmale-logtec.de\/es\/wp-content\/uploads\/sites\/8\/2018\/03\/durchlaufregale_intralogistik_schmale_logtec.jpg","type":"image\/jpeg"}],"twitter_card":"summary_large_image","twitter_misc":{"Gesch\u00e4tzte Lesezeit":"8\u00a0Minuten"},"schema":{"@context":"https:\/\/schema.org","@graph":[{"@type":"WebPage","@id":"https:\/\/schmale-logtec.de\/es\/productos\/estanterias-dinamicas\/","url":"https:\/\/schmale-logtec.de\/es\/productos\/estanterias-dinamicas\/","name":"Estanter\u00edas din\u00e1micas - SCHMALE LOGTEC ES","isPartOf":{"@id":"https:\/\/schmale-logtec.de\/es\/#website"},"primaryImageOfPage":{"@id":"https:\/\/schmale-logtec.de\/es\/productos\/estanterias-dinamicas\/#primaryimage"},"image":{"@id":"https:\/\/schmale-logtec.de\/es\/productos\/estanterias-dinamicas\/#primaryimage"},"thumbnailUrl":"https:\/\/schmale-logtec.de\/es\/wp-content\/uploads\/sites\/8\/2018\/03\/durchlaufregale_intralogistik_schmale_logtec.jpg","datePublished":"2019-10-22T08:39:58+00:00","dateModified":"2020-01-09T10:11:38+00:00","breadcrumb":{"@id":"https:\/\/schmale-logtec.de\/es\/productos\/estanterias-dinamicas\/#breadcrumb"},"inLanguage":"de","potentialAction":[{"@type":"ReadAction","target":["https:\/\/schmale-logtec.de\/es\/productos\/estanterias-dinamicas\/"]}]},{"@type":"ImageObject","inLanguage":"de","@id":"https:\/\/schmale-logtec.de\/es\/productos\/estanterias-dinamicas\/#primaryimage","url":"https:\/\/schmale-logtec.de\/es\/wp-content\/uploads\/sites\/8\/2018\/03\/durchlaufregale_intralogistik_schmale_logtec.jpg","contentUrl":"https:\/\/schmale-logtec.de\/es\/wp-content\/uploads\/sites\/8\/2018\/03\/durchlaufregale_intralogistik_schmale_logtec.jpg","width":1500,"height":630,"caption":"durchlaufregale intralogistik schmale logtec"},{"@type":"BreadcrumbList","@id":"https:\/\/schmale-logtec.de\/es\/productos\/estanterias-dinamicas\/#breadcrumb","itemListElement":[{"@type":"ListItem","position":1,"name":"Startseite","item":"https:\/\/schmale-logtec.de\/es\/"},{"@type":"ListItem","position":2,"name":"Productos","item":"https:\/\/schmale-logtec.de\/es\/productos\/"},{"@type":"ListItem","position":3,"name":"Estanter\u00edas din\u00e1micas"}]},{"@type":"WebSite","@id":"https:\/\/schmale-logtec.de\/es\/#website","url":"https:\/\/schmale-logtec.de\/es\/","name":"SCHMALE LOGTEC ES","description":"","potentialAction":[{"@type":"SearchAction","target":{"@type":"EntryPoint","urlTemplate":"https:\/\/schmale-logtec.de\/es\/?s={search_term_string}"},"query-input":{"@type":"PropertyValueSpecification","valueRequired":true,"valueName":"search_term_string"}}],"inLanguage":"de"}]}},"_links":{"self":[{"href":"https:\/\/schmale-logtec.de\/es\/wp-json\/wp\/v2\/pages\/802","targetHints":{"allow":["GET"]}}],"collection":[{"href":"https:\/\/schmale-logtec.de\/es\/wp-json\/wp\/v2\/pages"}],"about":[{"href":"https:\/\/schmale-logtec.de\/es\/wp-json\/wp\/v2\/types\/page"}],"author":[{"embeddable":true,"href":"https:\/\/schmale-logtec.de\/es\/wp-json\/wp\/v2\/users\/1"}],"replies":[{"embeddable":true,"href":"https:\/\/schmale-logtec.de\/es\/wp-json\/wp\/v2\/comments?post=802"}],"version-history":[{"count":3,"href":"https:\/\/schmale-logtec.de\/es\/wp-json\/wp\/v2\/pages\/802\/revisions"}],"predecessor-version":[{"id":914,"href":"https:\/\/schmale-logtec.de\/es\/wp-json\/wp\/v2\/pages\/802\/revisions\/914"}],"up":[{"embeddable":true,"href":"https:\/\/schmale-logtec.de\/es\/wp-json\/wp\/v2\/pages\/787"}],"wp:featuredmedia":[{"embeddable":true,"href":"https:\/\/schmale-logtec.de\/es\/wp-json\/wp\/v2\/media\/601"}],"wp:attachment":[{"href":"https:\/\/schmale-logtec.de\/es\/wp-json\/wp\/v2\/media?parent=802"}],"curies":[{"name":"wp","href":"https:\/\/api.w.org\/{rel}","templated":true}]}}