{"id":810,"date":"2019-10-22T10:44:41","date_gmt":"2019-10-22T08:44:41","guid":{"rendered":"https:\/\/schmale-logtec.de\/es\/?page_id=810"},"modified":"2020-01-09T11:11:55","modified_gmt":"2020-01-09T10:11:55","slug":"transportadores-de-rodillos-para-palets","status":"publish","type":"page","link":"https:\/\/schmale-logtec.de\/es\/productos\/transportadores-de-rodillos-para-palets\/","title":{"rendered":"Transportadores de rodillos para palets"},"content":{"rendered":"<div  class='avia-slideshow av-36fags-a70880f9ec8c8ab0b827e8d4fea8134f avia-slideshow-featured_large av_slideshow avia-fade-slider  avia-builder-el-0  el_before_av_one_full  avia-builder-el-first  av-slideshow-ui av-control-minimal av-slideshow-autoplay av-loop-endless av-loop-manual-endless av-default-height-applied avia-slideshow-1' data-slideshow-options=\"{&quot;animation&quot;:&quot;fade&quot;,&quot;autoplay&quot;:true,&quot;loop_autoplay&quot;:&quot;endless&quot;,&quot;interval&quot;:5,&quot;loop_manual&quot;:&quot;manual-endless&quot;,&quot;autoplay_stopper&quot;:false,&quot;noNavigation&quot;:false,&quot;bg_slider&quot;:false,&quot;keep_padding&quot;:false,&quot;hoverpause&quot;:false,&quot;show_slide_delay&quot;:0}\"  itemprop=\"image\" itemscope=\"itemscope\" itemtype=\"https:\/\/schema.org\/ImageObject\" ><ul class='avia-slideshow-inner ' style='padding-bottom: 42%;'><li  class='avia-slideshow-slide av-36fags-a70880f9ec8c8ab0b827e8d4fea8134f__0  slide-1 slide-odd'><div data-rel='slideshow-1' class='avia-slide-wrap '   ><img decoding=\"async\" fetchpriority=\"high\" class=\"wp-image-890 avia-img-lazy-loading-not-890\"  src=\"https:\/\/schmale-logtec.de\/es\/wp-content\/uploads\/sites\/8\/2020\/01\/IMG_2691-1500x630.jpg\" width=\"1500\" height=\"630\" title='IMG_2691' alt=''  itemprop=\"thumbnailUrl\"   \/><\/div><\/li><li  class='avia-slideshow-slide av-36fags-a70880f9ec8c8ab0b827e8d4fea8134f__1  slide-2 slide-even'><div data-rel='slideshow-1' class='avia-slide-wrap '   ><img decoding=\"async\" fetchpriority=\"high\" class=\"wp-image-632 avia-img-lazy-loading-not-632\"  src=\"https:\/\/schmale-logtec.de\/es\/wp-content\/uploads\/sites\/8\/2018\/03\/palettenrollenbahnen_schmale_logtec_intralogistik_003.jpg\" width=\"1500\" height=\"630\" title='' alt='palettenrollenbahnen schmale logtec intralogistik'  itemprop=\"thumbnailUrl\" srcset=\"https:\/\/schmale-logtec.de\/es\/wp-content\/uploads\/sites\/8\/2018\/03\/palettenrollenbahnen_schmale_logtec_intralogistik_003.jpg 1500w, https:\/\/schmale-logtec.de\/es\/wp-content\/uploads\/sites\/8\/2018\/03\/palettenrollenbahnen_schmale_logtec_intralogistik_003-300x126.jpg 300w, https:\/\/schmale-logtec.de\/es\/wp-content\/uploads\/sites\/8\/2018\/03\/palettenrollenbahnen_schmale_logtec_intralogistik_003-768x323.jpg 768w, https:\/\/schmale-logtec.de\/es\/wp-content\/uploads\/sites\/8\/2018\/03\/palettenrollenbahnen_schmale_logtec_intralogistik_003-1024x430.jpg 1024w, https:\/\/schmale-logtec.de\/es\/wp-content\/uploads\/sites\/8\/2018\/03\/palettenrollenbahnen_schmale_logtec_intralogistik_003-705x296.jpg 705w, https:\/\/schmale-logtec.de\/es\/wp-content\/uploads\/sites\/8\/2018\/03\/palettenrollenbahnen_schmale_logtec_intralogistik_003-450x189.jpg 450w\" sizes=\"(max-width: 1500px) 100vw, 1500px\" \/><\/div><\/li><li  class='avia-slideshow-slide av-36fags-a70880f9ec8c8ab0b827e8d4fea8134f__2  slide-3 slide-odd'><div data-rel='slideshow-1' class='avia-slide-wrap '   ><img decoding=\"async\" fetchpriority=\"high\" class=\"wp-image-889 avia-img-lazy-loading-not-889\"  src=\"https:\/\/schmale-logtec.de\/es\/wp-content\/uploads\/sites\/8\/2020\/01\/IMG_2690-1500x630.jpg\" width=\"1500\" height=\"630\" title='IMG_2690' alt=''  itemprop=\"thumbnailUrl\"   \/><\/div><\/li><\/ul><div class='avia-slideshow-arrows avia-slideshow-controls' ><a href='#prev' class='prev-slide  avia-svg-icon avia-font-svg_entypo-fontello' data-av_svg_icon='left-open-big' data-av_iconset='svg_entypo-fontello' tabindex='-1' title=\"Zur\u00fcck\"><svg version=\"1.1\" xmlns=\"http:\/\/www.w3.org\/2000\/svg\" width=\"15\" height=\"32\" viewBox=\"0 0 15 32\" preserveAspectRatio=\"xMidYMid meet\" aria-labelledby='av-svg-title-1' aria-describedby='av-svg-desc-1' role=\"graphics-symbol\" aria-hidden=\"true\">\n<title id='av-svg-title-1'>Zur\u00fcck<\/title>\n<desc id='av-svg-desc-1'>Zur\u00fcck<\/desc>\n<path d=\"M14.464 27.84q0.832 0.832 0 1.536-0.832 0.832-1.536 0l-12.544-12.608q-0.768-0.768 0-1.6l12.544-12.608q0.704-0.832 1.536 0 0.832 0.704 0 1.536l-11.456 11.904z\"><\/path>\n<\/svg><span class='avia_hidden_link_text'>Zur\u00fcck<\/span><\/a><a href='#next' class='next-slide  avia-svg-icon avia-font-svg_entypo-fontello' data-av_svg_icon='right-open-big' data-av_iconset='svg_entypo-fontello' tabindex='-1' title=\"Weiter\"><svg version=\"1.1\" xmlns=\"http:\/\/www.w3.org\/2000\/svg\" width=\"15\" height=\"32\" viewBox=\"0 0 15 32\" preserveAspectRatio=\"xMidYMid meet\" aria-labelledby='av-svg-title-2' aria-describedby='av-svg-desc-2' role=\"graphics-symbol\" aria-hidden=\"true\">\n<title id='av-svg-title-2'>Weiter<\/title>\n<desc id='av-svg-desc-2'>Weiter<\/desc>\n<path d=\"M0.416 27.84l11.456-11.84-11.456-11.904q-0.832-0.832 0-1.536 0.832-0.832 1.536 0l12.544 12.608q0.768 0.832 0 1.6l-12.544 12.608q-0.704 0.832-1.536 0-0.832-0.704 0-1.536z\"><\/path>\n<\/svg><span class='avia_hidden_link_text'>Weiter<\/span><\/a><\/div><div class='avia-slideshow-dots avia-slideshow-controls'><a href='#1' class='goto-slide active' >1<\/a><a href='#2' class='goto-slide ' >2<\/a><a href='#3' class='goto-slide ' >3<\/a><\/div><\/div>\n\n<style type=\"text\/css\" data-created_by=\"avia_inline_auto\" id=\"style-css-av-8p1rw-9c6875ec563f7e5bca579a44190de314\">\n#top .flex_column.av-8p1rw-9c6875ec563f7e5bca579a44190de314{\nmargin-top:0px;\nmargin-bottom:0px;\n}\n.flex_column.av-8p1rw-9c6875ec563f7e5bca579a44190de314{\nborder-radius:0px 0px 0px 0px;\npadding:0px 0px 0px 0px;\n}\n.responsive #top #wrap_all .flex_column.av-8p1rw-9c6875ec563f7e5bca579a44190de314{\nmargin-top:0px;\nmargin-bottom:0px;\n}\n<\/style>\n<div  class='flex_column av-8p1rw-9c6875ec563f7e5bca579a44190de314 av_one_full  avia-builder-el-1  el_after_av_slideshow  el_before_av_one_full  first flex_column_div av-animated-generic bottom-to-top av-zero-column-padding  '     ><p>\n<style type=\"text\/css\" data-created_by=\"avia_inline_auto\" id=\"style-css-av-k21lp4ut-8d5ee0e2b6293e6a778d55b33f96df3f\">\n#top .av-special-heading.av-k21lp4ut-8d5ee0e2b6293e6a778d55b33f96df3f{\npadding-bottom:0;\n}\nbody .av-special-heading.av-k21lp4ut-8d5ee0e2b6293e6a778d55b33f96df3f .av-special-heading-tag .heading-char{\nfont-size:25px;\n}\n.av-special-heading.av-k21lp4ut-8d5ee0e2b6293e6a778d55b33f96df3f .av-subheading{\nfont-size:15px;\n}\n<\/style>\n<div  class='av-special-heading av-k21lp4ut-8d5ee0e2b6293e6a778d55b33f96df3f av-special-heading-h1 blockquote modern-quote  avia-builder-el-2  el_before_av_hr  avia-builder-el-first '><h1 class='av-special-heading-tag '  itemprop=\"headline\"  >Transportadores de rodillos para palets<\/h1><div class=\"special-heading-border\"><div class=\"special-heading-inner-border\"><\/div><\/div><\/div><br \/>\n\n<style type=\"text\/css\" data-created_by=\"avia_inline_auto\" id=\"style-css-av-221v5w-be668c612cef969aca78c7d20db0abcd\">\n#top .hr.av-221v5w-be668c612cef969aca78c7d20db0abcd{\nmargin-top:10px;\nmargin-bottom:10px;\n}\n.hr.av-221v5w-be668c612cef969aca78c7d20db0abcd .hr-inner{\nwidth:50px;\nborder-color:#efbb20;\n}\n<\/style>\n<div  class='hr av-221v5w-be668c612cef969aca78c7d20db0abcd hr-custom  avia-builder-el-3  el_after_av_heading  avia-builder-el-last  hr-left hr-icon-no'><span class='hr-inner inner-border-av-border-fat'><span class=\"hr-inner-style\"><\/span><\/span><\/div><\/p><\/div>\n\n<style type=\"text\/css\" data-created_by=\"avia_inline_auto\" id=\"style-css-av-1vdx1o-e5df5a169be36823ddce1d917456d2c0\">\n.flex_column.av-1vdx1o-e5df5a169be36823ddce1d917456d2c0{\nborder-radius:0px 0px 0px 0px;\npadding:0px 0px 0px 0px;\n}\n<\/style>\n<div  class='flex_column av-1vdx1o-e5df5a169be36823ddce1d917456d2c0 av_one_full  avia-builder-el-4  el_after_av_one_full  el_before_av_one_full  first flex_column_div av-animated-generic bottom-to-top av-zero-column-padding  column-top-margin'     ><section  class='av_textblock_section av-1qsa30-8ba85116972c2b3829534717f7b5e143 '   itemscope=\"itemscope\" itemtype=\"https:\/\/schema.org\/CreativeWork\" ><div class='avia_textblock'  itemprop=\"text\" ><h2>Movimiento de grandes cargas con la ayuda de la gravedad<\/h2>\n<p>SCHMALE LOGTEC tambi\u00e9n ofrece soluciones est\u00e1ndar y especiales para grandes cargas. Los transportadores de rodillos estandarizados est\u00e1n disponibles tanto para el paso como para la carga, tanto para el suelo como para estanter\u00eda. Por lo general, est\u00e1n provistos de rodillos continuos, que se adaptan a las dimensiones y pesos de los palets. Todas las soluciones especiales est\u00e1n particularmente adaptadas, por ejemplo, para el transporte cruzado de palets, dimensiones variadas de palets, formas especiales de colocaci\u00f3n y extracci\u00f3n, o f\u00e1cil acceso al suelo para su limpieza.<\/p>\n<\/div><\/section><\/div>\n\n<style type=\"text\/css\" data-created_by=\"avia_inline_auto\" id=\"style-css-av-1im3t0-b8065490c1bbb24ec3c3ee0805936ca6\">\n.flex_column.av-1im3t0-b8065490c1bbb24ec3c3ee0805936ca6{\nborder-width:1px;\nborder-style:solid;\nborder-radius:0px 0px 0px 0px;\npadding:20px 20px 20px 20px;\nbackground-color:#ffa300;\n}\n<\/style>\n<div  class='flex_column av-1im3t0-b8065490c1bbb24ec3c3ee0805936ca6 av_one_full  avia-builder-el-6  el_after_av_one_full  el_before_av_heading  first flex_column_div av-animated-generic bottom-to-top  column-top-margin'     ><section  class='av_textblock_section av-1fuz4s-38d87dfde41af52f0a50a8080f310c50 '   itemscope=\"itemscope\" itemtype=\"https:\/\/schema.org\/CreativeWork\" ><div class='avia_textblock'  itemprop=\"text\" ><p style=\"text-align: center;\"><span class=\"zitate-fliesstext\">\u201eLos transportadores por gravedad almacenan, clasifican, acumulan y mueven todas las unidades de carga imaginables.\u201c<\/span><\/p>\n<\/div><\/section><\/div>\n\n<style type=\"text\/css\" data-created_by=\"avia_inline_auto\" id=\"style-css-av-a96qy-57901fcaf264251126e27010fb182f34\">\n#top .av-special-heading.av-a96qy-57901fcaf264251126e27010fb182f34{\npadding-bottom:10px;\n}\nbody .av-special-heading.av-a96qy-57901fcaf264251126e27010fb182f34 .av-special-heading-tag .heading-char{\nfont-size:25px;\n}\n.av-special-heading.av-a96qy-57901fcaf264251126e27010fb182f34 .av-subheading{\nfont-size:15px;\n}\n<\/style>\n<div  class='av-special-heading av-a96qy-57901fcaf264251126e27010fb182f34 av-special-heading-h3  avia-builder-el-8  el_after_av_one_full  el_before_av_one_full '><h3 class='av-special-heading-tag '  itemprop=\"headline\"  >+ Ventajas destacadas<\/h3><div class=\"special-heading-border\"><div class=\"special-heading-inner-border\"><\/div><\/div><\/div>\n\n<style type=\"text\/css\" data-created_by=\"avia_inline_auto\" id=\"style-css-av-10yfjo-5bdbcee7984675e4af4a5b9298e86c8f\">\n.flex_column.av-10yfjo-5bdbcee7984675e4af4a5b9298e86c8f{\nborder-radius:0px 0px 0px 0px;\npadding:0px 0px 0px 0px;\n}\n<\/style>\n<div  class='flex_column av-10yfjo-5bdbcee7984675e4af4a5b9298e86c8f av_one_full  avia-builder-el-9  el_after_av_heading  avia-builder-el-last  first flex_column_div av-zero-column-padding  '     ><p><br \/>\n<div  class='avia-icon-list-container av-pui64-c3c82e0c3c6aaabaf285f98ed3821b37  avia-builder-el-11  el_after_av_heading  avia-builder-el-last '><ul class='avia-icon-list avia_animate_when_almost_visible avia-icon-list-left av-iconlist-big av-pui64-c3c82e0c3c6aaabaf285f98ed3821b37 avia-iconlist-animate'>\n<li><div class='iconlist_icon av-23lay-34d10a04fe80dc075bc4c53dc2020111 avia-font-entypo-fontello avia-iconfont avia-font-entypo-fontello'><span class='av-icon-char' data-av_icon='\ue816' data-av_iconfont='entypo-fontello' aria-hidden=\"true\"><\/span><\/div><article class=\"article-icon-entry av-iconlist-empty\"  itemscope=\"itemscope\" itemtype=\"https:\/\/schema.org\/CreativeWork\" ><div class=\"iconlist_content_wrap\"><header class=\"entry-content-header\" aria-label=\"Icon: Preparaci\u00f3n de pedido manual\"><h4 class='av_iconlist_title iconlist_title  '  itemprop=\"headline\" >Preparaci\u00f3n de pedido manual<\/h4><\/header><div class='iconlist_content '  itemprop=\"text\" ><\/div><\/div><footer class=\"entry-footer\"><\/footer><\/article><div class=\"iconlist-timeline\"><\/div><\/li>\n<li><div class='iconlist_icon av-cjfea-77d80fc47bab8b21292944c3239fcb38 avia-font-entypo-fontello avia-iconfont avia-font-entypo-fontello'><span class='av-icon-char' data-av_icon='\ue816' data-av_iconfont='entypo-fontello' aria-hidden=\"true\"><\/span><\/div><article class=\"article-icon-entry av-iconlist-empty\"  itemscope=\"itemscope\" itemtype=\"https:\/\/schema.org\/CreativeWork\" ><div class=\"iconlist_content_wrap\"><header class=\"entry-content-header\" aria-label=\"Icon: Con transelevador\"><h4 class='av_iconlist_title iconlist_title  '  itemprop=\"headline\" >Con transelevador<\/h4><\/header><div class='iconlist_content '  itemprop=\"text\" ><\/div><\/div><footer class=\"entry-footer\"><\/footer><\/article><div class=\"iconlist-timeline\"><\/div><\/li>\n<li><div class='iconlist_icon av-9o516-17eaa07d11ef75dace60d9fe32fa1fa9 avia-font-entypo-fontello avia-iconfont avia-font-entypo-fontello'><span class='av-icon-char' data-av_icon='\ue816' data-av_iconfont='entypo-fontello' aria-hidden=\"true\"><\/span><\/div><article class=\"article-icon-entry av-iconlist-empty\"  itemscope=\"itemscope\" itemtype=\"https:\/\/schema.org\/CreativeWork\" ><div class=\"iconlist_content_wrap\"><header class=\"entry-content-header\" aria-label=\"Icon: Muy seguro debido al dispositivo separador y al tope anti retroceso (push-back stop)\"><h4 class='av_iconlist_title iconlist_title  '  itemprop=\"headline\" >Muy seguro debido al dispositivo separador y al tope anti retroceso (push-back stop)<\/h4><\/header><div class='iconlist_content '  itemprop=\"text\" ><\/div><\/div><footer class=\"entry-footer\"><\/footer><\/article><div class=\"iconlist-timeline\"><\/div><\/li>\n<\/ul><\/div><\/p><\/div>\n","protected":false},"excerpt":{"rendered":"","protected":false},"author":1,"featured_media":631,"parent":787,"menu_order":0,"comment_status":"closed","ping_status":"closed","template":"","meta":{"inline_featured_image":false,"footnotes":""},"class_list":["post-810","page","type-page","status-publish","has-post-thumbnail","hentry"],"yoast_head":"<!-- This site is optimized with the Yoast SEO plugin v26.3 - https:\/\/yoast.com\/wordpress\/plugins\/seo\/ -->\n<title>Transportadores de rodillos para palets - SCHMALE LOGTEC ES<\/title>\n<meta name=\"robots\" content=\"index, follow, max-snippet:-1, max-image-preview:large, max-video-preview:-1\" \/>\n<link rel=\"canonical\" href=\"https:\/\/schmale-logtec.de\/es\/productos\/transportadores-de-rodillos-para-palets\/\" \/>\n<meta property=\"og:locale\" content=\"de_DE\" \/>\n<meta property=\"og:type\" content=\"article\" \/>\n<meta property=\"og:title\" content=\"Transportadores de rodillos para palets - SCHMALE LOGTEC ES\" \/>\n<meta property=\"og:url\" content=\"https:\/\/schmale-logtec.de\/es\/productos\/transportadores-de-rodillos-para-palets\/\" \/>\n<meta property=\"og:site_name\" content=\"SCHMALE LOGTEC ES\" \/>\n<meta property=\"article:modified_time\" content=\"2020-01-09T10:11:55+00:00\" \/>\n<meta property=\"og:image\" content=\"https:\/\/schmale-logtec.de\/es\/wp-content\/uploads\/sites\/8\/2018\/03\/palettenrollenbahnen_schmale_logtec_intralogistik.jpg\" \/>\n\t<meta property=\"og:image:width\" content=\"1500\" \/>\n\t<meta property=\"og:image:height\" content=\"630\" \/>\n\t<meta property=\"og:image:type\" content=\"image\/jpeg\" \/>\n<meta name=\"twitter:card\" content=\"summary_large_image\" \/>\n<meta name=\"twitter:label1\" content=\"Gesch\u00e4tzte Lesezeit\" \/>\n\t<meta name=\"twitter:data1\" content=\"5\u00a0Minuten\" \/>\n<script type=\"application\/ld+json\" class=\"yoast-schema-graph\">{\"@context\":\"https:\/\/schema.org\",\"@graph\":[{\"@type\":\"WebPage\",\"@id\":\"https:\/\/schmale-logtec.de\/es\/productos\/transportadores-de-rodillos-para-palets\/\",\"url\":\"https:\/\/schmale-logtec.de\/es\/productos\/transportadores-de-rodillos-para-palets\/\",\"name\":\"Transportadores de rodillos para palets - SCHMALE LOGTEC ES\",\"isPartOf\":{\"@id\":\"https:\/\/schmale-logtec.de\/es\/#website\"},\"primaryImageOfPage\":{\"@id\":\"https:\/\/schmale-logtec.de\/es\/productos\/transportadores-de-rodillos-para-palets\/#primaryimage\"},\"image\":{\"@id\":\"https:\/\/schmale-logtec.de\/es\/productos\/transportadores-de-rodillos-para-palets\/#primaryimage\"},\"thumbnailUrl\":\"https:\/\/schmale-logtec.de\/es\/wp-content\/uploads\/sites\/8\/2018\/03\/palettenrollenbahnen_schmale_logtec_intralogistik.jpg\",\"datePublished\":\"2019-10-22T08:44:41+00:00\",\"dateModified\":\"2020-01-09T10:11:55+00:00\",\"breadcrumb\":{\"@id\":\"https:\/\/schmale-logtec.de\/es\/productos\/transportadores-de-rodillos-para-palets\/#breadcrumb\"},\"inLanguage\":\"de\",\"potentialAction\":[{\"@type\":\"ReadAction\",\"target\":[\"https:\/\/schmale-logtec.de\/es\/productos\/transportadores-de-rodillos-para-palets\/\"]}]},{\"@type\":\"ImageObject\",\"inLanguage\":\"de\",\"@id\":\"https:\/\/schmale-logtec.de\/es\/productos\/transportadores-de-rodillos-para-palets\/#primaryimage\",\"url\":\"https:\/\/schmale-logtec.de\/es\/wp-content\/uploads\/sites\/8\/2018\/03\/palettenrollenbahnen_schmale_logtec_intralogistik.jpg\",\"contentUrl\":\"https:\/\/schmale-logtec.de\/es\/wp-content\/uploads\/sites\/8\/2018\/03\/palettenrollenbahnen_schmale_logtec_intralogistik.jpg\",\"width\":1500,\"height\":630,\"caption\":\"palettenrollenbahnen schmale logtec intralogistik\"},{\"@type\":\"BreadcrumbList\",\"@id\":\"https:\/\/schmale-logtec.de\/es\/productos\/transportadores-de-rodillos-para-palets\/#breadcrumb\",\"itemListElement\":[{\"@type\":\"ListItem\",\"position\":1,\"name\":\"Startseite\",\"item\":\"https:\/\/schmale-logtec.de\/es\/\"},{\"@type\":\"ListItem\",\"position\":2,\"name\":\"Productos\",\"item\":\"https:\/\/schmale-logtec.de\/es\/productos\/\"},{\"@type\":\"ListItem\",\"position\":3,\"name\":\"Transportadores de rodillos para palets\"}]},{\"@type\":\"WebSite\",\"@id\":\"https:\/\/schmale-logtec.de\/es\/#website\",\"url\":\"https:\/\/schmale-logtec.de\/es\/\",\"name\":\"SCHMALE LOGTEC ES\",\"description\":\"\",\"potentialAction\":[{\"@type\":\"SearchAction\",\"target\":{\"@type\":\"EntryPoint\",\"urlTemplate\":\"https:\/\/schmale-logtec.de\/es\/?s={search_term_string}\"},\"query-input\":{\"@type\":\"PropertyValueSpecification\",\"valueRequired\":true,\"valueName\":\"search_term_string\"}}],\"inLanguage\":\"de\"}]}<\/script>\n<!-- \/ Yoast SEO plugin. -->","yoast_head_json":{"title":"Transportadores de rodillos para palets - SCHMALE LOGTEC ES","robots":{"index":"index","follow":"follow","max-snippet":"max-snippet:-1","max-image-preview":"max-image-preview:large","max-video-preview":"max-video-preview:-1"},"canonical":"https:\/\/schmale-logtec.de\/es\/productos\/transportadores-de-rodillos-para-palets\/","og_locale":"de_DE","og_type":"article","og_title":"Transportadores de rodillos para palets - SCHMALE LOGTEC ES","og_url":"https:\/\/schmale-logtec.de\/es\/productos\/transportadores-de-rodillos-para-palets\/","og_site_name":"SCHMALE LOGTEC ES","article_modified_time":"2020-01-09T10:11:55+00:00","og_image":[{"width":1500,"height":630,"url":"https:\/\/schmale-logtec.de\/es\/wp-content\/uploads\/sites\/8\/2018\/03\/palettenrollenbahnen_schmale_logtec_intralogistik.jpg","type":"image\/jpeg"}],"twitter_card":"summary_large_image","twitter_misc":{"Gesch\u00e4tzte Lesezeit":"5\u00a0Minuten"},"schema":{"@context":"https:\/\/schema.org","@graph":[{"@type":"WebPage","@id":"https:\/\/schmale-logtec.de\/es\/productos\/transportadores-de-rodillos-para-palets\/","url":"https:\/\/schmale-logtec.de\/es\/productos\/transportadores-de-rodillos-para-palets\/","name":"Transportadores de rodillos para palets - SCHMALE LOGTEC ES","isPartOf":{"@id":"https:\/\/schmale-logtec.de\/es\/#website"},"primaryImageOfPage":{"@id":"https:\/\/schmale-logtec.de\/es\/productos\/transportadores-de-rodillos-para-palets\/#primaryimage"},"image":{"@id":"https:\/\/schmale-logtec.de\/es\/productos\/transportadores-de-rodillos-para-palets\/#primaryimage"},"thumbnailUrl":"https:\/\/schmale-logtec.de\/es\/wp-content\/uploads\/sites\/8\/2018\/03\/palettenrollenbahnen_schmale_logtec_intralogistik.jpg","datePublished":"2019-10-22T08:44:41+00:00","dateModified":"2020-01-09T10:11:55+00:00","breadcrumb":{"@id":"https:\/\/schmale-logtec.de\/es\/productos\/transportadores-de-rodillos-para-palets\/#breadcrumb"},"inLanguage":"de","potentialAction":[{"@type":"ReadAction","target":["https:\/\/schmale-logtec.de\/es\/productos\/transportadores-de-rodillos-para-palets\/"]}]},{"@type":"ImageObject","inLanguage":"de","@id":"https:\/\/schmale-logtec.de\/es\/productos\/transportadores-de-rodillos-para-palets\/#primaryimage","url":"https:\/\/schmale-logtec.de\/es\/wp-content\/uploads\/sites\/8\/2018\/03\/palettenrollenbahnen_schmale_logtec_intralogistik.jpg","contentUrl":"https:\/\/schmale-logtec.de\/es\/wp-content\/uploads\/sites\/8\/2018\/03\/palettenrollenbahnen_schmale_logtec_intralogistik.jpg","width":1500,"height":630,"caption":"palettenrollenbahnen schmale logtec intralogistik"},{"@type":"BreadcrumbList","@id":"https:\/\/schmale-logtec.de\/es\/productos\/transportadores-de-rodillos-para-palets\/#breadcrumb","itemListElement":[{"@type":"ListItem","position":1,"name":"Startseite","item":"https:\/\/schmale-logtec.de\/es\/"},{"@type":"ListItem","position":2,"name":"Productos","item":"https:\/\/schmale-logtec.de\/es\/productos\/"},{"@type":"ListItem","position":3,"name":"Transportadores de rodillos para palets"}]},{"@type":"WebSite","@id":"https:\/\/schmale-logtec.de\/es\/#website","url":"https:\/\/schmale-logtec.de\/es\/","name":"SCHMALE LOGTEC ES","description":"","potentialAction":[{"@type":"SearchAction","target":{"@type":"EntryPoint","urlTemplate":"https:\/\/schmale-logtec.de\/es\/?s={search_term_string}"},"query-input":{"@type":"PropertyValueSpecification","valueRequired":true,"valueName":"search_term_string"}}],"inLanguage":"de"}]}},"_links":{"self":[{"href":"https:\/\/schmale-logtec.de\/es\/wp-json\/wp\/v2\/pages\/810","targetHints":{"allow":["GET"]}}],"collection":[{"href":"https:\/\/schmale-logtec.de\/es\/wp-json\/wp\/v2\/pages"}],"about":[{"href":"https:\/\/schmale-logtec.de\/es\/wp-json\/wp\/v2\/types\/page"}],"author":[{"embeddable":true,"href":"https:\/\/schmale-logtec.de\/es\/wp-json\/wp\/v2\/users\/1"}],"replies":[{"embeddable":true,"href":"https:\/\/schmale-logtec.de\/es\/wp-json\/wp\/v2\/comments?post=810"}],"version-history":[{"count":3,"href":"https:\/\/schmale-logtec.de\/es\/wp-json\/wp\/v2\/pages\/810\/revisions"}],"predecessor-version":[{"id":918,"href":"https:\/\/schmale-logtec.de\/es\/wp-json\/wp\/v2\/pages\/810\/revisions\/918"}],"up":[{"embeddable":true,"href":"https:\/\/schmale-logtec.de\/es\/wp-json\/wp\/v2\/pages\/787"}],"wp:featuredmedia":[{"embeddable":true,"href":"https:\/\/schmale-logtec.de\/es\/wp-json\/wp\/v2\/media\/631"}],"wp:attachment":[{"href":"https:\/\/schmale-logtec.de\/es\/wp-json\/wp\/v2\/media?parent=810"}],"curies":[{"name":"wp","href":"https:\/\/api.w.org\/{rel}","templated":true}]}}