{"id":814,"date":"2019-10-22T10:52:20","date_gmt":"2019-10-22T08:52:20","guid":{"rendered":"https:\/\/schmale-logtec.de\/es\/?page_id=814"},"modified":"2020-01-09T11:11:47","modified_gmt":"2020-01-09T10:11:47","slug":"retrofit","status":"publish","type":"page","link":"https:\/\/schmale-logtec.de\/es\/productos\/retrofit\/","title":{"rendered":"Retrofit"},"content":{"rendered":"<div  class='avia-slideshow av-3ja5y9-c395ce9c57afa9b542c49bbb82aca2a2 avia-slideshow-featured_large av_slideshow avia-fade-slider  avia-builder-el-0  el_before_av_one_full  avia-builder-el-first  av-slideshow-ui av-control-hidden av-no-slider-navigation av-hide-nav-arrows av-slideshow-autoplay av-loop-endless av-loop-manual-endless av-default-height-applied avia-slideshow-1' data-slideshow-options=\"{&quot;animation&quot;:&quot;fade&quot;,&quot;autoplay&quot;:true,&quot;loop_autoplay&quot;:&quot;endless&quot;,&quot;interval&quot;:5,&quot;loop_manual&quot;:&quot;manual-endless&quot;,&quot;autoplay_stopper&quot;:false,&quot;noNavigation&quot;:true,&quot;bg_slider&quot;:false,&quot;keep_padding&quot;:false,&quot;hoverpause&quot;:false,&quot;show_slide_delay&quot;:0}\"  itemprop=\"image\" itemscope=\"itemscope\" itemtype=\"https:\/\/schema.org\/ImageObject\" ><ul class='avia-slideshow-inner ' style='padding-bottom: 42%;'><li  class='avia-slideshow-slide av-3ja5y9-c395ce9c57afa9b542c49bbb82aca2a2__0  av-single-slide slide-1 slide-odd'><div data-rel='slideshow-1' class='avia-slide-wrap '   ><img decoding=\"async\" fetchpriority=\"high\" class=\"wp-image-500 avia-img-lazy-loading-not-500\"  src=\"https:\/\/schmale-logtec.de\/es\/wp-content\/uploads\/sites\/8\/2018\/03\/retrofit_regalanlagen_intralogistik_schmale_logtec_warburg.jpg\" width=\"1500\" height=\"630\" title='' alt='retrofit regalanlagen intralogistik schmale logtec warburg'  itemprop=\"thumbnailUrl\" srcset=\"https:\/\/schmale-logtec.de\/es\/wp-content\/uploads\/sites\/8\/2018\/03\/retrofit_regalanlagen_intralogistik_schmale_logtec_warburg.jpg 1500w, https:\/\/schmale-logtec.de\/es\/wp-content\/uploads\/sites\/8\/2018\/03\/retrofit_regalanlagen_intralogistik_schmale_logtec_warburg-300x126.jpg 300w, https:\/\/schmale-logtec.de\/es\/wp-content\/uploads\/sites\/8\/2018\/03\/retrofit_regalanlagen_intralogistik_schmale_logtec_warburg-768x323.jpg 768w, https:\/\/schmale-logtec.de\/es\/wp-content\/uploads\/sites\/8\/2018\/03\/retrofit_regalanlagen_intralogistik_schmale_logtec_warburg-1024x430.jpg 1024w, https:\/\/schmale-logtec.de\/es\/wp-content\/uploads\/sites\/8\/2018\/03\/retrofit_regalanlagen_intralogistik_schmale_logtec_warburg-705x296.jpg 705w, https:\/\/schmale-logtec.de\/es\/wp-content\/uploads\/sites\/8\/2018\/03\/retrofit_regalanlagen_intralogistik_schmale_logtec_warburg-450x189.jpg 450w\" sizes=\"(max-width: 1500px) 100vw, 1500px\" \/><\/div><\/li><\/ul><\/div>\n\n<style type=\"text\/css\" data-created_by=\"avia_inline_auto\" id=\"style-css-av-37mo3l-3a19087f4fdbee030592ee8124e799ea\">\n#top .flex_column.av-37mo3l-3a19087f4fdbee030592ee8124e799ea{\nmargin-top:0px;\nmargin-bottom:0px;\n}\n.flex_column.av-37mo3l-3a19087f4fdbee030592ee8124e799ea{\nborder-radius:0px 0px 0px 0px;\npadding:0px 0px 0px 0px;\n}\n.responsive #top #wrap_all .flex_column.av-37mo3l-3a19087f4fdbee030592ee8124e799ea{\nmargin-top:0px;\nmargin-bottom:0px;\n}\n<\/style>\n<div  class='flex_column av-37mo3l-3a19087f4fdbee030592ee8124e799ea av_one_full  avia-builder-el-1  el_after_av_slideshow  el_before_av_one_half  first flex_column_div av-animated-generic bottom-to-top av-zero-column-padding  '     ><p>\n<style type=\"text\/css\" data-created_by=\"avia_inline_auto\" id=\"style-css-av-k21lwwc6-7f8069486de4913188745d29c9c0cf05\">\n#top .av-special-heading.av-k21lwwc6-7f8069486de4913188745d29c9c0cf05{\npadding-bottom:0;\n}\nbody .av-special-heading.av-k21lwwc6-7f8069486de4913188745d29c9c0cf05 .av-special-heading-tag .heading-char{\nfont-size:25px;\n}\n.av-special-heading.av-k21lwwc6-7f8069486de4913188745d29c9c0cf05 .av-subheading{\nfont-size:15px;\n}\n<\/style>\n<div  class='av-special-heading av-k21lwwc6-7f8069486de4913188745d29c9c0cf05 av-special-heading-h1 blockquote modern-quote  avia-builder-el-2  el_before_av_hr  avia-builder-el-first '><h1 class='av-special-heading-tag '  itemprop=\"headline\"  >Retrofit &#8211; Modernizaci\u00f3n de instalaciones existentes<\/h1><div class=\"special-heading-border\"><div class=\"special-heading-inner-border\"><\/div><\/div><\/div><br \/>\n\n<style type=\"text\/css\" data-created_by=\"avia_inline_auto\" id=\"style-css-av-2yljmh-21134da185bbed1a76c0e56077df5916\">\n#top .hr.av-2yljmh-21134da185bbed1a76c0e56077df5916{\nmargin-top:10px;\nmargin-bottom:10px;\n}\n.hr.av-2yljmh-21134da185bbed1a76c0e56077df5916 .hr-inner{\nwidth:50px;\nborder-color:#efbb20;\n}\n<\/style>\n<div  class='hr av-2yljmh-21134da185bbed1a76c0e56077df5916 hr-custom  avia-builder-el-3  el_after_av_heading  avia-builder-el-last  hr-left hr-icon-no'><span class='hr-inner inner-border-av-border-fat'><span class=\"hr-inner-style\"><\/span><\/span><\/div><\/p><\/div>\n<style type=\"text\/css\" data-created_by=\"avia_inline_auto\" id=\"style-css-av-2q6pm9-6f97dc5a41dea84627a75fd055dd2734\">\n#top .flex_column.av-2q6pm9-6f97dc5a41dea84627a75fd055dd2734{\nmargin-top:0px;\nmargin-bottom:0px;\n}\n.flex_column.av-2q6pm9-6f97dc5a41dea84627a75fd055dd2734{\nborder-radius:0px 0px 0px 0px;\npadding:0px 0px 0px 0px;\n}\n.responsive #top #wrap_all .flex_column.av-2q6pm9-6f97dc5a41dea84627a75fd055dd2734{\nmargin-top:0px;\nmargin-bottom:0px;\n}\n<\/style>\n<div  class='flex_column av-2q6pm9-6f97dc5a41dea84627a75fd055dd2734 av_one_half  avia-builder-el-4  el_after_av_one_full  el_before_av_one_half  first flex_column_div av-animated-generic bottom-to-top av-zero-column-padding  column-top-margin'     ><section  class='av_textblock_section av-96atl-c43edc2bfb6663572761ab710067601f '   itemscope=\"itemscope\" itemtype=\"https:\/\/schema.org\/CreativeWork\" ><div class='avia_textblock'  itemprop=\"text\" ><h2>Actualizaci\u00f3n rentable<\/h2>\n<p>La modernizaci\u00f3n o reorganizaci\u00f3n de almacenes existentes es en la mayor\u00eda de los casos m\u00e1s econ\u00f3mica que una nueva adquisici\u00f3n. SCHMALE LOGTEC se encarga de toda la gesti\u00f3n de proyecto.<\/p>\n<h2>Buenas razones para el Retrofit<\/h2>\n<p>Las razones t\u00edpicas para la modernizaci\u00f3n son las crecientes demandas, los sistemas obsoletos, las piezas de repuesto, el deseo de ahorrar tiempo y dinero y unos requisitos legales m\u00e1s estrictos.<\/p>\n<\/div><\/section><\/div>\n<style type=\"text\/css\" data-created_by=\"avia_inline_auto\" id=\"style-css-av-2eiqsh-4ca44d64b3e0591cd6011c60181ce806\">\n#top .flex_column.av-2eiqsh-4ca44d64b3e0591cd6011c60181ce806{\nmargin-top:0px;\nmargin-bottom:0px;\n}\n.flex_column.av-2eiqsh-4ca44d64b3e0591cd6011c60181ce806{\nborder-radius:0px 0px 0px 0px;\npadding:0px 0px 0px 0px;\n}\n.responsive #top #wrap_all .flex_column.av-2eiqsh-4ca44d64b3e0591cd6011c60181ce806{\nmargin-top:0px;\nmargin-bottom:0px;\n}\n<\/style>\n<div  class='flex_column av-2eiqsh-4ca44d64b3e0591cd6011c60181ce806 av_one_half  avia-builder-el-6  el_after_av_one_half  el_before_av_one_full  flex_column_div av-animated-generic bottom-to-top av-zero-column-padding  column-top-margin'     ><section  class='av_textblock_section av-29hivd-276e79a212b2c98c7a1eb91db96d4036 '   itemscope=\"itemscope\" itemtype=\"https:\/\/schema.org\/CreativeWork\" ><div class='avia_textblock'  itemprop=\"text\" ><h2>Optimizar tecnolog\u00eda y procesos<\/h2>\n<p>Sobre la base del an\u00e1lisis de puntos d\u00e9biles de todos los componentes, sistemas e interfaces in situ, se crea el concepto de modernizaci\u00f3n tecnol\u00f3gica y de procesos. Se hacen m\u00e1s productivos, m\u00e1s econ\u00f3micos y m\u00e1s duraderos con el menor gasto financiero y de tiempo posible. Esto se puede hacer independientemente de procesos, dise\u00f1os y marcas espec\u00edficos y, si es posible, se lleva a cabo con la instalaci\u00f3n en funcionamiento, a petici\u00f3n tambi\u00e9n en d\u00edas festivos y fines de semana.<\/p>\n<\/div><\/section><\/div>\n<style type=\"text\/css\" data-created_by=\"avia_inline_auto\" id=\"style-css-av-2314cx-002a7f72ef934ace9d5327ef87d78f4f\">\n.flex_column.av-2314cx-002a7f72ef934ace9d5327ef87d78f4f{\nborder-width:1px;\nborder-style:solid;\nborder-radius:0px 0px 0px 0px;\npadding:20px 20px 20px 20px;\nbackground-color:#ffa300;\n}\n<\/style>\n<div  class='flex_column av-2314cx-002a7f72ef934ace9d5327ef87d78f4f av_one_full  avia-builder-el-8  el_after_av_one_half  el_before_av_heading  first flex_column_div av-animated-generic bottom-to-top  column-top-margin'     ><section  class='av_textblock_section av-1xfa5l-55739c062b3bdffd811afb3c503f95d0 '   itemscope=\"itemscope\" itemtype=\"https:\/\/schema.org\/CreativeWork\" ><div class='avia_textblock'  itemprop=\"text\" ><p><span class=\"zitate-fliesstext\">\u201eCon Retrofit optimizamos almacenes existentes con el menor coste posible.\u201c<\/span><\/p>\n<\/div><\/section><\/div>\n<style type=\"text\/css\" data-created_by=\"avia_inline_auto\" id=\"style-css-av-k21lzvu1-5f924246a5c16527003d034d7299c3b0\">\n#top .av-special-heading.av-k21lzvu1-5f924246a5c16527003d034d7299c3b0{\npadding-bottom:10px;\n}\nbody .av-special-heading.av-k21lzvu1-5f924246a5c16527003d034d7299c3b0 .av-special-heading-tag .heading-char{\nfont-size:25px;\n}\n.av-special-heading.av-k21lzvu1-5f924246a5c16527003d034d7299c3b0 .av-subheading{\nfont-size:15px;\n}\n<\/style>\n<div  class='av-special-heading av-k21lzvu1-5f924246a5c16527003d034d7299c3b0 av-special-heading-h3  avia-builder-el-10  el_after_av_one_full  el_before_av_one_half '><h3 class='av-special-heading-tag '  itemprop=\"headline\"  >+ Ventajas destacadas<\/h3><div class=\"special-heading-border\"><div class=\"special-heading-inner-border\"><\/div><\/div><\/div><\/p>\n\n<style type=\"text\/css\" data-created_by=\"avia_inline_auto\" id=\"style-css-av-1ljljt-35a729439707c0260839c3787ee1d2c1\">\n.flex_column.av-1ljljt-35a729439707c0260839c3787ee1d2c1{\nborder-radius:0px 0px 0px 0px;\npadding:0px 0px 0px 0px;\n}\n<\/style>\n<div  class='flex_column av-1ljljt-35a729439707c0260839c3787ee1d2c1 av_one_half  avia-builder-el-11  el_after_av_heading  el_before_av_one_half  first flex_column_div av-zero-column-padding  '     ><div  class='avia-icon-list-container av-1ehl9d-23114a269960f773ede32306927818d3  avia-builder-el-12  avia-builder-el-no-sibling '><ul class='avia-icon-list avia_animate_when_almost_visible avia-icon-list-left av-iconlist-big av-1ehl9d-23114a269960f773ede32306927818d3 avia-iconlist-animate'>\n<li><div class='iconlist_icon av-xr6rq-042147152f83faec3ab73153d2074670 avia-font-entypo-fontello avia-iconfont avia-font-entypo-fontello'><span class='av-icon-char' data-av_icon='\ue816' data-av_iconfont='entypo-fontello' aria-hidden=\"true\"><\/span><\/div><article class=\"article-icon-entry av-iconlist-empty\"  itemscope=\"itemscope\" itemtype=\"https:\/\/schema.org\/CreativeWork\" ><div class=\"iconlist_content_wrap\"><header class=\"entry-content-header\" aria-label=\"Icon: Instalaciones m\u00e1s efectivas\"><h4 class='av_iconlist_title iconlist_title  '  itemprop=\"headline\" >Instalaciones m\u00e1s efectivas<\/h4><\/header><div class='iconlist_content '  itemprop=\"text\" ><\/div><\/div><footer class=\"entry-footer\"><\/footer><\/article><div class=\"iconlist-timeline\"><\/div><\/li>\n<li><div class='iconlist_icon av-tbrkm-d497b235c15bf73b0ffe9f862c6a8b95 avia-font-entypo-fontello avia-iconfont avia-font-entypo-fontello'><span class='av-icon-char' data-av_icon='\ue816' data-av_iconfont='entypo-fontello' aria-hidden=\"true\"><\/span><\/div><article class=\"article-icon-entry av-iconlist-empty\"  itemscope=\"itemscope\" itemtype=\"https:\/\/schema.org\/CreativeWork\" ><div class=\"iconlist_content_wrap\"><header class=\"entry-content-header\" aria-label=\"Icon: Baja inversi\u00f3n\"><h4 class='av_iconlist_title iconlist_title  '  itemprop=\"headline\" >Baja inversi\u00f3n<\/h4><\/header><div class='iconlist_content '  itemprop=\"text\" ><\/div><\/div><footer class=\"entry-footer\"><\/footer><\/article><div class=\"iconlist-timeline\"><\/div><\/li>\n<li><div class='iconlist_icon av-nje12-581815e8c88e98044205b9b25f3ea9dd avia-font-entypo-fontello avia-iconfont avia-font-entypo-fontello'><span class='av-icon-char' data-av_icon='\ue816' data-av_iconfont='entypo-fontello' aria-hidden=\"true\"><\/span><\/div><article class=\"article-icon-entry av-iconlist-empty\"  itemscope=\"itemscope\" itemtype=\"https:\/\/schema.org\/CreativeWork\" ><div class=\"iconlist_content_wrap\"><header class=\"entry-content-header\" aria-label=\"Icon: R\u00e1pida ejecuci\u00f3n\"><h4 class='av_iconlist_title iconlist_title  '  itemprop=\"headline\" >R\u00e1pida ejecuci\u00f3n<\/h4><\/header><div class='iconlist_content '  itemprop=\"text\" ><\/div><\/div><footer class=\"entry-footer\"><\/footer><\/article><div class=\"iconlist-timeline\"><\/div><\/li>\n<\/ul><\/div><\/div>\n<style type=\"text\/css\" data-created_by=\"avia_inline_auto\" id=\"style-css-av-saump-d2dd0fdd4c54649c13acfdad7d2955ee\">\n.flex_column.av-saump-d2dd0fdd4c54649c13acfdad7d2955ee{\nborder-radius:0px 0px 0px 0px;\npadding:0px 0px 0px 0px;\n}\n<\/style>\n<div  class='flex_column av-saump-d2dd0fdd4c54649c13acfdad7d2955ee av_one_half  avia-builder-el-13  el_after_av_one_half  avia-builder-el-last  flex_column_div av-zero-column-padding  '     ><div  class='avia-icon-list-container av-ihncp-8c8340e28a5e430efb87fdb75eed816c  avia-builder-el-14  avia-builder-el-no-sibling '><ul class='avia-icon-list avia_animate_when_almost_visible avia-icon-list-left av-iconlist-big av-ihncp-8c8340e28a5e430efb87fdb75eed816c avia-iconlist-animate'>\n<li><div class='iconlist_icon av-dyv92-e93f7ee24e4408911659ea3f7d3b0261 avia-font-entypo-fontello avia-iconfont avia-font-entypo-fontello'><span class='av-icon-char' data-av_icon='\ue816' data-av_iconfont='entypo-fontello' aria-hidden=\"true\"><\/span><\/div><article class=\"article-icon-entry av-iconlist-empty\"  itemscope=\"itemscope\" itemtype=\"https:\/\/schema.org\/CreativeWork\" ><div class=\"iconlist_content_wrap\"><header class=\"entry-content-header\" aria-label=\"Icon: Apto para todos los modelos\"><h4 class='av_iconlist_title iconlist_title  '  itemprop=\"headline\" >Apto para todos los modelos<\/h4><\/header><div class='iconlist_content '  itemprop=\"text\" ><\/div><\/div><footer class=\"entry-footer\"><\/footer><\/article><div class=\"iconlist-timeline\"><\/div><\/li>\n<li><div class='iconlist_icon av-6yty6-f216417f8eec6661d5391f136e2d1a7f avia-font-entypo-fontello avia-iconfont avia-font-entypo-fontello'><span class='av-icon-char' data-av_icon='\ue816' data-av_iconfont='entypo-fontello' aria-hidden=\"true\"><\/span><\/div><article class=\"article-icon-entry av-iconlist-empty\"  itemscope=\"itemscope\" itemtype=\"https:\/\/schema.org\/CreativeWork\" ><div class=\"iconlist_content_wrap\"><header class=\"entry-content-header\" aria-label=\"Icon: Modernizaci\u00f3n con la instalaci\u00f3n en funcionamiento\"><h4 class='av_iconlist_title iconlist_title  '  itemprop=\"headline\" >Modernizaci\u00f3n con la instalaci\u00f3n en funcionamiento<\/h4><\/header><div class='iconlist_content '  itemprop=\"text\" ><\/div><\/div><footer class=\"entry-footer\"><\/footer><\/article><div class=\"iconlist-timeline\"><\/div><\/li>\n<\/ul><\/div><\/div><\/p>\n","protected":false},"excerpt":{"rendered":"","protected":false},"author":1,"featured_media":0,"parent":787,"menu_order":0,"comment_status":"closed","ping_status":"closed","template":"","meta":{"inline_featured_image":false,"footnotes":""},"class_list":["post-814","page","type-page","status-publish","hentry"],"yoast_head":"<!-- This site is optimized with the Yoast SEO plugin v26.3 - https:\/\/yoast.com\/wordpress\/plugins\/seo\/ -->\n<title>Retrofit - SCHMALE LOGTEC ES<\/title>\n<meta name=\"robots\" content=\"index, follow, max-snippet:-1, max-image-preview:large, max-video-preview:-1\" \/>\n<link rel=\"canonical\" href=\"https:\/\/schmale-logtec.de\/es\/productos\/retrofit\/\" \/>\n<meta property=\"og:locale\" content=\"de_DE\" \/>\n<meta property=\"og:type\" content=\"article\" \/>\n<meta property=\"og:title\" content=\"Retrofit - SCHMALE LOGTEC ES\" \/>\n<meta property=\"og:url\" content=\"https:\/\/schmale-logtec.de\/es\/productos\/retrofit\/\" \/>\n<meta property=\"og:site_name\" content=\"SCHMALE LOGTEC ES\" \/>\n<meta property=\"article:modified_time\" content=\"2020-01-09T10:11:47+00:00\" \/>\n<meta name=\"twitter:card\" content=\"summary_large_image\" \/>\n<meta name=\"twitter:label1\" content=\"Gesch\u00e4tzte Lesezeit\" \/>\n\t<meta name=\"twitter:data1\" content=\"6\u00a0Minuten\" \/>\n<script type=\"application\/ld+json\" class=\"yoast-schema-graph\">{\"@context\":\"https:\/\/schema.org\",\"@graph\":[{\"@type\":\"WebPage\",\"@id\":\"https:\/\/schmale-logtec.de\/es\/productos\/retrofit\/\",\"url\":\"https:\/\/schmale-logtec.de\/es\/productos\/retrofit\/\",\"name\":\"Retrofit - SCHMALE LOGTEC ES\",\"isPartOf\":{\"@id\":\"https:\/\/schmale-logtec.de\/es\/#website\"},\"datePublished\":\"2019-10-22T08:52:20+00:00\",\"dateModified\":\"2020-01-09T10:11:47+00:00\",\"breadcrumb\":{\"@id\":\"https:\/\/schmale-logtec.de\/es\/productos\/retrofit\/#breadcrumb\"},\"inLanguage\":\"de\",\"potentialAction\":[{\"@type\":\"ReadAction\",\"target\":[\"https:\/\/schmale-logtec.de\/es\/productos\/retrofit\/\"]}]},{\"@type\":\"BreadcrumbList\",\"@id\":\"https:\/\/schmale-logtec.de\/es\/productos\/retrofit\/#breadcrumb\",\"itemListElement\":[{\"@type\":\"ListItem\",\"position\":1,\"name\":\"Startseite\",\"item\":\"https:\/\/schmale-logtec.de\/es\/\"},{\"@type\":\"ListItem\",\"position\":2,\"name\":\"Productos\",\"item\":\"https:\/\/schmale-logtec.de\/es\/productos\/\"},{\"@type\":\"ListItem\",\"position\":3,\"name\":\"Retrofit\"}]},{\"@type\":\"WebSite\",\"@id\":\"https:\/\/schmale-logtec.de\/es\/#website\",\"url\":\"https:\/\/schmale-logtec.de\/es\/\",\"name\":\"SCHMALE LOGTEC ES\",\"description\":\"\",\"potentialAction\":[{\"@type\":\"SearchAction\",\"target\":{\"@type\":\"EntryPoint\",\"urlTemplate\":\"https:\/\/schmale-logtec.de\/es\/?s={search_term_string}\"},\"query-input\":{\"@type\":\"PropertyValueSpecification\",\"valueRequired\":true,\"valueName\":\"search_term_string\"}}],\"inLanguage\":\"de\"}]}<\/script>\n<!-- \/ Yoast SEO plugin. -->","yoast_head_json":{"title":"Retrofit - SCHMALE LOGTEC ES","robots":{"index":"index","follow":"follow","max-snippet":"max-snippet:-1","max-image-preview":"max-image-preview:large","max-video-preview":"max-video-preview:-1"},"canonical":"https:\/\/schmale-logtec.de\/es\/productos\/retrofit\/","og_locale":"de_DE","og_type":"article","og_title":"Retrofit - SCHMALE LOGTEC ES","og_url":"https:\/\/schmale-logtec.de\/es\/productos\/retrofit\/","og_site_name":"SCHMALE LOGTEC ES","article_modified_time":"2020-01-09T10:11:47+00:00","twitter_card":"summary_large_image","twitter_misc":{"Gesch\u00e4tzte Lesezeit":"6\u00a0Minuten"},"schema":{"@context":"https:\/\/schema.org","@graph":[{"@type":"WebPage","@id":"https:\/\/schmale-logtec.de\/es\/productos\/retrofit\/","url":"https:\/\/schmale-logtec.de\/es\/productos\/retrofit\/","name":"Retrofit - SCHMALE LOGTEC ES","isPartOf":{"@id":"https:\/\/schmale-logtec.de\/es\/#website"},"datePublished":"2019-10-22T08:52:20+00:00","dateModified":"2020-01-09T10:11:47+00:00","breadcrumb":{"@id":"https:\/\/schmale-logtec.de\/es\/productos\/retrofit\/#breadcrumb"},"inLanguage":"de","potentialAction":[{"@type":"ReadAction","target":["https:\/\/schmale-logtec.de\/es\/productos\/retrofit\/"]}]},{"@type":"BreadcrumbList","@id":"https:\/\/schmale-logtec.de\/es\/productos\/retrofit\/#breadcrumb","itemListElement":[{"@type":"ListItem","position":1,"name":"Startseite","item":"https:\/\/schmale-logtec.de\/es\/"},{"@type":"ListItem","position":2,"name":"Productos","item":"https:\/\/schmale-logtec.de\/es\/productos\/"},{"@type":"ListItem","position":3,"name":"Retrofit"}]},{"@type":"WebSite","@id":"https:\/\/schmale-logtec.de\/es\/#website","url":"https:\/\/schmale-logtec.de\/es\/","name":"SCHMALE LOGTEC ES","description":"","potentialAction":[{"@type":"SearchAction","target":{"@type":"EntryPoint","urlTemplate":"https:\/\/schmale-logtec.de\/es\/?s={search_term_string}"},"query-input":{"@type":"PropertyValueSpecification","valueRequired":true,"valueName":"search_term_string"}}],"inLanguage":"de"}]}},"_links":{"self":[{"href":"https:\/\/schmale-logtec.de\/es\/wp-json\/wp\/v2\/pages\/814","targetHints":{"allow":["GET"]}}],"collection":[{"href":"https:\/\/schmale-logtec.de\/es\/wp-json\/wp\/v2\/pages"}],"about":[{"href":"https:\/\/schmale-logtec.de\/es\/wp-json\/wp\/v2\/types\/page"}],"author":[{"embeddable":true,"href":"https:\/\/schmale-logtec.de\/es\/wp-json\/wp\/v2\/users\/1"}],"replies":[{"embeddable":true,"href":"https:\/\/schmale-logtec.de\/es\/wp-json\/wp\/v2\/comments?post=814"}],"version-history":[{"count":3,"href":"https:\/\/schmale-logtec.de\/es\/wp-json\/wp\/v2\/pages\/814\/revisions"}],"predecessor-version":[{"id":916,"href":"https:\/\/schmale-logtec.de\/es\/wp-json\/wp\/v2\/pages\/814\/revisions\/916"}],"up":[{"embeddable":true,"href":"https:\/\/schmale-logtec.de\/es\/wp-json\/wp\/v2\/pages\/787"}],"wp:attachment":[{"href":"https:\/\/schmale-logtec.de\/es\/wp-json\/wp\/v2\/media?parent=814"}],"curies":[{"name":"wp","href":"https:\/\/api.w.org\/{rel}","templated":true}]}}