{"id":822,"date":"2019-10-22T12:58:01","date_gmt":"2019-10-22T10:58:01","guid":{"rendered":"https:\/\/schmale-logtec.de\/es\/?page_id=822"},"modified":"2020-01-09T11:11:35","modified_gmt":"2020-01-09T10:11:35","slug":"canales-dinamicos-con-shuttle","status":"publish","type":"page","link":"https:\/\/schmale-logtec.de\/es\/productos\/canales-dinamicos-con-shuttle\/","title":{"rendered":"Canales din\u00e1micos con Shuttle"},"content":{"rendered":"<div  class='avia-slideshow av-37m5o9-a44b7c23ca86a15fa7c3b448b6f79248 avia-slideshow-featured_large av_slideshow avia-fade-slider  avia-builder-el-0  el_before_av_one_full  avia-builder-el-first  av-slideshow-ui av-control-hidden av-no-slider-navigation av-hide-nav-arrows av-slideshow-autoplay av-loop-endless av-loop-manual-endless av-default-height-applied avia-slideshow-1' data-slideshow-options=\"{&quot;animation&quot;:&quot;fade&quot;,&quot;autoplay&quot;:true,&quot;loop_autoplay&quot;:&quot;endless&quot;,&quot;interval&quot;:5,&quot;loop_manual&quot;:&quot;manual-endless&quot;,&quot;autoplay_stopper&quot;:false,&quot;noNavigation&quot;:true,&quot;bg_slider&quot;:false,&quot;keep_padding&quot;:false,&quot;hoverpause&quot;:false,&quot;show_slide_delay&quot;:0}\"  itemprop=\"image\" itemscope=\"itemscope\" itemtype=\"https:\/\/schema.org\/ImageObject\" ><ul class='avia-slideshow-inner ' style='padding-bottom: 42%;'><li  class='avia-slideshow-slide av-37m5o9-a44b7c23ca86a15fa7c3b448b6f79248__0  slide-1 slide-odd'><div data-rel='slideshow-1' class='avia-slide-wrap '   ><img decoding=\"async\" fetchpriority=\"high\" class=\"wp-image-499 avia-img-lazy-loading-not-499\"  src=\"https:\/\/schmale-logtec.de\/es\/wp-content\/uploads\/sites\/8\/2018\/03\/automatisierte_anlagen_schmale_logtec_warburg.jpg\" width=\"1500\" height=\"630\" title='' alt='shuttle durchlaufkan\u00e4le automatisierte anlagen schmale logtec warburg'  itemprop=\"thumbnailUrl\" srcset=\"https:\/\/schmale-logtec.de\/es\/wp-content\/uploads\/sites\/8\/2018\/03\/automatisierte_anlagen_schmale_logtec_warburg.jpg 1500w, https:\/\/schmale-logtec.de\/es\/wp-content\/uploads\/sites\/8\/2018\/03\/automatisierte_anlagen_schmale_logtec_warburg-300x126.jpg 300w, https:\/\/schmale-logtec.de\/es\/wp-content\/uploads\/sites\/8\/2018\/03\/automatisierte_anlagen_schmale_logtec_warburg-768x323.jpg 768w, https:\/\/schmale-logtec.de\/es\/wp-content\/uploads\/sites\/8\/2018\/03\/automatisierte_anlagen_schmale_logtec_warburg-1024x430.jpg 1024w, https:\/\/schmale-logtec.de\/es\/wp-content\/uploads\/sites\/8\/2018\/03\/automatisierte_anlagen_schmale_logtec_warburg-705x296.jpg 705w, https:\/\/schmale-logtec.de\/es\/wp-content\/uploads\/sites\/8\/2018\/03\/automatisierte_anlagen_schmale_logtec_warburg-450x189.jpg 450w\" sizes=\"(max-width: 1500px) 100vw, 1500px\" \/><\/div><\/li><li  class='avia-slideshow-slide av-37m5o9-a44b7c23ca86a15fa7c3b448b6f79248__1  slide-2 slide-even'><div data-rel='slideshow-1' class='avia-slide-wrap '   ><img decoding=\"async\" fetchpriority=\"high\" class=\"wp-image-897 avia-img-lazy-loading-not-897\"  src=\"https:\/\/schmale-logtec.de\/es\/wp-content\/uploads\/sites\/8\/2020\/01\/MG_7362-1-1500x630.jpg\" width=\"1500\" height=\"630\" title='_MG_7362' alt=''  itemprop=\"thumbnailUrl\"   \/><\/div><\/li><\/ul><div class='avia-slideshow-arrows avia-slideshow-controls' ><a href='#prev' class='prev-slide  avia-svg-icon avia-font-svg_entypo-fontello' data-av_svg_icon='left-open-big' data-av_iconset='svg_entypo-fontello' tabindex='-1' title=\"Zur\u00fcck\"><svg version=\"1.1\" xmlns=\"http:\/\/www.w3.org\/2000\/svg\" width=\"15\" height=\"32\" viewBox=\"0 0 15 32\" preserveAspectRatio=\"xMidYMid meet\" aria-labelledby='av-svg-title-1' aria-describedby='av-svg-desc-1' role=\"graphics-symbol\" aria-hidden=\"true\">\n<title id='av-svg-title-1'>Zur\u00fcck<\/title>\n<desc id='av-svg-desc-1'>Zur\u00fcck<\/desc>\n<path d=\"M14.464 27.84q0.832 0.832 0 1.536-0.832 0.832-1.536 0l-12.544-12.608q-0.768-0.768 0-1.6l12.544-12.608q0.704-0.832 1.536 0 0.832 0.704 0 1.536l-11.456 11.904z\"><\/path>\n<\/svg><span class='avia_hidden_link_text'>Zur\u00fcck<\/span><\/a><a href='#next' class='next-slide  avia-svg-icon avia-font-svg_entypo-fontello' data-av_svg_icon='right-open-big' data-av_iconset='svg_entypo-fontello' tabindex='-1' title=\"Weiter\"><svg version=\"1.1\" xmlns=\"http:\/\/www.w3.org\/2000\/svg\" width=\"15\" height=\"32\" viewBox=\"0 0 15 32\" preserveAspectRatio=\"xMidYMid meet\" aria-labelledby='av-svg-title-2' aria-describedby='av-svg-desc-2' role=\"graphics-symbol\" aria-hidden=\"true\">\n<title id='av-svg-title-2'>Weiter<\/title>\n<desc id='av-svg-desc-2'>Weiter<\/desc>\n<path d=\"M0.416 27.84l11.456-11.84-11.456-11.904q-0.832-0.832 0-1.536 0.832-0.832 1.536 0l12.544 12.608q0.768 0.832 0 1.6l-12.544 12.608q-0.704 0.832-1.536 0-0.832-0.704 0-1.536z\"><\/path>\n<\/svg><span class='avia_hidden_link_text'>Weiter<\/span><\/a><\/div><\/div>\n\n<style type=\"text\/css\" data-created_by=\"avia_inline_auto\" id=\"style-css-av-2z3g09-190bbc6535fa7ed5651a80326fcff93a\">\n#top .flex_column.av-2z3g09-190bbc6535fa7ed5651a80326fcff93a{\nmargin-top:0px;\nmargin-bottom:0px;\n}\n.flex_column.av-2z3g09-190bbc6535fa7ed5651a80326fcff93a{\nborder-radius:0px 0px 0px 0px;\npadding:0px 0px 0px 0px;\n}\n.responsive #top #wrap_all .flex_column.av-2z3g09-190bbc6535fa7ed5651a80326fcff93a{\nmargin-top:0px;\nmargin-bottom:0px;\n}\n<\/style>\n<div  class='flex_column av-2z3g09-190bbc6535fa7ed5651a80326fcff93a av_one_full  avia-builder-el-1  el_after_av_slideshow  el_before_av_one_full  first flex_column_div av-animated-generic bottom-to-top av-zero-column-padding  '     ><p>\n<style type=\"text\/css\" data-created_by=\"avia_inline_auto\" id=\"style-css-av-k21qfjk2-8b7caf5fe833136e10ba86b4aa4c7223\">\n#top .av-special-heading.av-k21qfjk2-8b7caf5fe833136e10ba86b4aa4c7223{\npadding-bottom:0;\n}\nbody .av-special-heading.av-k21qfjk2-8b7caf5fe833136e10ba86b4aa4c7223 .av-special-heading-tag .heading-char{\nfont-size:25px;\n}\n.av-special-heading.av-k21qfjk2-8b7caf5fe833136e10ba86b4aa4c7223 .av-subheading{\nfont-size:15px;\n}\n<\/style>\n<div  class='av-special-heading av-k21qfjk2-8b7caf5fe833136e10ba86b4aa4c7223 av-special-heading-h1 blockquote modern-quote  avia-builder-el-2  el_before_av_hr  avia-builder-el-first '><h1 class='av-special-heading-tag '  itemprop=\"headline\"  >Canales din\u00e1micos con Shuttle<\/h1><div class=\"special-heading-border\"><div class=\"special-heading-inner-border\"><\/div><\/div><\/div><br \/>\n\n<style type=\"text\/css\" data-created_by=\"avia_inline_auto\" id=\"style-css-av-2lw09l-778c46f09811ce07c3fd1aa521118d15\">\n#top .hr.av-2lw09l-778c46f09811ce07c3fd1aa521118d15{\nmargin-top:10px;\nmargin-bottom:10px;\n}\n.hr.av-2lw09l-778c46f09811ce07c3fd1aa521118d15 .hr-inner{\nwidth:50px;\nborder-color:#efbb20;\n}\n<\/style>\n<div  class='hr av-2lw09l-778c46f09811ce07c3fd1aa521118d15 hr-custom  avia-builder-el-3  el_after_av_heading  avia-builder-el-last  hr-left hr-icon-no'><span class='hr-inner inner-border-av-border-fat'><span class=\"hr-inner-style\"><\/span><\/span><\/div><\/p><\/div>\n\n<style type=\"text\/css\" data-created_by=\"avia_inline_auto\" id=\"style-css-av-2h81yx-b0f2a5d1bba01d81f8c1ced46b1458b3\">\n.flex_column.av-2h81yx-b0f2a5d1bba01d81f8c1ced46b1458b3{\nborder-radius:0px 0px 0px 0px;\npadding:0px 0px 0px 0px;\n}\n<\/style>\n<div  class='flex_column av-2h81yx-b0f2a5d1bba01d81f8c1ced46b1458b3 av_one_full  avia-builder-el-4  el_after_av_one_full  el_before_av_one_full  first flex_column_div av-animated-generic bottom-to-top av-zero-column-padding  column-top-margin'     ><section  class='av_textblock_section av-27mobt-45091eca88ddd2c9b2d20143dd8e6868 '   itemscope=\"itemscope\" itemtype=\"https:\/\/schema.org\/CreativeWork\" ><div class='avia_textblock'  itemprop=\"text\" ><h2>La primera elecci\u00f3n<\/h2>\n<p>Para almacenar, reubicar y recuperar unidades de carga con veh\u00edculos, los canales din\u00e1micos con lanzadera shuttle de Schmale LOGTEC son la primera opci\u00f3n. Los canales se llenan a trav\u00e9s de lanzaderas, la extracci\u00f3n se realiza de forma manual. Los sistemas de picking din\u00e1mico est\u00e1n integrados en las estanter\u00edas, los cuales proporcionan canales con tolvas de entrada y gu\u00edas laterales. Una ranura de transferencia garantiza un funcionamiento seguro. Las pantallas pick-by-light y los monitores de acceso permiten la preparaci\u00f3n de pedido sin documentaci\u00f3n para cada canal.<\/p>\n<\/div><\/section><\/div>\n\n<style type=\"text\/css\" data-created_by=\"avia_inline_auto\" id=\"style-css-av-231pa9-99808190a77dfcf82332339e89bbab71\">\n.flex_column.av-231pa9-99808190a77dfcf82332339e89bbab71{\nborder-width:1px;\nborder-style:solid;\nborder-radius:0px 0px 0px 0px;\npadding:20px 20px 20px 20px;\nbackground-color:#ffa300;\n}\n<\/style>\n<div  class='flex_column av-231pa9-99808190a77dfcf82332339e89bbab71 av_one_full  avia-builder-el-6  el_after_av_one_full  el_before_av_heading  first flex_column_div av-animated-generic bottom-to-top  column-top-margin'     ><section  class='av_textblock_section av-6npc9-8f2c4847e81d128fe35b879ee5b29010 '   itemscope=\"itemscope\" itemtype=\"https:\/\/schema.org\/CreativeWork\" ><div class='avia_textblock'  itemprop=\"text\" ><p style=\"text-align: center;\"><span class=\"zitate-fliesstext\">\u201eDonde el est\u00e1ndar no es suficiente, las soluciones especiales y los sistemas automatizados permiten procesos altamente eficientes.\u201c<br \/>\n<\/span><\/p>\n<\/div><\/section><br \/>\n\n<style type=\"text\/css\" data-created_by=\"avia_inline_auto\" id=\"style-css-av-63rqx-fb8638ac997dfa6b35ad4b270a6a50f9\">\n#top .hr.hr-invisible.av-63rqx-fb8638ac997dfa6b35ad4b270a6a50f9{\nheight:80px;\n}\n<\/style>\n<div  class='hr av-63rqx-fb8638ac997dfa6b35ad4b270a6a50f9 hr-invisible  avia-builder-el-8  el_after_av_textblock  avia-builder-el-last '><span class='hr-inner '><span class=\"hr-inner-style\"><\/span><\/span><\/div><\/p><\/div>\n\n<style type=\"text\/css\" data-created_by=\"avia_inline_auto\" id=\"style-css-av-7nezi-d4d14651851b4de600024a7d02db6133\">\n#top .av-special-heading.av-7nezi-d4d14651851b4de600024a7d02db6133{\npadding-bottom:10px;\n}\nbody .av-special-heading.av-7nezi-d4d14651851b4de600024a7d02db6133 .av-special-heading-tag .heading-char{\nfont-size:25px;\n}\n.av-special-heading.av-7nezi-d4d14651851b4de600024a7d02db6133 .av-subheading{\nfont-size:15px;\n}\n<\/style>\n<div  class='av-special-heading av-7nezi-d4d14651851b4de600024a7d02db6133 av-special-heading-h3  avia-builder-el-9  el_after_av_one_full  el_before_av_one_full '><h3 class='av-special-heading-tag '  itemprop=\"headline\"  >+ Ventajas destacadas<\/h3><div class=\"special-heading-border\"><div class=\"special-heading-inner-border\"><\/div><\/div><\/div>\n\n<style type=\"text\/css\" data-created_by=\"avia_inline_auto\" id=\"style-css-av-1d0zu1-82e2809675658d614a6028b6c88bd586\">\n.flex_column.av-1d0zu1-82e2809675658d614a6028b6c88bd586{\nborder-radius:0px 0px 0px 0px;\npadding:0px 0px 0px 0px;\n}\n<\/style>\n<div  class='flex_column av-1d0zu1-82e2809675658d614a6028b6c88bd586 av_one_full  avia-builder-el-10  el_after_av_heading  avia-builder-el-last  first flex_column_div av-zero-column-padding  '     ><p>\n<style type=\"text\/css\" data-created_by=\"avia_inline_auto\" id=\"style-css-av-k21qhg9j-5cf88242fea58c5aae0d6ff8a471af0b\">\n#top .av-special-heading.av-k21qhg9j-5cf88242fea58c5aae0d6ff8a471af0b{\npadding-bottom:10px;\n}\nbody .av-special-heading.av-k21qhg9j-5cf88242fea58c5aae0d6ff8a471af0b .av-special-heading-tag .heading-char{\nfont-size:25px;\n}\n.av-special-heading.av-k21qhg9j-5cf88242fea58c5aae0d6ff8a471af0b .av-subheading{\nfont-size:15px;\n}\n<\/style>\n<div  class='av-special-heading av-k21qhg9j-5cf88242fea58c5aae0d6ff8a471af0b av-special-heading-h4 blockquote modern-quote  avia-builder-el-11  el_before_av_iconlist  avia-builder-el-first '><h4 class='av-special-heading-tag '  itemprop=\"headline\"  >Canales din\u00e1micos con Shuttle<\/h4><div class=\"special-heading-border\"><div class=\"special-heading-inner-border\"><\/div><\/div><\/div><br \/>\n<div  class='avia-icon-list-container av-14as3t-e00e0d3e955a0b15eb8ef9d18096b9ce  avia-builder-el-12  el_after_av_heading  avia-builder-el-last '><ul class='avia-icon-list avia_animate_when_almost_visible avia-icon-list-left av-iconlist-big av-14as3t-e00e0d3e955a0b15eb8ef9d18096b9ce avia-iconlist-animate'>\n<li><div class='iconlist_icon av-wiubq-809aab849a9a1da8a5ce43e79d5a15ed avia-font-entypo-fontello avia-iconfont avia-font-entypo-fontello'><span class='av-icon-char' data-av_icon='\ue816' data-av_iconfont='entypo-fontello' aria-hidden=\"true\"><\/span><\/div><article class=\"article-icon-entry av-iconlist-empty\"  itemscope=\"itemscope\" itemtype=\"https:\/\/schema.org\/CreativeWork\" ><div class=\"iconlist_content_wrap\"><header class=\"entry-content-header\" aria-label=\"Icon: Carga con shuttles, recogida manual\"><h4 class='av_iconlist_title iconlist_title  '  itemprop=\"headline\" >Carga con shuttles, recogida manual<\/h4><\/header><div class='iconlist_content '  itemprop=\"text\" ><\/div><\/div><footer class=\"entry-footer\"><\/footer><\/article><div class=\"iconlist-timeline\"><\/div><\/li>\n<li><div class='iconlist_icon av-r9vuu-b86be0783771aa3fcf2b2f5701bafac0 avia-font-entypo-fontello avia-iconfont avia-font-entypo-fontello'><span class='av-icon-char' data-av_icon='\ue816' data-av_iconfont='entypo-fontello' aria-hidden=\"true\"><\/span><\/div><article class=\"article-icon-entry av-iconlist-empty\"  itemscope=\"itemscope\" itemtype=\"https:\/\/schema.org\/CreativeWork\" ><div class=\"iconlist_content_wrap\"><header class=\"entry-content-header\" aria-label=\"Icon: Gu\u00eda para el shuttle integrada en la estanter\u00eda\"><h4 class='av_iconlist_title iconlist_title  '  itemprop=\"headline\" >Gu\u00eda para el shuttle integrada en la estanter\u00eda<\/h4><\/header><div class='iconlist_content '  itemprop=\"text\" ><\/div><\/div><footer class=\"entry-footer\"><\/footer><\/article><div class=\"iconlist-timeline\"><\/div><\/li>\n<li><div class='iconlist_icon av-k4d0u-8e1b44150ef50464f41d33c9391f6464 avia-font-entypo-fontello avia-iconfont avia-font-entypo-fontello'><span class='av-icon-char' data-av_icon='\ue816' data-av_iconfont='entypo-fontello' aria-hidden=\"true\"><\/span><\/div><article class=\"article-icon-entry av-iconlist-empty\"  itemscope=\"itemscope\" itemtype=\"https:\/\/schema.org\/CreativeWork\" ><div class=\"iconlist_content_wrap\"><header class=\"entry-content-header\" aria-label=\"Icon: Ranura de transferencia para una mayor seguridad operativa\"><h4 class='av_iconlist_title iconlist_title  '  itemprop=\"headline\" >Ranura de transferencia para una mayor seguridad operativa<\/h4><\/header><div class='iconlist_content '  itemprop=\"text\" ><\/div><\/div><footer class=\"entry-footer\"><\/footer><\/article><div class=\"iconlist-timeline\"><\/div><\/li>\n<li><div class='iconlist_icon av-g80jy-d80e24d2f41ae514605fe04138e53ba5 avia-font-entypo-fontello avia-iconfont avia-font-entypo-fontello'><span class='av-icon-char' data-av_icon='\ue816' data-av_iconfont='entypo-fontello' aria-hidden=\"true\"><\/span><\/div><article class=\"article-icon-entry av-iconlist-empty\"  itemscope=\"itemscope\" itemtype=\"https:\/\/schema.org\/CreativeWork\" ><div class=\"iconlist_content_wrap\"><header class=\"entry-content-header\" aria-label=\"Icon: Gu\u00edas laterales y tolva de entrada\"><h4 class='av_iconlist_title iconlist_title  '  itemprop=\"headline\" >Gu\u00edas laterales y tolva de entrada<\/h4><\/header><div class='iconlist_content '  itemprop=\"text\" ><\/div><\/div><footer class=\"entry-footer\"><\/footer><\/article><div class=\"iconlist-timeline\"><\/div><\/li>\n<li><div class='iconlist_icon av-6zpla-81d6df300b8f5bbf2426c7a6711e0468 avia-font-entypo-fontello avia-iconfont avia-font-entypo-fontello'><span class='av-icon-char' data-av_icon='\ue816' data-av_iconfont='entypo-fontello' aria-hidden=\"true\"><\/span><\/div><article class=\"article-icon-entry av-iconlist-empty\"  itemscope=\"itemscope\" itemtype=\"https:\/\/schema.org\/CreativeWork\" ><div class=\"iconlist_content_wrap\"><header class=\"entry-content-header\" aria-label=\"Icon: Posibilidad de pantallas pick-by-light y monitoreo de acceso\"><h4 class='av_iconlist_title iconlist_title  '  itemprop=\"headline\" >Posibilidad de pantallas pick-by-light y monitoreo de acceso<\/h4><\/header><div class='iconlist_content '  itemprop=\"text\" ><\/div><\/div><footer class=\"entry-footer\"><\/footer><\/article><div class=\"iconlist-timeline\"><\/div><\/li>\n<\/ul><\/div><\/p><\/div>\n","protected":false},"excerpt":{"rendered":"","protected":false},"author":1,"featured_media":499,"parent":787,"menu_order":0,"comment_status":"closed","ping_status":"closed","template":"","meta":{"inline_featured_image":false,"footnotes":""},"class_list":["post-822","page","type-page","status-publish","has-post-thumbnail","hentry"],"yoast_head":"<!-- This site is optimized with the Yoast SEO plugin v26.3 - https:\/\/yoast.com\/wordpress\/plugins\/seo\/ -->\n<title>Canales din\u00e1micos con Shuttle - SCHMALE LOGTEC ES<\/title>\n<meta name=\"robots\" content=\"index, follow, max-snippet:-1, max-image-preview:large, max-video-preview:-1\" \/>\n<link rel=\"canonical\" href=\"https:\/\/schmale-logtec.de\/es\/productos\/canales-dinamicos-con-shuttle\/\" \/>\n<meta property=\"og:locale\" content=\"de_DE\" \/>\n<meta property=\"og:type\" content=\"article\" \/>\n<meta property=\"og:title\" content=\"Canales din\u00e1micos con Shuttle - SCHMALE LOGTEC ES\" \/>\n<meta property=\"og:url\" content=\"https:\/\/schmale-logtec.de\/es\/productos\/canales-dinamicos-con-shuttle\/\" \/>\n<meta property=\"og:site_name\" content=\"SCHMALE LOGTEC ES\" \/>\n<meta property=\"article:modified_time\" content=\"2020-01-09T10:11:35+00:00\" \/>\n<meta property=\"og:image\" content=\"https:\/\/schmale-logtec.de\/es\/wp-content\/uploads\/sites\/8\/2018\/03\/automatisierte_anlagen_schmale_logtec_warburg.jpg\" \/>\n\t<meta property=\"og:image:width\" content=\"1500\" \/>\n\t<meta property=\"og:image:height\" content=\"630\" \/>\n\t<meta property=\"og:image:type\" content=\"image\/jpeg\" \/>\n<meta name=\"twitter:card\" content=\"summary_large_image\" \/>\n<meta name=\"twitter:label1\" content=\"Gesch\u00e4tzte Lesezeit\" \/>\n\t<meta name=\"twitter:data1\" content=\"5\u00a0Minuten\" \/>\n<script type=\"application\/ld+json\" class=\"yoast-schema-graph\">{\"@context\":\"https:\/\/schema.org\",\"@graph\":[{\"@type\":\"WebPage\",\"@id\":\"https:\/\/schmale-logtec.de\/es\/productos\/canales-dinamicos-con-shuttle\/\",\"url\":\"https:\/\/schmale-logtec.de\/es\/productos\/canales-dinamicos-con-shuttle\/\",\"name\":\"Canales din\u00e1micos con Shuttle - SCHMALE LOGTEC ES\",\"isPartOf\":{\"@id\":\"https:\/\/schmale-logtec.de\/es\/#website\"},\"primaryImageOfPage\":{\"@id\":\"https:\/\/schmale-logtec.de\/es\/productos\/canales-dinamicos-con-shuttle\/#primaryimage\"},\"image\":{\"@id\":\"https:\/\/schmale-logtec.de\/es\/productos\/canales-dinamicos-con-shuttle\/#primaryimage\"},\"thumbnailUrl\":\"https:\/\/schmale-logtec.de\/es\/wp-content\/uploads\/sites\/8\/2018\/03\/automatisierte_anlagen_schmale_logtec_warburg.jpg\",\"datePublished\":\"2019-10-22T10:58:01+00:00\",\"dateModified\":\"2020-01-09T10:11:35+00:00\",\"breadcrumb\":{\"@id\":\"https:\/\/schmale-logtec.de\/es\/productos\/canales-dinamicos-con-shuttle\/#breadcrumb\"},\"inLanguage\":\"de\",\"potentialAction\":[{\"@type\":\"ReadAction\",\"target\":[\"https:\/\/schmale-logtec.de\/es\/productos\/canales-dinamicos-con-shuttle\/\"]}]},{\"@type\":\"ImageObject\",\"inLanguage\":\"de\",\"@id\":\"https:\/\/schmale-logtec.de\/es\/productos\/canales-dinamicos-con-shuttle\/#primaryimage\",\"url\":\"https:\/\/schmale-logtec.de\/es\/wp-content\/uploads\/sites\/8\/2018\/03\/automatisierte_anlagen_schmale_logtec_warburg.jpg\",\"contentUrl\":\"https:\/\/schmale-logtec.de\/es\/wp-content\/uploads\/sites\/8\/2018\/03\/automatisierte_anlagen_schmale_logtec_warburg.jpg\",\"width\":1500,\"height\":630,\"caption\":\"shuttle durchlaufkan\u00e4le automatisierte anlagen schmale logtec warburg\"},{\"@type\":\"BreadcrumbList\",\"@id\":\"https:\/\/schmale-logtec.de\/es\/productos\/canales-dinamicos-con-shuttle\/#breadcrumb\",\"itemListElement\":[{\"@type\":\"ListItem\",\"position\":1,\"name\":\"Startseite\",\"item\":\"https:\/\/schmale-logtec.de\/es\/\"},{\"@type\":\"ListItem\",\"position\":2,\"name\":\"Productos\",\"item\":\"https:\/\/schmale-logtec.de\/es\/productos\/\"},{\"@type\":\"ListItem\",\"position\":3,\"name\":\"Canales din\u00e1micos con Shuttle\"}]},{\"@type\":\"WebSite\",\"@id\":\"https:\/\/schmale-logtec.de\/es\/#website\",\"url\":\"https:\/\/schmale-logtec.de\/es\/\",\"name\":\"SCHMALE LOGTEC ES\",\"description\":\"\",\"potentialAction\":[{\"@type\":\"SearchAction\",\"target\":{\"@type\":\"EntryPoint\",\"urlTemplate\":\"https:\/\/schmale-logtec.de\/es\/?s={search_term_string}\"},\"query-input\":{\"@type\":\"PropertyValueSpecification\",\"valueRequired\":true,\"valueName\":\"search_term_string\"}}],\"inLanguage\":\"de\"}]}<\/script>\n<!-- \/ Yoast SEO plugin. -->","yoast_head_json":{"title":"Canales din\u00e1micos con Shuttle - SCHMALE LOGTEC ES","robots":{"index":"index","follow":"follow","max-snippet":"max-snippet:-1","max-image-preview":"max-image-preview:large","max-video-preview":"max-video-preview:-1"},"canonical":"https:\/\/schmale-logtec.de\/es\/productos\/canales-dinamicos-con-shuttle\/","og_locale":"de_DE","og_type":"article","og_title":"Canales din\u00e1micos con Shuttle - SCHMALE LOGTEC ES","og_url":"https:\/\/schmale-logtec.de\/es\/productos\/canales-dinamicos-con-shuttle\/","og_site_name":"SCHMALE LOGTEC ES","article_modified_time":"2020-01-09T10:11:35+00:00","og_image":[{"width":1500,"height":630,"url":"https:\/\/schmale-logtec.de\/es\/wp-content\/uploads\/sites\/8\/2018\/03\/automatisierte_anlagen_schmale_logtec_warburg.jpg","type":"image\/jpeg"}],"twitter_card":"summary_large_image","twitter_misc":{"Gesch\u00e4tzte Lesezeit":"5\u00a0Minuten"},"schema":{"@context":"https:\/\/schema.org","@graph":[{"@type":"WebPage","@id":"https:\/\/schmale-logtec.de\/es\/productos\/canales-dinamicos-con-shuttle\/","url":"https:\/\/schmale-logtec.de\/es\/productos\/canales-dinamicos-con-shuttle\/","name":"Canales din\u00e1micos con Shuttle - SCHMALE LOGTEC ES","isPartOf":{"@id":"https:\/\/schmale-logtec.de\/es\/#website"},"primaryImageOfPage":{"@id":"https:\/\/schmale-logtec.de\/es\/productos\/canales-dinamicos-con-shuttle\/#primaryimage"},"image":{"@id":"https:\/\/schmale-logtec.de\/es\/productos\/canales-dinamicos-con-shuttle\/#primaryimage"},"thumbnailUrl":"https:\/\/schmale-logtec.de\/es\/wp-content\/uploads\/sites\/8\/2018\/03\/automatisierte_anlagen_schmale_logtec_warburg.jpg","datePublished":"2019-10-22T10:58:01+00:00","dateModified":"2020-01-09T10:11:35+00:00","breadcrumb":{"@id":"https:\/\/schmale-logtec.de\/es\/productos\/canales-dinamicos-con-shuttle\/#breadcrumb"},"inLanguage":"de","potentialAction":[{"@type":"ReadAction","target":["https:\/\/schmale-logtec.de\/es\/productos\/canales-dinamicos-con-shuttle\/"]}]},{"@type":"ImageObject","inLanguage":"de","@id":"https:\/\/schmale-logtec.de\/es\/productos\/canales-dinamicos-con-shuttle\/#primaryimage","url":"https:\/\/schmale-logtec.de\/es\/wp-content\/uploads\/sites\/8\/2018\/03\/automatisierte_anlagen_schmale_logtec_warburg.jpg","contentUrl":"https:\/\/schmale-logtec.de\/es\/wp-content\/uploads\/sites\/8\/2018\/03\/automatisierte_anlagen_schmale_logtec_warburg.jpg","width":1500,"height":630,"caption":"shuttle durchlaufkan\u00e4le automatisierte anlagen schmale logtec warburg"},{"@type":"BreadcrumbList","@id":"https:\/\/schmale-logtec.de\/es\/productos\/canales-dinamicos-con-shuttle\/#breadcrumb","itemListElement":[{"@type":"ListItem","position":1,"name":"Startseite","item":"https:\/\/schmale-logtec.de\/es\/"},{"@type":"ListItem","position":2,"name":"Productos","item":"https:\/\/schmale-logtec.de\/es\/productos\/"},{"@type":"ListItem","position":3,"name":"Canales din\u00e1micos con Shuttle"}]},{"@type":"WebSite","@id":"https:\/\/schmale-logtec.de\/es\/#website","url":"https:\/\/schmale-logtec.de\/es\/","name":"SCHMALE LOGTEC ES","description":"","potentialAction":[{"@type":"SearchAction","target":{"@type":"EntryPoint","urlTemplate":"https:\/\/schmale-logtec.de\/es\/?s={search_term_string}"},"query-input":{"@type":"PropertyValueSpecification","valueRequired":true,"valueName":"search_term_string"}}],"inLanguage":"de"}]}},"_links":{"self":[{"href":"https:\/\/schmale-logtec.de\/es\/wp-json\/wp\/v2\/pages\/822","targetHints":{"allow":["GET"]}}],"collection":[{"href":"https:\/\/schmale-logtec.de\/es\/wp-json\/wp\/v2\/pages"}],"about":[{"href":"https:\/\/schmale-logtec.de\/es\/wp-json\/wp\/v2\/types\/page"}],"author":[{"embeddable":true,"href":"https:\/\/schmale-logtec.de\/es\/wp-json\/wp\/v2\/users\/1"}],"replies":[{"embeddable":true,"href":"https:\/\/schmale-logtec.de\/es\/wp-json\/wp\/v2\/comments?post=822"}],"version-history":[{"count":4,"href":"https:\/\/schmale-logtec.de\/es\/wp-json\/wp\/v2\/pages\/822\/revisions"}],"predecessor-version":[{"id":913,"href":"https:\/\/schmale-logtec.de\/es\/wp-json\/wp\/v2\/pages\/822\/revisions\/913"}],"up":[{"embeddable":true,"href":"https:\/\/schmale-logtec.de\/es\/wp-json\/wp\/v2\/pages\/787"}],"wp:featuredmedia":[{"embeddable":true,"href":"https:\/\/schmale-logtec.de\/es\/wp-json\/wp\/v2\/media\/499"}],"wp:attachment":[{"href":"https:\/\/schmale-logtec.de\/es\/wp-json\/wp\/v2\/media?parent=822"}],"curies":[{"name":"wp","href":"https:\/\/api.w.org\/{rel}","templated":true}]}}