{"id":827,"date":"2019-10-22T13:16:41","date_gmt":"2019-10-22T11:16:41","guid":{"rendered":"https:\/\/schmale-logtec.de\/es\/?page_id=827"},"modified":"2020-02-05T16:13:55","modified_gmt":"2020-02-05T15:13:55","slug":"soluciones-especiales","status":"publish","type":"page","link":"https:\/\/schmale-logtec.de\/es\/productos\/soluciones-especiales\/","title":{"rendered":"Soluciones especiales"},"content":{"rendered":"<div  class='avia-slideshow av-3lst39-499ed4b8c44195e6fdaac1b8a954be8f avia-slideshow-featured_large av_slideshow avia-fade-slider  avia-builder-el-0  el_before_av_one_full  avia-builder-el-first  av-slideshow-ui av-control-hidden av-no-slider-navigation av-hide-nav-arrows av-slideshow-autoplay av-loop-endless av-loop-manual-endless av-default-height-applied avia-slideshow-1' data-slideshow-options=\"{&quot;animation&quot;:&quot;fade&quot;,&quot;autoplay&quot;:true,&quot;loop_autoplay&quot;:&quot;endless&quot;,&quot;interval&quot;:5,&quot;loop_manual&quot;:&quot;manual-endless&quot;,&quot;autoplay_stopper&quot;:false,&quot;noNavigation&quot;:true,&quot;bg_slider&quot;:false,&quot;keep_padding&quot;:false,&quot;hoverpause&quot;:false,&quot;show_slide_delay&quot;:0}\"  itemprop=\"image\" itemscope=\"itemscope\" itemtype=\"https:\/\/schema.org\/ImageObject\" ><ul class='avia-slideshow-inner ' style='padding-bottom: 42%;'><li  class='avia-slideshow-slide av-3lst39-499ed4b8c44195e6fdaac1b8a954be8f__0  av-single-slide slide-1 slide-odd'><div data-rel='slideshow-1' class='avia-slide-wrap '   ><img decoding=\"async\" fetchpriority=\"high\" class=\"wp-image-923 avia-img-lazy-loading-not-923\"  src=\"https:\/\/schmale-logtec.de\/es\/wp-content\/uploads\/sites\/8\/2020\/02\/Anlage_Sonderl\u00f6sungen-1500x630.png\" width=\"1500\" height=\"630\" title='Anlage_Sonderl\u00f6sungen' alt=''  itemprop=\"thumbnailUrl\"   \/><\/div><\/li><\/ul><\/div>\n\n<style type=\"text\/css\" data-created_by=\"avia_inline_auto\" id=\"style-css-av-3avaf9-1f296deaf1d278461a059aae18133614\">\n#top .flex_column.av-3avaf9-1f296deaf1d278461a059aae18133614{\nmargin-top:0px;\nmargin-bottom:0px;\n}\n.flex_column.av-3avaf9-1f296deaf1d278461a059aae18133614{\nborder-radius:0px 0px 0px 0px;\npadding:0px 0px 0px 0px;\n}\n.responsive #top #wrap_all .flex_column.av-3avaf9-1f296deaf1d278461a059aae18133614{\nmargin-top:0px;\nmargin-bottom:0px;\n}\n<\/style>\n<div  class='flex_column av-3avaf9-1f296deaf1d278461a059aae18133614 av_one_full  avia-builder-el-1  el_after_av_slideshow  el_before_av_one_half  first flex_column_div av-animated-generic bottom-to-top av-zero-column-padding  '     ><p>\n<style type=\"text\/css\" data-created_by=\"avia_inline_auto\" id=\"style-css-av-k21r22vi-90729ca2ad356015ce39bab7c7e75e23\">\n#top .av-special-heading.av-k21r22vi-90729ca2ad356015ce39bab7c7e75e23{\npadding-bottom:0;\n}\nbody .av-special-heading.av-k21r22vi-90729ca2ad356015ce39bab7c7e75e23 .av-special-heading-tag .heading-char{\nfont-size:25px;\n}\n.av-special-heading.av-k21r22vi-90729ca2ad356015ce39bab7c7e75e23 .av-subheading{\nfont-size:15px;\n}\n<\/style>\n<div  class='av-special-heading av-k21r22vi-90729ca2ad356015ce39bab7c7e75e23 av-special-heading-h1 blockquote modern-quote  avia-builder-el-2  el_before_av_hr  avia-builder-el-first '><h1 class='av-special-heading-tag '  itemprop=\"headline\"  >Soluciones especiales<\/h1><div class=\"special-heading-border\"><div class=\"special-heading-inner-border\"><\/div><\/div><\/div><br \/>\n\n<style type=\"text\/css\" data-created_by=\"avia_inline_auto\" id=\"style-css-av-2z3xol-a073ca571a78609f0917284d1c396627\">\n#top .hr.av-2z3xol-a073ca571a78609f0917284d1c396627{\nmargin-top:10px;\nmargin-bottom:10px;\n}\n.hr.av-2z3xol-a073ca571a78609f0917284d1c396627 .hr-inner{\nwidth:50px;\nborder-color:#efbb20;\n}\n<\/style>\n<div  class='hr av-2z3xol-a073ca571a78609f0917284d1c396627 hr-custom  avia-builder-el-3  el_after_av_heading  avia-builder-el-last  hr-left hr-icon-no'><span class='hr-inner inner-border-av-border-fat'><span class=\"hr-inner-style\"><\/span><\/span><\/div><\/p><\/div>\n\n<style type=\"text\/css\" data-created_by=\"avia_inline_auto\" id=\"style-css-av-9mi6d-6e59416f0579aa81ab2626dfd3299364\">\n#top .flex_column.av-9mi6d-6e59416f0579aa81ab2626dfd3299364{\nmargin-top:0px;\nmargin-bottom:0px;\n}\n.flex_column.av-9mi6d-6e59416f0579aa81ab2626dfd3299364{\nborder-radius:0px 0px 0px 0px;\npadding:0px 0px 0px 0px;\n}\n.responsive #top #wrap_all .flex_column.av-9mi6d-6e59416f0579aa81ab2626dfd3299364{\nmargin-top:0px;\nmargin-bottom:0px;\n}\n<\/style>\n<div  class='flex_column av-9mi6d-6e59416f0579aa81ab2626dfd3299364 av_one_half  avia-builder-el-4  el_after_av_one_full  el_before_av_one_half  first flex_column_div av-animated-generic bottom-to-top av-zero-column-padding  column-top-margin'     ><section  class='av_textblock_section av-2kxthh-8ae8dcf01218a258fd275151fe85f0b9 '   itemscope=\"itemscope\" itemtype=\"https:\/\/schema.org\/CreativeWork\" ><div class='avia_textblock'  itemprop=\"text\" ><p style=\"text-align: left\"><span class=\"einleitung-fliesstext\">El objetivo de SCHMALE LOGTEC es encontrar soluciones inteligentes all\u00ed donde otros ven problemas.<br \/>\nEl requisito para ello es comprender los procesos, definir el planteamiento correctamente y, si es necesario, abrir nuevos caminos.<\/span><\/p>\n<h2>Planteamiento activo<\/h2>\n<p>Tanto para nuevas instalaciones como para la reforma de instalaciones existentes, toman gran importancia aspectos como un flujo de materiales eficiente, desplazamientos cortos, ahorro de espacio en el planteamiento arquitect\u00f3nico, ahorro de tiempo en los procesos, alta flexibilidad y m\u00ednimas interfaces. Para ello son tan decisivos los componentes adecuados como su correcta interacci\u00f3n.<\/p>\n<\/div><\/section><\/div>\n\n<style type=\"text\/css\" data-created_by=\"avia_inline_auto\" id=\"style-css-av-2ecj1p-2c298fbde86e74970394f634768b66bd\">\n#top .flex_column.av-2ecj1p-2c298fbde86e74970394f634768b66bd{\nmargin-top:0px;\nmargin-bottom:0px;\n}\n.flex_column.av-2ecj1p-2c298fbde86e74970394f634768b66bd{\nborder-radius:0px 0px 0px 0px;\npadding:0px 0px 0px 0px;\n}\n.responsive #top #wrap_all .flex_column.av-2ecj1p-2c298fbde86e74970394f634768b66bd{\nmargin-top:0px;\nmargin-bottom:0px;\n}\n<\/style>\n<div  class='flex_column av-2ecj1p-2c298fbde86e74970394f634768b66bd av_one_half  avia-builder-el-6  el_after_av_one_half  el_before_av_one_full  flex_column_div av-animated-generic bottom-to-top av-zero-column-padding  column-top-margin'     ><section  class='av_textblock_section av-s7ud-4bad6d4b9b011d83ab2b4eb88838d53c '   itemscope=\"itemscope\" itemtype=\"https:\/\/schema.org\/CreativeWork\" ><div class='avia_textblock'  itemprop=\"text\" ><h2>Implementaci\u00f3n<\/h2>\n<p>SCHMALE LOGTEC analiza procesos complejos, planifica procesos eficientes, encuentra respuestas t\u00e9cnicas y calcula su relaci\u00f3n costo-beneficio. En un intercambio de confianza con el cliente, se crean ideas, si es necesario, prototipos y, finalmente, soluciones eficientes.<\/p>\n<p>Con SCHMALE LOGTEC tiene en un solo proveedor los procesos de ingenier\u00eda, dise\u00f1o, fabricaci\u00f3n, montaje y supervisi\u00f3n de los resultados.<\/p>\n<\/div><\/section><\/div>\n\n<style type=\"text\/css\" data-created_by=\"avia_inline_auto\" id=\"style-css-av-22qq5h-e1d91a5fb240879fe9ca7b663d4ee804\">\n.flex_column.av-22qq5h-e1d91a5fb240879fe9ca7b663d4ee804{\nborder-width:1px;\nborder-style:solid;\nborder-radius:0px 0px 0px 0px;\npadding:20px 20px 20px 20px;\nbackground-color:#ffa300;\n}\n<\/style>\n<div  class='flex_column av-22qq5h-e1d91a5fb240879fe9ca7b663d4ee804 av_one_full  avia-builder-el-8  el_after_av_one_half  el_before_av_hr  first flex_column_div av-animated-generic bottom-to-top  column-top-margin'     ><section  class='av_textblock_section av-1yw2n1-31badb20f1a25cce044778c75632da63 '   itemscope=\"itemscope\" itemtype=\"https:\/\/schema.org\/CreativeWork\" ><div class='avia_textblock'  itemprop=\"text\" ><p style=\"text-align: center\"><span class=\"zitate-fliesstext\">\u201eLas soluciones especiales, como la clasificaci\u00f3n y almacenamiento temporal, son posibles gracias a la comprensi\u00f3n del proceso, la experiencia y el compromiso.\u201c<\/span><\/p>\n<\/div><\/section><\/div>\n\n<style type=\"text\/css\" data-created_by=\"avia_inline_auto\" id=\"style-css-av-1snx71-b176f42626498a83a4523746e0e6d77f\">\n#top .hr.hr-invisible.av-1snx71-b176f42626498a83a4523746e0e6d77f{\nheight:50px;\n}\n<\/style>\n<div  class='hr av-1snx71-b176f42626498a83a4523746e0e6d77f hr-invisible  avia-builder-el-10  el_after_av_one_full  el_before_av_heading '><span class='hr-inner '><span class=\"hr-inner-style\"><\/span><\/span><\/div>\n\n<style type=\"text\/css\" data-created_by=\"avia_inline_auto\" id=\"style-css-av-av_heading-828f2a4beb639e1db0461816f5fdcf71\">\n#top .av-special-heading.av-av_heading-828f2a4beb639e1db0461816f5fdcf71{\npadding-bottom:10px;\n}\nbody .av-special-heading.av-av_heading-828f2a4beb639e1db0461816f5fdcf71 .av-special-heading-tag .heading-char{\nfont-size:25px;\n}\n.av-special-heading.av-av_heading-828f2a4beb639e1db0461816f5fdcf71 .av-subheading{\nfont-size:15px;\n}\n<\/style>\n<div  class='av-special-heading av-av_heading-828f2a4beb639e1db0461816f5fdcf71 av-special-heading-h3  avia-builder-el-11  el_after_av_hr  el_before_av_one_half '><h3 class='av-special-heading-tag '  itemprop=\"headline\"  >+ Ventajas destacadas<\/h3><div class=\"special-heading-border\"><div class=\"special-heading-inner-border\"><\/div><\/div><\/div>\n\n<style type=\"text\/css\" data-created_by=\"avia_inline_auto\" id=\"style-css-av-1gsimd-318ad1f632f1f5596a31c5a488332701\">\n.flex_column.av-1gsimd-318ad1f632f1f5596a31c5a488332701{\nborder-radius:0px 0px 0px 0px;\npadding:0px 0px 0px 0px;\n}\n<\/style>\n<div  class='flex_column av-1gsimd-318ad1f632f1f5596a31c5a488332701 av_one_half  avia-builder-el-12  el_after_av_heading  el_before_av_one_half  first flex_column_div av-zero-column-padding  '     ><div  class='avia-icon-list-container av-1bb5ol-679586ddf004f3fd5d5f92987809a843  avia-builder-el-13  avia-builder-el-no-sibling '><ul class='avia-icon-list avia_animate_when_almost_visible avia-icon-list-left av-iconlist-big av-1bb5ol-679586ddf004f3fd5d5f92987809a843 avia-iconlist-animate'>\n<li><div class='iconlist_icon av-q9c9v-b4b2561b6bf50b05a9aaf9081f7cbe48 avia-font-entypo-fontello avia-iconfont avia-font-entypo-fontello'><span class='av-icon-char' data-av_icon='\ue816' data-av_iconfont='entypo-fontello' aria-hidden=\"true\"><\/span><\/div><article class=\"article-icon-entry av-iconlist-empty\"  itemscope=\"itemscope\" itemtype=\"https:\/\/schema.org\/CreativeWork\" ><div class=\"iconlist_content_wrap\"><header class=\"entry-content-header\" aria-label=\"Icon: Soluciones a medida\"><h4 class='av_iconlist_title iconlist_title  '  itemprop=\"headline\" >Soluciones a medida<\/h4><\/header><div class='iconlist_content '  itemprop=\"text\" ><\/div><\/div><footer class=\"entry-footer\"><\/footer><\/article><div class=\"iconlist-timeline\"><\/div><\/li>\n<li><div class='iconlist_icon av-jlggz-9fac55eef47f45a351dbe33ba5594f3e avia-font-entypo-fontello avia-iconfont avia-font-entypo-fontello'><span class='av-icon-char' data-av_icon='\ue816' data-av_iconfont='entypo-fontello' aria-hidden=\"true\"><\/span><\/div><article class=\"article-icon-entry av-iconlist-empty\"  itemscope=\"itemscope\" itemtype=\"https:\/\/schema.org\/CreativeWork\" ><div class=\"iconlist_content_wrap\"><header class=\"entry-content-header\" aria-label=\"Icon: Procesos altamente eficientes\"><h4 class='av_iconlist_title iconlist_title  '  itemprop=\"headline\" >Procesos altamente eficientes<\/h4><\/header><div class='iconlist_content '  itemprop=\"text\" ><\/div><\/div><footer class=\"entry-footer\"><\/footer><\/article><div class=\"iconlist-timeline\"><\/div><\/li>\n<\/ul><\/div><\/div>\n\n<style type=\"text\/css\" data-created_by=\"avia_inline_auto\" id=\"style-css-av-rawo5-99e292be76c89d2d25fe05a224e7f467\">\n.flex_column.av-rawo5-99e292be76c89d2d25fe05a224e7f467{\nborder-radius:0px 0px 0px 0px;\npadding:0px 0px 0px 0px;\n}\n<\/style>\n<div  class='flex_column av-rawo5-99e292be76c89d2d25fe05a224e7f467 av_one_half  avia-builder-el-14  el_after_av_one_half  avia-builder-el-last  flex_column_div av-zero-column-padding  '     ><div  class='avia-icon-list-container av-jf8h9-5982c811a281b30ebd10712cad37036d  avia-builder-el-15  avia-builder-el-no-sibling '><ul class='avia-icon-list avia_animate_when_almost_visible avia-icon-list-left av-iconlist-big av-jf8h9-5982c811a281b30ebd10712cad37036d avia-iconlist-animate'>\n<li><div class='iconlist_icon av-gef9n-4d7ca9ae23f122531e1d03350ed779fd avia-font-entypo-fontello avia-iconfont avia-font-entypo-fontello'><span class='av-icon-char' data-av_icon='\ue816' data-av_iconfont='entypo-fontello' aria-hidden=\"true\"><\/span><\/div><article class=\"article-icon-entry av-iconlist-empty\"  itemscope=\"itemscope\" itemtype=\"https:\/\/schema.org\/CreativeWork\" ><div class=\"iconlist_content_wrap\"><header class=\"entry-content-header\" aria-label=\"Icon: Sistemas escalables y ampliables\"><h4 class='av_iconlist_title iconlist_title  '  itemprop=\"headline\" >Sistemas escalables y ampliables<\/h4><\/header><div class='iconlist_content '  itemprop=\"text\" ><\/div><\/div><footer class=\"entry-footer\"><\/footer><\/article><div class=\"iconlist-timeline\"><\/div><\/li>\n<li><div class='iconlist_icon av-8la4j-492d256b6bde4f07c172c702e59ee4a6 avia-font-entypo-fontello avia-iconfont avia-font-entypo-fontello'><span class='av-icon-char' data-av_icon='\ue816' data-av_iconfont='entypo-fontello' aria-hidden=\"true\"><\/span><\/div><article class=\"article-icon-entry av-iconlist-empty\"  itemscope=\"itemscope\" itemtype=\"https:\/\/schema.org\/CreativeWork\" ><div class=\"iconlist_content_wrap\"><header class=\"entry-content-header\" aria-label=\"Icon: Seguridad en la planificaci\u00f3n y el presupuesto\"><h4 class='av_iconlist_title iconlist_title  '  itemprop=\"headline\" >Seguridad en la planificaci\u00f3n y el presupuesto<\/h4><\/header><div class='iconlist_content '  itemprop=\"text\" ><\/div><\/div><footer class=\"entry-footer\"><\/footer><\/article><div class=\"iconlist-timeline\"><\/div><\/li>\n<\/ul><\/div><\/div>\n","protected":false},"excerpt":{"rendered":"","protected":false},"author":1,"featured_media":421,"parent":787,"menu_order":0,"comment_status":"closed","ping_status":"closed","template":"","meta":{"inline_featured_image":false,"footnotes":""},"class_list":["post-827","page","type-page","status-publish","has-post-thumbnail","hentry"],"yoast_head":"<!-- This site is optimized with the Yoast SEO plugin v26.3 - https:\/\/yoast.com\/wordpress\/plugins\/seo\/ -->\n<title>Soluciones especiales - SCHMALE LOGTEC ES<\/title>\n<meta name=\"robots\" content=\"index, follow, max-snippet:-1, max-image-preview:large, max-video-preview:-1\" \/>\n<link rel=\"canonical\" href=\"https:\/\/schmale-logtec.de\/es\/productos\/soluciones-especiales\/\" \/>\n<meta property=\"og:locale\" content=\"de_DE\" \/>\n<meta property=\"og:type\" content=\"article\" \/>\n<meta property=\"og:title\" content=\"Soluciones especiales - SCHMALE LOGTEC ES\" \/>\n<meta property=\"og:url\" content=\"https:\/\/schmale-logtec.de\/es\/productos\/soluciones-especiales\/\" \/>\n<meta property=\"og:site_name\" content=\"SCHMALE LOGTEC ES\" \/>\n<meta property=\"article:modified_time\" content=\"2020-02-05T15:13:55+00:00\" \/>\n<meta property=\"og:image\" content=\"https:\/\/schmale-logtec.de\/es\/wp-content\/uploads\/sites\/8\/2018\/03\/sortierpuffer_cad_intralogistik_schmale_logtec_warburg.jpg\" \/>\n\t<meta property=\"og:image:width\" content=\"1500\" \/>\n\t<meta property=\"og:image:height\" content=\"630\" \/>\n\t<meta property=\"og:image:type\" content=\"image\/jpeg\" \/>\n<meta name=\"twitter:card\" content=\"summary_large_image\" \/>\n<meta name=\"twitter:label1\" content=\"Gesch\u00e4tzte Lesezeit\" \/>\n\t<meta name=\"twitter:data1\" content=\"6\u00a0Minuten\" \/>\n<script type=\"application\/ld+json\" class=\"yoast-schema-graph\">{\"@context\":\"https:\/\/schema.org\",\"@graph\":[{\"@type\":\"WebPage\",\"@id\":\"https:\/\/schmale-logtec.de\/es\/productos\/soluciones-especiales\/\",\"url\":\"https:\/\/schmale-logtec.de\/es\/productos\/soluciones-especiales\/\",\"name\":\"Soluciones especiales - SCHMALE LOGTEC ES\",\"isPartOf\":{\"@id\":\"https:\/\/schmale-logtec.de\/es\/#website\"},\"primaryImageOfPage\":{\"@id\":\"https:\/\/schmale-logtec.de\/es\/productos\/soluciones-especiales\/#primaryimage\"},\"image\":{\"@id\":\"https:\/\/schmale-logtec.de\/es\/productos\/soluciones-especiales\/#primaryimage\"},\"thumbnailUrl\":\"https:\/\/schmale-logtec.de\/es\/wp-content\/uploads\/sites\/8\/2018\/03\/sortierpuffer_cad_intralogistik_schmale_logtec_warburg.jpg\",\"datePublished\":\"2019-10-22T11:16:41+00:00\",\"dateModified\":\"2020-02-05T15:13:55+00:00\",\"breadcrumb\":{\"@id\":\"https:\/\/schmale-logtec.de\/es\/productos\/soluciones-especiales\/#breadcrumb\"},\"inLanguage\":\"de\",\"potentialAction\":[{\"@type\":\"ReadAction\",\"target\":[\"https:\/\/schmale-logtec.de\/es\/productos\/soluciones-especiales\/\"]}]},{\"@type\":\"ImageObject\",\"inLanguage\":\"de\",\"@id\":\"https:\/\/schmale-logtec.de\/es\/productos\/soluciones-especiales\/#primaryimage\",\"url\":\"https:\/\/schmale-logtec.de\/es\/wp-content\/uploads\/sites\/8\/2018\/03\/sortierpuffer_cad_intralogistik_schmale_logtec_warburg.jpg\",\"contentUrl\":\"https:\/\/schmale-logtec.de\/es\/wp-content\/uploads\/sites\/8\/2018\/03\/sortierpuffer_cad_intralogistik_schmale_logtec_warburg.jpg\",\"width\":1500,\"height\":630,\"caption\":\"sortierpuffer cad intralogistik schmale logtec warburg\"},{\"@type\":\"BreadcrumbList\",\"@id\":\"https:\/\/schmale-logtec.de\/es\/productos\/soluciones-especiales\/#breadcrumb\",\"itemListElement\":[{\"@type\":\"ListItem\",\"position\":1,\"name\":\"Startseite\",\"item\":\"https:\/\/schmale-logtec.de\/es\/\"},{\"@type\":\"ListItem\",\"position\":2,\"name\":\"Productos\",\"item\":\"https:\/\/schmale-logtec.de\/es\/productos\/\"},{\"@type\":\"ListItem\",\"position\":3,\"name\":\"Soluciones especiales\"}]},{\"@type\":\"WebSite\",\"@id\":\"https:\/\/schmale-logtec.de\/es\/#website\",\"url\":\"https:\/\/schmale-logtec.de\/es\/\",\"name\":\"SCHMALE LOGTEC ES\",\"description\":\"\",\"potentialAction\":[{\"@type\":\"SearchAction\",\"target\":{\"@type\":\"EntryPoint\",\"urlTemplate\":\"https:\/\/schmale-logtec.de\/es\/?s={search_term_string}\"},\"query-input\":{\"@type\":\"PropertyValueSpecification\",\"valueRequired\":true,\"valueName\":\"search_term_string\"}}],\"inLanguage\":\"de\"}]}<\/script>\n<!-- \/ Yoast SEO plugin. -->","yoast_head_json":{"title":"Soluciones especiales - SCHMALE LOGTEC ES","robots":{"index":"index","follow":"follow","max-snippet":"max-snippet:-1","max-image-preview":"max-image-preview:large","max-video-preview":"max-video-preview:-1"},"canonical":"https:\/\/schmale-logtec.de\/es\/productos\/soluciones-especiales\/","og_locale":"de_DE","og_type":"article","og_title":"Soluciones especiales - SCHMALE LOGTEC ES","og_url":"https:\/\/schmale-logtec.de\/es\/productos\/soluciones-especiales\/","og_site_name":"SCHMALE LOGTEC ES","article_modified_time":"2020-02-05T15:13:55+00:00","og_image":[{"width":1500,"height":630,"url":"https:\/\/schmale-logtec.de\/es\/wp-content\/uploads\/sites\/8\/2018\/03\/sortierpuffer_cad_intralogistik_schmale_logtec_warburg.jpg","type":"image\/jpeg"}],"twitter_card":"summary_large_image","twitter_misc":{"Gesch\u00e4tzte Lesezeit":"6\u00a0Minuten"},"schema":{"@context":"https:\/\/schema.org","@graph":[{"@type":"WebPage","@id":"https:\/\/schmale-logtec.de\/es\/productos\/soluciones-especiales\/","url":"https:\/\/schmale-logtec.de\/es\/productos\/soluciones-especiales\/","name":"Soluciones especiales - SCHMALE LOGTEC ES","isPartOf":{"@id":"https:\/\/schmale-logtec.de\/es\/#website"},"primaryImageOfPage":{"@id":"https:\/\/schmale-logtec.de\/es\/productos\/soluciones-especiales\/#primaryimage"},"image":{"@id":"https:\/\/schmale-logtec.de\/es\/productos\/soluciones-especiales\/#primaryimage"},"thumbnailUrl":"https:\/\/schmale-logtec.de\/es\/wp-content\/uploads\/sites\/8\/2018\/03\/sortierpuffer_cad_intralogistik_schmale_logtec_warburg.jpg","datePublished":"2019-10-22T11:16:41+00:00","dateModified":"2020-02-05T15:13:55+00:00","breadcrumb":{"@id":"https:\/\/schmale-logtec.de\/es\/productos\/soluciones-especiales\/#breadcrumb"},"inLanguage":"de","potentialAction":[{"@type":"ReadAction","target":["https:\/\/schmale-logtec.de\/es\/productos\/soluciones-especiales\/"]}]},{"@type":"ImageObject","inLanguage":"de","@id":"https:\/\/schmale-logtec.de\/es\/productos\/soluciones-especiales\/#primaryimage","url":"https:\/\/schmale-logtec.de\/es\/wp-content\/uploads\/sites\/8\/2018\/03\/sortierpuffer_cad_intralogistik_schmale_logtec_warburg.jpg","contentUrl":"https:\/\/schmale-logtec.de\/es\/wp-content\/uploads\/sites\/8\/2018\/03\/sortierpuffer_cad_intralogistik_schmale_logtec_warburg.jpg","width":1500,"height":630,"caption":"sortierpuffer cad intralogistik schmale logtec warburg"},{"@type":"BreadcrumbList","@id":"https:\/\/schmale-logtec.de\/es\/productos\/soluciones-especiales\/#breadcrumb","itemListElement":[{"@type":"ListItem","position":1,"name":"Startseite","item":"https:\/\/schmale-logtec.de\/es\/"},{"@type":"ListItem","position":2,"name":"Productos","item":"https:\/\/schmale-logtec.de\/es\/productos\/"},{"@type":"ListItem","position":3,"name":"Soluciones especiales"}]},{"@type":"WebSite","@id":"https:\/\/schmale-logtec.de\/es\/#website","url":"https:\/\/schmale-logtec.de\/es\/","name":"SCHMALE LOGTEC ES","description":"","potentialAction":[{"@type":"SearchAction","target":{"@type":"EntryPoint","urlTemplate":"https:\/\/schmale-logtec.de\/es\/?s={search_term_string}"},"query-input":{"@type":"PropertyValueSpecification","valueRequired":true,"valueName":"search_term_string"}}],"inLanguage":"de"}]}},"_links":{"self":[{"href":"https:\/\/schmale-logtec.de\/es\/wp-json\/wp\/v2\/pages\/827","targetHints":{"allow":["GET"]}}],"collection":[{"href":"https:\/\/schmale-logtec.de\/es\/wp-json\/wp\/v2\/pages"}],"about":[{"href":"https:\/\/schmale-logtec.de\/es\/wp-json\/wp\/v2\/types\/page"}],"author":[{"embeddable":true,"href":"https:\/\/schmale-logtec.de\/es\/wp-json\/wp\/v2\/users\/1"}],"replies":[{"embeddable":true,"href":"https:\/\/schmale-logtec.de\/es\/wp-json\/wp\/v2\/comments?post=827"}],"version-history":[{"count":5,"href":"https:\/\/schmale-logtec.de\/es\/wp-json\/wp\/v2\/pages\/827\/revisions"}],"predecessor-version":[{"id":924,"href":"https:\/\/schmale-logtec.de\/es\/wp-json\/wp\/v2\/pages\/827\/revisions\/924"}],"up":[{"embeddable":true,"href":"https:\/\/schmale-logtec.de\/es\/wp-json\/wp\/v2\/pages\/787"}],"wp:featuredmedia":[{"embeddable":true,"href":"https:\/\/schmale-logtec.de\/es\/wp-json\/wp\/v2\/media\/421"}],"wp:attachment":[{"href":"https:\/\/schmale-logtec.de\/es\/wp-json\/wp\/v2\/media?parent=827"}],"curies":[{"name":"wp","href":"https:\/\/api.w.org\/{rel}","templated":true}]}}